{"id":2577,"date":"2025-12-15T12:46:58","date_gmt":"2025-12-15T12:46:58","guid":{"rendered":"https:\/\/www.elleetstone.be\/?post_type=product&#038;p=2577"},"modified":"2025-12-15T12:58:07","modified_gmt":"2025-12-15T12:58:07","slug":"collier-zoe-rubis-zoisite-vitalite-harmonie-du-coeur","status":"publish","type":"product","link":"https:\/\/www.elleetstone.be\/index.php\/produit\/collier-zoe-rubis-zoisite-vitalite-harmonie-du-coeur\/","title":{"rendered":"Collier Zo\u00e9 &#8211; Rubis Zoisite &#8211; Vitalit\u00e9 &#038; Harmonie du coeur"},"content":{"rendered":"<p data-start=\"703\" data-end=\"903\">Le <strong data-start=\"706\" data-end=\"726\">ras-de-cou Zo\u00e9 <\/strong>allie finesse et \u00e9nergie gr\u00e2ce \u00e0 ses <strong data-start=\"764\" data-end=\"802\">perles naturelles de rubis zoisite<\/strong>, subtilement espac\u00e9es par de <strong data-start=\"832\" data-end=\"866\">mini n\u0153uds en acier inoxydable<\/strong>, garantissant solidit\u00e9 et confort.<\/p>\n<p data-start=\"905\" data-end=\"1209\">La <strong data-start=\"908\" data-end=\"925\">rubis zoisite<\/strong> est une pierre qui combine <strong data-start=\"953\" data-end=\"989\">vitalit\u00e9 et \u00e9quilibre \u00e9motionnel<\/strong>, favorisant la passion, l\u2019ancrage et l\u2019harmonie.<\/p>\n<p data-start=\"905\" data-end=\"1209\">La <strong data-start=\"1042\" data-end=\"1112\">petite m\u00e9daille en forme de pi\u00e8ce de monnaie 6 mm dor\u00e9e \u00e0 l\u2019or fin<\/strong> apporte une touche lumineuse et symbolique, rappelant abondance, protection et \u00e9nergie positive.<\/p>\n<p data-start=\"1211\" data-end=\"1460\">Port\u00e9 seul, ce ras-de-cou tr\u00e8s fin souligne d\u00e9licatement le cou et le d\u00e9collet\u00e9. Superpos\u00e9 avec d\u2019autres colliers fins, il cr\u00e9e un <strong data-start=\"1342\" data-end=\"1374\">effet boh\u00e8me chic et moderne<\/strong>.<\/p>\n<p data-start=\"1211\" data-end=\"1460\">Chaque d\u00e9tail est pens\u00e9 pour faire de ce bijou un <strong data-start=\"1426\" data-end=\"1459\">talisman discret du quotidien<\/strong>.<\/p>\n<p data-start=\"1198\" data-end=\"1298\"><strong><a href=\"https:\/\/www.elleetstone.be\/index.php\/conseils-et-entretiens\/\">Conseils et Entretiens<\/a><\/strong><\/p>\n","protected":false},"excerpt":{"rendered":"<ul>\n<li>\n<p data-start=\"590\" data-end=\"795\"><strong data-start=\"703\" data-end=\"741\">Ras-de-cou <\/strong>tr\u00e8s fin compos\u00e9 de<strong data-start=\"703\" data-end=\"741\"> perles de rubis zoisite<\/strong><\/p>\n<\/li>\n<li><strong data-start=\"703\" data-end=\"741\">M\u00e9daille pi\u00e8ce de monnaie 6 mm dor\u00e9e \u00e0 l\u2019or fin.\u00a0\u00a0<\/strong><\/li>\n<li>\n<p data-start=\"413\" data-end=\"643\">Longueur: <strong data-start=\"858\" data-end=\"870\">37 &#8211; 42 cm<\/strong> cm (avec chaine extension)<\/p>\n<\/li>\n<li>\n<p data-start=\"413\" data-end=\"643\">Mont\u00e9 avec des <strong data-start=\"923\" data-end=\"954\">appr\u00eats en acier inoxydable<\/strong>, dans mon atelier de Saive<\/p>\n<\/li>\n<li>\n<p data-start=\"2065\" data-end=\"2149\"><em>\u00ab Je rayonne douceur et force int\u00e9rieure, tout en restant prot\u00e9g\u00e9e et align\u00e9e. \u00bb<\/em><\/p>\n<\/li>\n<\/ul>\n","protected":false},"featured_media":2502,"comment_status":"open","ping_status":"closed","template":"","meta":[],"product_brand":[],"product_cat":[26,31],"product_tag":[94,44,82,141,92,139,140,93],"class_list":{"0":"post-2577","1":"product","2":"type-product","3":"status-publish","4":"has-post-thumbnail","6":"product_cat-colliers","7":"product_cat-pierres","8":"product_tag-bijou-artisanal","9":"product_tag-boheme","10":"product_tag-energie-positive","11":"product_tag-medaille-doree","12":"product_tag-pierres-naturelles","13":"product_tag-ras-de-cou","14":"product_tag-rubis-zoisite","15":"product_tag-talisman","17":"first","18":"instock","19":"taxable","20":"shipping-taxable","21":"purchasable","22":"product-type-simple"},"jetpack_sharing_enabled":true,"_links":{"self":[{"href":"https:\/\/www.elleetstone.be\/index.php\/wp-json\/wp\/v2\/product\/2577","targetHints":{"allow":["GET"]}}],"collection":[{"href":"https:\/\/www.elleetstone.be\/index.php\/wp-json\/wp\/v2\/product"}],"about":[{"href":"https:\/\/www.elleetstone.be\/index.php\/wp-json\/wp\/v2\/types\/product"}],"replies":[{"embeddable":true,"href":"https:\/\/www.elleetstone.be\/index.php\/wp-json\/wp\/v2\/comments?post=2577"}],"version-history":[{"count":2,"href":"https:\/\/www.elleetstone.be\/index.php\/wp-json\/wp\/v2\/product\/2577\/revisions"}],"predecessor-version":[{"id":2579,"href":"https:\/\/www.elleetstone.be\/index.php\/wp-json\/wp\/v2\/product\/2577\/revisions\/2579"}],"wp:featuredmedia":[{"embeddable":true,"href":"https:\/\/www.elleetstone.be\/index.php\/wp-json\/wp\/v2\/media\/2502"}],"wp:attachment":[{"href":"https:\/\/www.elleetstone.be\/index.php\/wp-json\/wp\/v2\/media?parent=2577"}],"wp:term":[{"taxonomy":"product_brand","embeddable":true,"href":"https:\/\/www.elleetstone.be\/index.php\/wp-json\/wp\/v2\/product_brand?post=2577"},{"taxonomy":"product_cat","embeddable":true,"href":"https:\/\/www.elleetstone.be\/index.php\/wp-json\/wp\/v2\/product_cat?post=2577"},{"taxonomy":"product_tag","embeddable":true,"href":"https:\/\/www.elleetstone.be\/index.php\/wp-json\/wp\/v2\/product_tag?post=2577"}],"curies":[{"name":"wp","href":"https:\/\/api.w.org\/{rel}","templated":true}]}}