{"id":2569,"date":"2025-12-15T12:26:21","date_gmt":"2025-12-15T12:26:21","guid":{"rendered":"https:\/\/www.elleetstone.be\/?post_type=product&#038;p=2569"},"modified":"2025-12-15T12:46:14","modified_gmt":"2025-12-15T12:46:14","slug":"collier-tanira-agate-indienne-ancrage-et-harmonie","status":"publish","type":"product","link":"https:\/\/www.elleetstone.be\/index.php\/produit\/collier-tanira-agate-indienne-ancrage-et-harmonie\/","title":{"rendered":"Collier Tanira &#8211; Agate Indienne &#8211; Ancrage et Harmonie"},"content":{"rendered":"<p data-start=\"831\" data-end=\"1110\">Le collier <strong data-start=\"842\" data-end=\"856\">Tanira<\/strong> est une ode \u00e0 la nature et \u00e0 l\u2019ancrage.<br data-start=\"896\" data-end=\"899\" \/>Compos\u00e9 de <strong data-start=\"910\" data-end=\"949\">pierres naturelles d\u2019agate indienne<\/strong>, il d\u00e9voile une palette douce et organique de <strong data-start=\"996\" data-end=\"1048\">beiges, verts clairs et fonc\u00e9s, et bruns terreux<\/strong>, rappelant les paysages naturels et les \u00e9l\u00e9ments de la Terre.<\/p>\n<p data-start=\"1112\" data-end=\"1354\">En son centre, un <strong data-start=\"1130\" data-end=\"1168\">cube rectangulaire en agate mousse<\/strong> vient structurer le collier et lui apporter une \u00e9nergie v\u00e9g\u00e9tale puissante. Pierre de croissance et de renouveau, l\u2019agate mousse favorise l\u2019\u00e9quilibre \u00e9motionnel et la reconnexion \u00e0 soi.<\/p>\n<p data-start=\"1356\" data-end=\"1617\">Sa longueur mi-longue (jusqu\u2019\u00e0 <strong data-start=\"1387\" data-end=\"1396\">50 cm<\/strong>) permet un port\u00e9 \u00e9l\u00e9gant et fluide, id\u00e9al <strong data-start=\"1439\" data-end=\"1480\">seul pour un style naturel et raffin\u00e9<\/strong>, ou en accumulation pour un esprit boh\u00e8me chic.<br data-start=\"1528\" data-end=\"1531\" \/>Un collier pens\u00e9 comme un <strong data-start=\"1557\" data-end=\"1593\">talisman d\u2019ancrage et d\u2019harmonie<\/strong>, \u00e0 porter au quotidien.<\/p>\n<p data-start=\"1198\" data-end=\"1298\"><strong><a href=\"https:\/\/www.elleetstone.be\/index.php\/conseils-et-entretiens\/\">Conseils et Entretiens<\/a><\/strong><\/p>\n","protected":false},"excerpt":{"rendered":"<ul>\n<li>\n<p data-start=\"590\" data-end=\"795\">Collier mi-long en <strong data-start=\"627\" data-end=\"655\">agate indienne naturelle<\/strong> aux tons beige, vert et marron, sublim\u00e9 par un <strong data-start=\"703\" data-end=\"741\">cube rectangulaire en agate mousse,\u00a0<\/strong><\/p>\n<\/li>\n<li>\n<p data-start=\"413\" data-end=\"643\">Longueur: <strong data-start=\"858\" data-end=\"870\">45\u201350 cm<\/strong> cm (avec chaine extension)<\/p>\n<\/li>\n<li>Mont\u00e9 avec des <strong data-start=\"923\" data-end=\"954\">appr\u00eats en acier inoxydable<\/strong>, dans mon atelier de Saive<\/li>\n<li>Un bijou harmonisant, ancr\u00e9 et profond\u00e9ment naturel.<\/li>\n<li><em>\u00ab Je m\u2019ancre profond\u00e9ment et avance en harmonie avec la nature et moi-m\u00eame. \u00bb<\/em><\/li>\n<\/ul>\n","protected":false},"featured_media":2526,"comment_status":"open","ping_status":"closed","template":"","meta":[],"product_brand":[],"product_cat":[26,31],"product_tag":[138,137,74,94,44,133,92,93],"class_list":{"0":"post-2569","1":"product","2":"type-product","3":"status-publish","4":"has-post-thumbnail","6":"product_cat-colliers","7":"product_cat-pierres","8":"product_tag-agate-indienne","9":"product_tag-agate-mousse","10":"product_tag-ancrage","11":"product_tag-bijou-artisanal","12":"product_tag-boheme","13":"product_tag-harmonie","14":"product_tag-pierres-naturelles","15":"product_tag-talisman","17":"first","18":"instock","19":"taxable","20":"shipping-taxable","21":"purchasable","22":"product-type-simple"},"jetpack_sharing_enabled":true,"_links":{"self":[{"href":"https:\/\/www.elleetstone.be\/index.php\/wp-json\/wp\/v2\/product\/2569","targetHints":{"allow":["GET"]}}],"collection":[{"href":"https:\/\/www.elleetstone.be\/index.php\/wp-json\/wp\/v2\/product"}],"about":[{"href":"https:\/\/www.elleetstone.be\/index.php\/wp-json\/wp\/v2\/types\/product"}],"replies":[{"embeddable":true,"href":"https:\/\/www.elleetstone.be\/index.php\/wp-json\/wp\/v2\/comments?post=2569"}],"version-history":[{"count":2,"href":"https:\/\/www.elleetstone.be\/index.php\/wp-json\/wp\/v2\/product\/2569\/revisions"}],"predecessor-version":[{"id":2576,"href":"https:\/\/www.elleetstone.be\/index.php\/wp-json\/wp\/v2\/product\/2569\/revisions\/2576"}],"wp:featuredmedia":[{"embeddable":true,"href":"https:\/\/www.elleetstone.be\/index.php\/wp-json\/wp\/v2\/media\/2526"}],"wp:attachment":[{"href":"https:\/\/www.elleetstone.be\/index.php\/wp-json\/wp\/v2\/media?parent=2569"}],"wp:term":[{"taxonomy":"product_brand","embeddable":true,"href":"https:\/\/www.elleetstone.be\/index.php\/wp-json\/wp\/v2\/product_brand?post=2569"},{"taxonomy":"product_cat","embeddable":true,"href":"https:\/\/www.elleetstone.be\/index.php\/wp-json\/wp\/v2\/product_cat?post=2569"},{"taxonomy":"product_tag","embeddable":true,"href":"https:\/\/www.elleetstone.be\/index.php\/wp-json\/wp\/v2\/product_tag?post=2569"}],"curies":[{"name":"wp","href":"https:\/\/api.w.org\/{rel}","templated":true}]}}