{"id":2565,"date":"2025-12-15T11:55:42","date_gmt":"2025-12-15T11:55:42","guid":{"rendered":"https:\/\/www.elleetstone.be\/?post_type=product&#038;p=2565"},"modified":"2025-12-15T12:23:44","modified_gmt":"2025-12-15T12:23:44","slug":"sautoir-dualia-gaia-malachite-transformation-et-protection","status":"publish","type":"product","link":"https:\/\/www.elleetstone.be\/index.php\/produit\/sautoir-dualia-gaia-malachite-transformation-et-protection\/","title":{"rendered":"Sautoir Dualia Ga\u00efa &#8211; Malachite &#8211; Transformation et Protection"},"content":{"rendered":"<p data-start=\"569\" data-end=\"685\">Le sautoir <strong data-start=\"945\" data-end=\"971\">Dualia Ga\u00efa<\/strong> est une pi\u00e8ce forte et lumineuse qui associe la modernit\u00e9 de la <strong data-start=\"1036\" data-end=\"1066\">maille en acier inoxydable<\/strong> \u00e0 la douceur vibrante des <strong data-start=\"1093\" data-end=\"1115\">pierres naturelles<\/strong>.<\/p>\n<p data-start=\"1118\" data-end=\"1366\">La <strong data-start=\"1121\" data-end=\"1134\">malachite<\/strong>, pierre de transformation et de protection, accompagne les changements int\u00e9rieurs avec force et conscience.<br data-start=\"1242\" data-end=\"1245\" \/>La <strong data-start=\"1248\" data-end=\"1263\">chrysocolle<\/strong>, pierre d\u2019apaisement et de communication du c\u0153ur, invite \u00e0 la s\u00e9r\u00e9nit\u00e9 et \u00e0 l\u2019expression juste de soi.<\/p>\n<p data-start=\"1368\" data-end=\"1690\">La longueur <strong data-start=\"1380\" data-end=\"1389\">80 cm<\/strong> permet un port\u00e9 fluide et \u00e9l\u00e9gant, parfait seul pour sublimer une tenue ou en superposition pour un style boh\u00e8me affirm\u00e9.<br data-start=\"1511\" data-end=\"1514\" \/>Les <strong data-start=\"1518\" data-end=\"1562\">pendentifs et breloques dor\u00e9s \u00e0 l\u2019or fin<\/strong> apportent une touche solaire et raffin\u00e9e, contrastant d\u00e9licatement avec les teintes vert profond et bleu turquoise des pierres.<\/p>\n<p data-start=\"1692\" data-end=\"1783\">Un sautoir pens\u00e9 comme un <strong data-start=\"1718\" data-end=\"1743\">talisman du quotidien<\/strong>, reliant la Terre, l\u2019eau et la lumi\u00e8re.<\/p>\n<p data-start=\"1198\" data-end=\"1298\"><strong><a href=\"https:\/\/www.elleetstone.be\/index.php\/conseils-et-entretiens\/\">Conseils et Entretiens<\/a><\/strong><\/p>\n","protected":false},"excerpt":{"rendered":"<ul>\n<li>Sautoir long <strong data-start=\"677\" data-end=\"686\">80 cm<\/strong> en <strong data-start=\"690\" data-end=\"717\">maille acier inoxydable<\/strong>, orn\u00e9 de <strong data-start=\"727\" data-end=\"740\">malachite<\/strong> et <strong data-start=\"744\" data-end=\"770\">chrysocolle naturelles<\/strong>,<\/li>\n<li><strong data-start=\"777\" data-end=\"821\">Pendentifs et breloques dor\u00e9s \u00e0 l\u2019or fin,<\/strong><\/li>\n<li>Symbole d\u2019<strong data-start=\"855\" data-end=\"897\">harmonie, protection et transformation<\/strong>.<\/li>\n<li><em>\u00ab Je me transforme en douceur, prot\u00e9g\u00e9e et align\u00e9e avec mon c\u0153ur. \u00bb<\/em><\/li>\n<li>Fabriqu\u00e9 \u00e0 la main dans mon atelier de Saive<\/li>\n<\/ul>\n","protected":false},"featured_media":2517,"comment_status":"open","ping_status":"closed","template":"","meta":[],"product_brand":[],"product_cat":[26,31],"product_tag":[94,44,42,136,92,43,95,93,45],"class_list":{"0":"post-2565","1":"product","2":"type-product","3":"status-publish","4":"has-post-thumbnail","6":"product_cat-colliers","7":"product_cat-pierres","8":"product_tag-bijou-artisanal","9":"product_tag-boheme","10":"product_tag-malachite","11":"product_tag-ouverture-du-coeur","12":"product_tag-pierres-naturelles","13":"product_tag-protection","14":"product_tag-sautoir","15":"product_tag-talisman","16":"product_tag-transformation","18":"first","19":"instock","20":"taxable","21":"shipping-taxable","22":"purchasable","23":"product-type-simple"},"jetpack_sharing_enabled":true,"_links":{"self":[{"href":"https:\/\/www.elleetstone.be\/index.php\/wp-json\/wp\/v2\/product\/2565","targetHints":{"allow":["GET"]}}],"collection":[{"href":"https:\/\/www.elleetstone.be\/index.php\/wp-json\/wp\/v2\/product"}],"about":[{"href":"https:\/\/www.elleetstone.be\/index.php\/wp-json\/wp\/v2\/types\/product"}],"replies":[{"embeddable":true,"href":"https:\/\/www.elleetstone.be\/index.php\/wp-json\/wp\/v2\/comments?post=2565"}],"version-history":[{"count":3,"href":"https:\/\/www.elleetstone.be\/index.php\/wp-json\/wp\/v2\/product\/2565\/revisions"}],"predecessor-version":[{"id":2568,"href":"https:\/\/www.elleetstone.be\/index.php\/wp-json\/wp\/v2\/product\/2565\/revisions\/2568"}],"wp:featuredmedia":[{"embeddable":true,"href":"https:\/\/www.elleetstone.be\/index.php\/wp-json\/wp\/v2\/media\/2517"}],"wp:attachment":[{"href":"https:\/\/www.elleetstone.be\/index.php\/wp-json\/wp\/v2\/media?parent=2565"}],"wp:term":[{"taxonomy":"product_brand","embeddable":true,"href":"https:\/\/www.elleetstone.be\/index.php\/wp-json\/wp\/v2\/product_brand?post=2565"},{"taxonomy":"product_cat","embeddable":true,"href":"https:\/\/www.elleetstone.be\/index.php\/wp-json\/wp\/v2\/product_cat?post=2565"},{"taxonomy":"product_tag","embeddable":true,"href":"https:\/\/www.elleetstone.be\/index.php\/wp-json\/wp\/v2\/product_tag?post=2565"}],"curies":[{"name":"wp","href":"https:\/\/api.w.org\/{rel}","templated":true}]}}