{"id":2563,"date":"2025-12-15T11:43:42","date_gmt":"2025-12-15T11:43:42","guid":{"rendered":"https:\/\/www.elleetstone.be\/?post_type=product&#038;p=2563"},"modified":"2025-12-15T11:55:05","modified_gmt":"2025-12-15T11:55:05","slug":"collier-gaia-malachite-transformation-protection","status":"publish","type":"product","link":"https:\/\/www.elleetstone.be\/index.php\/produit\/collier-gaia-malachite-transformation-protection\/","title":{"rendered":"Collier Ga\u00efa &#8211; Malachite &#8211; Transformation &#038; Protection"},"content":{"rendered":"<p data-start=\"1085\" data-end=\"1341\">Le collier <strong data-start=\"1096\" data-end=\"1113\">GA\u00cfA<\/strong>\u00a0est une ode \u00e0 la nature et \u00e0 l\u2019\u00e9nergie du c\u0153ur.<br data-start=\"1161\" data-end=\"1164\" \/>Compos\u00e9 de <strong data-start=\"1175\" data-end=\"1217\">petites pierres de malachite facett\u00e9es<\/strong>, il capte subtilement la lumi\u00e8re et r\u00e9v\u00e8le les magnifiques nuances vert profond caract\u00e9ristiques de cette pierre puissante.<\/p>\n<p data-start=\"1343\" data-end=\"1585\">La <strong data-start=\"1346\" data-end=\"1359\">malachite<\/strong> est reconnue comme une pierre de <strong data-start=\"1393\" data-end=\"1428\">transformation et de protection<\/strong>, accompagnant les changements int\u00e9rieurs avec douceur et courage. Son \u00e9nergie enveloppante aide \u00e0 lib\u00e9rer les blocages \u00e9motionnels et \u00e0 renforcer l\u2019ancrage.<\/p>\n<p data-start=\"1587\" data-end=\"1861\">Sa longueur ajustable <strong data-start=\"1609\" data-end=\"1621\">46\u201351 cm<\/strong> permet un port\u00e9 \u00e9l\u00e9gant, l\u00e9g\u00e8rement d\u00e9gag\u00e9 du cou, id\u00e9al <strong data-start=\"1679\" data-end=\"1719\">seul pour un look naturel et raffin\u00e9<\/strong>, ou en accumulation pour un style boh\u00e8me chic.<br data-start=\"1766\" data-end=\"1769\" \/>Les <strong data-start=\"1773\" data-end=\"1804\">appr\u00eats en acier inoxydable<\/strong> assurent durabilit\u00e9, confort et r\u00e9sistance au quotidien.<\/p>\n<p data-start=\"1863\" data-end=\"1970\">Un collier \u00e0 la fois <strong data-start=\"1884\" data-end=\"1912\">esth\u00e9tique et symbolique<\/strong>, pens\u00e9 comme un <strong data-start=\"1929\" data-end=\"1969\">talisman de renouveau et d\u2019\u00e9quilibre<\/strong>.<\/p>\n<p data-start=\"1198\" data-end=\"1298\"><strong><a href=\"https:\/\/www.elleetstone.be\/index.php\/conseils-et-entretiens\/\">Conseils et Entretiens<\/a><\/strong><\/p>\n","protected":false},"excerpt":{"rendered":"<ul>\n<li>\n<p data-start=\"413\" data-end=\"643\">Collier mi-long en <strong data-start=\"874\" data-end=\"906\">malachite naturelle facett\u00e9e<\/strong>,<\/p>\n<\/li>\n<li>\n<p data-start=\"413\" data-end=\"643\">Longueur: <strong data-start=\"858\" data-end=\"870\">46\u201351 cm<\/strong> cm (avec chaine extension)<\/p>\n<\/li>\n<li>Mont\u00e9 avec des <strong data-start=\"923\" data-end=\"954\">appr\u00eats en acier inoxydable<\/strong>, dans mon atelier de Saive<\/li>\n<li>Un bijou \u00e9l\u00e9gant et vibrant, symbole de <strong data-start=\"996\" data-end=\"1050\">transformation, protection et connexion \u00e0 la Terre<\/strong><\/li>\n<li><strong>\u00ab J\u2019accueille le changement avec confiance et me lib\u00e8re de ce qui ne me sert plus. \u00bb<\/strong><\/li>\n<\/ul>\n","protected":false},"featured_media":2506,"comment_status":"open","ping_status":"closed","template":"","meta":[],"product_brand":[],"product_cat":[26,31],"product_tag":[94,44,42,136,92,43,93,45],"class_list":{"0":"post-2563","1":"product","2":"type-product","3":"status-publish","4":"has-post-thumbnail","6":"product_cat-colliers","7":"product_cat-pierres","8":"product_tag-bijou-artisanal","9":"product_tag-boheme","10":"product_tag-malachite","11":"product_tag-ouverture-du-coeur","12":"product_tag-pierres-naturelles","13":"product_tag-protection","14":"product_tag-talisman","15":"product_tag-transformation","17":"first","18":"instock","19":"taxable","20":"shipping-taxable","21":"purchasable","22":"product-type-simple"},"jetpack_sharing_enabled":true,"_links":{"self":[{"href":"https:\/\/www.elleetstone.be\/index.php\/wp-json\/wp\/v2\/product\/2563","targetHints":{"allow":["GET"]}}],"collection":[{"href":"https:\/\/www.elleetstone.be\/index.php\/wp-json\/wp\/v2\/product"}],"about":[{"href":"https:\/\/www.elleetstone.be\/index.php\/wp-json\/wp\/v2\/types\/product"}],"replies":[{"embeddable":true,"href":"https:\/\/www.elleetstone.be\/index.php\/wp-json\/wp\/v2\/comments?post=2563"}],"version-history":[{"count":1,"href":"https:\/\/www.elleetstone.be\/index.php\/wp-json\/wp\/v2\/product\/2563\/revisions"}],"predecessor-version":[{"id":2564,"href":"https:\/\/www.elleetstone.be\/index.php\/wp-json\/wp\/v2\/product\/2563\/revisions\/2564"}],"wp:featuredmedia":[{"embeddable":true,"href":"https:\/\/www.elleetstone.be\/index.php\/wp-json\/wp\/v2\/media\/2506"}],"wp:attachment":[{"href":"https:\/\/www.elleetstone.be\/index.php\/wp-json\/wp\/v2\/media?parent=2563"}],"wp:term":[{"taxonomy":"product_brand","embeddable":true,"href":"https:\/\/www.elleetstone.be\/index.php\/wp-json\/wp\/v2\/product_brand?post=2563"},{"taxonomy":"product_cat","embeddable":true,"href":"https:\/\/www.elleetstone.be\/index.php\/wp-json\/wp\/v2\/product_cat?post=2563"},{"taxonomy":"product_tag","embeddable":true,"href":"https:\/\/www.elleetstone.be\/index.php\/wp-json\/wp\/v2\/product_tag?post=2563"}],"curies":[{"name":"wp","href":"https:\/\/api.w.org\/{rel}","templated":true}]}}