{"id":2559,"date":"2025-12-09T12:26:27","date_gmt":"2025-12-09T12:26:27","guid":{"rendered":"https:\/\/www.elleetstone.be\/?post_type=product&#038;p=2559"},"modified":"2025-12-09T12:41:32","modified_gmt":"2025-12-09T12:41:32","slug":"sautoir-dualia-rubis-saphir-vitalite-renouveau","status":"publish","type":"product","link":"https:\/\/www.elleetstone.be\/index.php\/produit\/sautoir-dualia-rubis-saphir-vitalite-renouveau\/","title":{"rendered":"Sautoir Dualia &#8211; Rubis Saphir- Vitalit\u00e9 &#038; Renouveau"},"content":{"rendered":"<p data-start=\"569\" data-end=\"685\">Le <strong data-start=\"572\" data-end=\"598\">sautoir Dualia Phoenix<\/strong> allie la beaut\u00e9 des <strong data-start=\"619\" data-end=\"641\">pierres naturelles<\/strong> \u00e0 l\u2019\u00e9nergie symbolique d\u2019un <strong data-start=\"670\" data-end=\"681\">phoenix<\/strong> :<\/p>\n<ul data-start=\"687\" data-end=\"834\">\n<li data-start=\"687\" data-end=\"731\">\n<p data-start=\"689\" data-end=\"731\"><strong data-start=\"689\" data-end=\"698\">Rubis<\/strong> \u2013 vitalit\u00e9, courage et passion<\/p>\n<\/li>\n<li data-start=\"732\" data-end=\"778\">\n<p data-start=\"734\" data-end=\"778\"><strong data-start=\"734\" data-end=\"746\">H\u00e9matite<\/strong> \u2013 ancrage, force et \u00e9quilibre<\/p>\n<\/li>\n<li data-start=\"779\" data-end=\"834\">\n<p data-start=\"781\" data-end=\"834\"><strong data-start=\"781\" data-end=\"791\">Saphir<\/strong> \u2013 sagesse, protection et clart\u00e9 d\u2019esprit<\/p>\n<\/li>\n<\/ul>\n<p data-start=\"836\" data-end=\"1023\">La <strong data-start=\"839\" data-end=\"878\">cha\u00eene \u201csoleil\u201d en acier inoxydable<\/strong> accentue la luminosit\u00e9 et la fluidit\u00e9 du bijou, tandis que la <strong data-start=\"941\" data-end=\"960\">breloque ph\u00e9nix<\/strong> \u00e9voque <strong data-start=\"968\" data-end=\"1020\">le renouveau, la r\u00e9silience et la transformation<\/strong>.<\/p>\n<p data-start=\"1025\" data-end=\"1270\">Ce sautoir peut se porter <strong data-start=\"1051\" data-end=\"1093\">tel quel pour un effet long et \u00e9l\u00e9gant<\/strong>, ou en double tour pour un style plus court et superpos\u00e9. Un <strong data-start=\"1155\" data-end=\"1180\">talisman du quotidien<\/strong>, parfait pour illuminer vos tenues tout en diffusant une \u00e9nergie positive et protectrice.<\/p>\n<p data-start=\"1198\" data-end=\"1298\"><strong><a href=\"https:\/\/www.elleetstone.be\/index.php\/conseils-et-entretiens\/\">Conseils et Entretiens<\/a><\/strong><\/p>\n","protected":false},"excerpt":{"rendered":"<ul>\n<li>Sautoir en <strong data-start=\"318\" data-end=\"354\">perles naturelles de rubis, saphir et h\u00e9matite dor\u00e9 <\/strong>avec pendentif phoenix garni d&rsquo;une pierre de lune<\/li>\n<li>Fermoirs et Accessoires en acier inoxydable<\/li>\n<li>Taille de 85 cm (pendentifs inclus)<\/li>\n<li><em>\u00ab\u00a0Je rayonne confiance, \u00e9nergie et renouveau.\u201d<\/em><\/li>\n<li>Fabriqu\u00e9 \u00e0 la main dans mon atelier li\u00e9geois<\/li>\n<\/ul>\n","protected":false},"featured_media":2562,"comment_status":"open","ping_status":"closed","template":"","meta":[],"product_brand":[],"product_cat":[26,31],"product_tag":[94,44,90,128,129,134,92,135,123,127,95,93],"class_list":{"0":"post-2559","1":"product","2":"type-product","3":"status-publish","4":"has-post-thumbnail","6":"product_cat-colliers","7":"product_cat-pierres","8":"product_tag-bijou-artisanal","9":"product_tag-boheme","10":"product_tag-confiance","11":"product_tag-energie","12":"product_tag-hematite","13":"product_tag-phoenix","14":"product_tag-pierres-naturelles","15":"product_tag-renouveau","16":"product_tag-rubis","17":"product_tag-saphir","18":"product_tag-sautoir","19":"product_tag-talisman","21":"first","22":"instock","23":"taxable","24":"shipping-taxable","25":"purchasable","26":"product-type-simple"},"jetpack_sharing_enabled":true,"_links":{"self":[{"href":"https:\/\/www.elleetstone.be\/index.php\/wp-json\/wp\/v2\/product\/2559","targetHints":{"allow":["GET"]}}],"collection":[{"href":"https:\/\/www.elleetstone.be\/index.php\/wp-json\/wp\/v2\/product"}],"about":[{"href":"https:\/\/www.elleetstone.be\/index.php\/wp-json\/wp\/v2\/types\/product"}],"replies":[{"embeddable":true,"href":"https:\/\/www.elleetstone.be\/index.php\/wp-json\/wp\/v2\/comments?post=2559"}],"version-history":[{"count":2,"href":"https:\/\/www.elleetstone.be\/index.php\/wp-json\/wp\/v2\/product\/2559\/revisions"}],"predecessor-version":[{"id":2561,"href":"https:\/\/www.elleetstone.be\/index.php\/wp-json\/wp\/v2\/product\/2559\/revisions\/2561"}],"wp:featuredmedia":[{"embeddable":true,"href":"https:\/\/www.elleetstone.be\/index.php\/wp-json\/wp\/v2\/media\/2562"}],"wp:attachment":[{"href":"https:\/\/www.elleetstone.be\/index.php\/wp-json\/wp\/v2\/media?parent=2559"}],"wp:term":[{"taxonomy":"product_brand","embeddable":true,"href":"https:\/\/www.elleetstone.be\/index.php\/wp-json\/wp\/v2\/product_brand?post=2559"},{"taxonomy":"product_cat","embeddable":true,"href":"https:\/\/www.elleetstone.be\/index.php\/wp-json\/wp\/v2\/product_cat?post=2559"},{"taxonomy":"product_tag","embeddable":true,"href":"https:\/\/www.elleetstone.be\/index.php\/wp-json\/wp\/v2\/product_tag?post=2559"}],"curies":[{"name":"wp","href":"https:\/\/api.w.org\/{rel}","templated":true}]}}