{"id":2554,"date":"2025-12-09T12:13:24","date_gmt":"2025-12-09T12:13:24","guid":{"rendered":"https:\/\/www.elleetstone.be\/?post_type=product&#038;p=2554"},"modified":"2025-12-09T12:24:31","modified_gmt":"2025-12-09T12:24:31","slug":"collier-fortuna-2-chance","status":"publish","type":"product","link":"https:\/\/www.elleetstone.be\/index.php\/produit\/collier-fortuna-2-chance\/","title":{"rendered":"Collier Fortuna 2- Chance"},"content":{"rendered":"<p data-start=\"678\" data-end=\"768\">Le collier <strong data-start=\"689\" data-end=\"700\">Fortuna<\/strong> associe deux pierres naturelles aux propri\u00e9t\u00e9s compl\u00e9mentaires :<\/p>\n<ul data-start=\"770\" data-end=\"924\">\n<li data-start=\"770\" data-end=\"822\">\n<p data-start=\"772\" data-end=\"822\"><strong data-start=\"772\" data-end=\"789\">Rubis chauff\u00e9<\/strong> : passion, vitalit\u00e9 et courage<\/p>\n<\/li>\n<li data-start=\"823\" data-end=\"877\">\n<p data-start=\"825\" data-end=\"877\"><strong data-start=\"825\" data-end=\"835\">Saphir<\/strong> : sagesse, protection et clart\u00e9 mentale<\/p>\n<\/li>\n<li data-start=\"823\" data-end=\"877\">\n<p data-start=\"825\" data-end=\"877\">Ces pierres sont subtilement assembl\u00e9es sur un <strong data-start=\"973\" data-end=\"1008\">fil c\u00e2bl\u00e9 r\u00e9sistant et ajustable (48-53 cm)<\/strong>, mettant en valeur le <strong data-start=\"1031\" data-end=\"1067\">pendentif rond, lune et soleil,<\/strong> symbole d\u2019harmonie.<\/p>\n<\/li>\n<\/ul>\n<p data-start=\"1105\" data-end=\"1264\">Le collier peut \u00eatre port\u00e9 <strong data-start=\"1132\" data-end=\"1172\">seul pour un look raffin\u00e9 et discret<\/strong>, ou <strong data-start=\"1177\" data-end=\"1213\">superpos\u00e9 avec d\u2019autres colliers<\/strong> pour cr\u00e9er une accumulation \u00e9l\u00e9gante et moderne.<\/p>\n<p data-start=\"1266\" data-end=\"1407\">Un v\u00e9ritable <strong data-start=\"1279\" data-end=\"1304\">talisman du quotidien<\/strong>, con\u00e7u pour <strong data-start=\"1317\" data-end=\"1370\">apporter confiance, \u00e9quilibre et \u00e9nergie positive<\/strong>, tout en sublimant le style f\u00e9minin.<\/p>\n<p data-start=\"1198\" data-end=\"1298\"><strong><a href=\"https:\/\/www.elleetstone.be\/index.php\/conseils-et-entretiens\/\">Conseils et Entretiens<\/a><\/strong><\/p>\n","protected":false},"excerpt":{"rendered":"<ul>\n<li>\n<p data-start=\"413\" data-end=\"643\">Collier mi-long en <strong data-start=\"435\" data-end=\"472\">rubis chauff\u00e9, saphir et pendentif rond <\/strong>en acier inoxydable et zircon (15 mm)<\/p>\n<\/li>\n<li>\n<p data-start=\"413\" data-end=\"643\">Longueur: 48- 53 cm (avec chaine extension)<\/p>\n<\/li>\n<li><em>\u201cJe suis prot\u00e9g\u00e9e et guid\u00e9e par ma chance et ma lumi\u00e8re int\u00e9rieure.\u201d<\/em><\/li>\n<li>Vitalit\u00e9, Courage, Protection, Sagesse, Equilibre<\/li>\n<li>Fabriqu\u00e9 \u00e0 la main dans mon atelier li\u00e9geois<\/li>\n<\/ul>\n","protected":false},"featured_media":2507,"comment_status":"open","ping_status":"closed","template":"","meta":[],"product_brand":[],"product_cat":[26,31],"product_tag":[94,44,133,131,92,123,127,132,93,126],"class_list":{"0":"post-2554","1":"product","2":"type-product","3":"status-publish","4":"has-post-thumbnail","6":"product_cat-colliers","7":"product_cat-pierres","8":"product_tag-bijou-artisanal","9":"product_tag-boheme","10":"product_tag-harmonie","11":"product_tag-lune","12":"product_tag-pierres-naturelles","13":"product_tag-rubis","14":"product_tag-saphir","15":"product_tag-soleil","16":"product_tag-talisman","17":"product_tag-vitalite","19":"first","20":"instock","21":"taxable","22":"shipping-taxable","23":"purchasable","24":"product-type-simple"},"jetpack_sharing_enabled":true,"_links":{"self":[{"href":"https:\/\/www.elleetstone.be\/index.php\/wp-json\/wp\/v2\/product\/2554","targetHints":{"allow":["GET"]}}],"collection":[{"href":"https:\/\/www.elleetstone.be\/index.php\/wp-json\/wp\/v2\/product"}],"about":[{"href":"https:\/\/www.elleetstone.be\/index.php\/wp-json\/wp\/v2\/types\/product"}],"replies":[{"embeddable":true,"href":"https:\/\/www.elleetstone.be\/index.php\/wp-json\/wp\/v2\/comments?post=2554"}],"version-history":[{"count":2,"href":"https:\/\/www.elleetstone.be\/index.php\/wp-json\/wp\/v2\/product\/2554\/revisions"}],"predecessor-version":[{"id":2556,"href":"https:\/\/www.elleetstone.be\/index.php\/wp-json\/wp\/v2\/product\/2554\/revisions\/2556"}],"wp:featuredmedia":[{"embeddable":true,"href":"https:\/\/www.elleetstone.be\/index.php\/wp-json\/wp\/v2\/media\/2507"}],"wp:attachment":[{"href":"https:\/\/www.elleetstone.be\/index.php\/wp-json\/wp\/v2\/media?parent=2554"}],"wp:term":[{"taxonomy":"product_brand","embeddable":true,"href":"https:\/\/www.elleetstone.be\/index.php\/wp-json\/wp\/v2\/product_brand?post=2554"},{"taxonomy":"product_cat","embeddable":true,"href":"https:\/\/www.elleetstone.be\/index.php\/wp-json\/wp\/v2\/product_cat?post=2554"},{"taxonomy":"product_tag","embeddable":true,"href":"https:\/\/www.elleetstone.be\/index.php\/wp-json\/wp\/v2\/product_tag?post=2554"}],"curies":[{"name":"wp","href":"https:\/\/api.w.org\/{rel}","templated":true}]}}