{"id":2542,"date":"2025-12-09T11:19:25","date_gmt":"2025-12-09T11:19:25","guid":{"rendered":"https:\/\/www.elleetstone.be\/?post_type=product&#038;p=2542"},"modified":"2025-12-09T11:57:25","modified_gmt":"2025-12-09T11:57:25","slug":"collier-ruby-transformation-courage","status":"publish","type":"product","link":"https:\/\/www.elleetstone.be\/index.php\/produit\/collier-ruby-transformation-courage\/","title":{"rendered":"Collier Ruby &#8211;  Transformation &#038; Courage"},"content":{"rendered":"<p data-start=\"577\" data-end=\"700\">Ce collier associe trois pierres puissantes pour cr\u00e9er une pi\u00e8ce \u00e0 la fois <strong data-start=\"652\" data-end=\"696\">chic, color\u00e9e et profond\u00e9ment symbolique<\/strong> :<\/p>\n<ul data-start=\"702\" data-end=\"887\">\n<li data-start=\"702\" data-end=\"758\">\n<p data-start=\"704\" data-end=\"758\"><strong data-start=\"704\" data-end=\"721\">Rubis chauff\u00e9<\/strong>, pierre de vitalit\u00e9 et de courage,<\/p>\n<\/li>\n<li data-start=\"759\" data-end=\"827\">\n<p data-start=\"761\" data-end=\"827\"><strong data-start=\"761\" data-end=\"774\">Malachite<\/strong>, pierre d\u2019ancrage \u00e9motionnel et de transformation,<\/p>\n<\/li>\n<li data-start=\"828\" data-end=\"887\">\n<p data-start=\"830\" data-end=\"887\"><strong data-start=\"830\" data-end=\"840\">Saphir<\/strong>, symbole de sagesse int\u00e9rieure et de v\u00e9rit\u00e9.<\/p>\n<\/li>\n<\/ul>\n<p data-start=\"889\" data-end=\"1089\">Le m\u00e9lange de ces teintes \u2014 <strong data-start=\"917\" data-end=\"963\">rouge fuschia, vert mystique et bleu profond <\/strong>\u00a0\u2014 cr\u00e9e un collier au caract\u00e8re affirm\u00e9, parfait pour sublimer une tenue ou ajouter une touche talismanique \u00e0 ton quotidien.<\/p>\n<p data-start=\"1091\" data-end=\"1363\">La longueur r\u00e9glable <strong data-start=\"1112\" data-end=\"1124\">42\u201347 cm<\/strong> permet un port\u00e9 <strong data-start=\"1141\" data-end=\"1156\">pr\u00e8s du cou<\/strong>, id\u00e9al seul pour un look affirm\u00e9 ou en superposition pour un style plus boh\u00e8me chic.<br data-start=\"1241\" data-end=\"1244\" \/>Les appr\u00eats et le fermoir en <strong data-start=\"1273\" data-end=\"1298\">acier inoxydable dor\u00e9<\/strong> garantissent une finition \u00e9l\u00e9gante, durable et hypoallerg\u00e9nique.<\/p>\n<p data-start=\"1365\" data-end=\"1447\">Un v\u00e9ritable <strong data-start=\"1378\" data-end=\"1398\">collier talisman<\/strong>, m\u00ealant gu\u00e9rison, force int\u00e9rieure et intuition.<\/p>\n<p data-start=\"1198\" data-end=\"1298\"><strong><a href=\"https:\/\/www.elleetstone.be\/index.php\/conseils-et-entretiens\/\">Conseils et Entretiens<\/a><\/strong><\/p>\n","protected":false},"excerpt":{"rendered":"<ul>\n<li>Collier <strong data-start=\"300\" data-end=\"314\">court<\/strong> en <strong data-start=\"318\" data-end=\"354\">perles naturelles: Rubis chauff\u00e9, Malachite, Saphir<\/strong><\/li>\n<li>Fermoir et appr\u00eats en acier inoxydable et dor\u00e9 \u00e0 l&rsquo;or fin<\/li>\n<li>Taille de 42 \u00e0 47 cm (gr\u00e2ce \u00e0 sa chainette d&rsquo;extension)<\/li>\n<li><em data-start=\"2091\" data-end=\"2168\">\u201cJe me transforme en profondeur et avance avec force, clart\u00e9 et confiance.\u201d<\/em><\/li>\n<li>Fabriqu\u00e9 \u00e0 la main dans mon atelier li\u00e9geois<\/li>\n<\/ul>\n","protected":false},"featured_media":2543,"comment_status":"open","ping_status":"closed","template":"","meta":[],"product_brand":[],"product_cat":[26,31],"product_tag":[94,44,128,42,92,43,123,127,93,45],"class_list":{"0":"post-2542","1":"product","2":"type-product","3":"status-publish","4":"has-post-thumbnail","6":"product_cat-colliers","7":"product_cat-pierres","8":"product_tag-bijou-artisanal","9":"product_tag-boheme","10":"product_tag-energie","11":"product_tag-malachite","12":"product_tag-pierres-naturelles","13":"product_tag-protection","14":"product_tag-rubis","15":"product_tag-saphir","16":"product_tag-talisman","17":"product_tag-transformation","19":"first","20":"instock","21":"taxable","22":"shipping-taxable","23":"purchasable","24":"product-type-simple"},"jetpack_sharing_enabled":true,"_links":{"self":[{"href":"https:\/\/www.elleetstone.be\/index.php\/wp-json\/wp\/v2\/product\/2542","targetHints":{"allow":["GET"]}}],"collection":[{"href":"https:\/\/www.elleetstone.be\/index.php\/wp-json\/wp\/v2\/product"}],"about":[{"href":"https:\/\/www.elleetstone.be\/index.php\/wp-json\/wp\/v2\/types\/product"}],"replies":[{"embeddable":true,"href":"https:\/\/www.elleetstone.be\/index.php\/wp-json\/wp\/v2\/comments?post=2542"}],"version-history":[{"count":2,"href":"https:\/\/www.elleetstone.be\/index.php\/wp-json\/wp\/v2\/product\/2542\/revisions"}],"predecessor-version":[{"id":2546,"href":"https:\/\/www.elleetstone.be\/index.php\/wp-json\/wp\/v2\/product\/2542\/revisions\/2546"}],"wp:featuredmedia":[{"embeddable":true,"href":"https:\/\/www.elleetstone.be\/index.php\/wp-json\/wp\/v2\/media\/2543"}],"wp:attachment":[{"href":"https:\/\/www.elleetstone.be\/index.php\/wp-json\/wp\/v2\/media?parent=2542"}],"wp:term":[{"taxonomy":"product_brand","embeddable":true,"href":"https:\/\/www.elleetstone.be\/index.php\/wp-json\/wp\/v2\/product_brand?post=2542"},{"taxonomy":"product_cat","embeddable":true,"href":"https:\/\/www.elleetstone.be\/index.php\/wp-json\/wp\/v2\/product_cat?post=2542"},{"taxonomy":"product_tag","embeddable":true,"href":"https:\/\/www.elleetstone.be\/index.php\/wp-json\/wp\/v2\/product_tag?post=2542"}],"curies":[{"name":"wp","href":"https:\/\/api.w.org\/{rel}","templated":true}]}}