{"id":2539,"date":"2025-12-09T11:09:48","date_gmt":"2025-12-09T11:09:48","guid":{"rendered":"https:\/\/www.elleetstone.be\/?post_type=product&#038;p=2539"},"modified":"2025-12-09T11:56:54","modified_gmt":"2025-12-09T11:56:54","slug":"collier-aventurine","status":"publish","type":"product","link":"https:\/\/www.elleetstone.be\/index.php\/produit\/collier-aventurine\/","title":{"rendered":"Collier Aventurine"},"content":{"rendered":"<p data-start=\"512\" data-end=\"609\">Le collier <strong data-start=\"523\" data-end=\"541\">Aventurine<\/strong> associe deux pierres aux \u00e9nergies puissantes et compl\u00e9mentaires :<\/p>\n<ul data-start=\"610\" data-end=\"751\">\n<li data-start=\"610\" data-end=\"685\">\n<p data-start=\"612\" data-end=\"685\">le <strong data-start=\"615\" data-end=\"632\">rubis chauff\u00e9<\/strong>, symbole de vitalit\u00e9, passion et force int\u00e9rieure,<\/p>\n<\/li>\n<li data-start=\"686\" data-end=\"751\">\n<p data-start=\"688\" data-end=\"751\">l\u2019<strong data-start=\"690\" data-end=\"710\">aventurine verte<\/strong>, pierre douce d\u2019harmonie et de chance.<\/p>\n<\/li>\n<\/ul>\n<p data-start=\"753\" data-end=\"949\">Le duo cr\u00e9e un contraste magnifique entre <strong data-start=\"795\" data-end=\"835\">le rouge profond et le vert apaisant<\/strong>, soulign\u00e9 par la brillance des <strong data-start=\"867\" data-end=\"902\">cubes dor\u00e9s en acier inoxydable<\/strong> qui ajoutent une touche moderne et raffin\u00e9e.<\/p>\n<p data-start=\"951\" data-end=\"1241\">La longueur r\u00e9glable <strong data-start=\"972\" data-end=\"984\">37\u201342 cm<\/strong> permet un port\u00e9 <strong data-start=\"1001\" data-end=\"1016\">pr\u00e8s du cou<\/strong>, \u00e9l\u00e9gant et intemporel. Ce collier peut se porter <strong data-start=\"1067\" data-end=\"1094\">seul pour un look \u00e9pur\u00e9<\/strong>, ou s\u2019accumuler avec d\u2019autres pi\u00e8ces pour un style <strong data-start=\"1146\" data-end=\"1161\">boh\u00e8me chic<\/strong>.<br data-start=\"1162\" data-end=\"1165\" \/>Un v\u00e9ritable <strong data-start=\"1178\" data-end=\"1203\">talisman du quotidien<\/strong>, alliant \u00e9nergie, couleur et lumi\u00e8re.<\/p>\n<p data-start=\"1198\" data-end=\"1298\"><strong><a href=\"https:\/\/www.elleetstone.be\/index.php\/conseils-et-entretiens\/\">Conseils et Entretiens<\/a><\/strong><\/p>\n","protected":false},"excerpt":{"rendered":"<ul>\n<li>Collier <strong data-start=\"300\" data-end=\"314\">ras-de-cou<\/strong> en <strong data-start=\"318\" data-end=\"354\">perles naturelles de rubis chauff\u00e9 et aventurine verte<\/strong><\/li>\n<li>Fermoir et petits cubes en acier inoxydable<\/li>\n<li>Taille de 37 \u00e0 42 cm\u00a0 (gr\u00e2ce \u00e0 sa chainette d&rsquo;extension)<\/li>\n<li>Le rubis renforce l&rsquo;\u00e9nergie vitale et la motivation et l&rsquo;aventurine ouvre le coeur, apaise le mental<\/li>\n<li>Fabriqu\u00e9 \u00e0 la main dans mon atelier li\u00e9geois<\/li>\n<\/ul>\n","protected":false},"featured_media":2497,"comment_status":"open","ping_status":"closed","template":"","meta":[],"product_brand":[],"product_cat":[26,31],"product_tag":[107,94,44,122,91,120,119,121,92,43,93],"class_list":{"0":"post-2539","1":"product","2":"type-product","3":"status-publish","4":"has-post-thumbnail","6":"product_cat-colliers","7":"product_cat-pierres","8":"product_tag-apaisement","9":"product_tag-bijou-artisanal","10":"product_tag-boheme","11":"product_tag-chance","12":"product_tag-collier-ras-de-cou","13":"product_tag-courage","14":"product_tag-energie-vitale","15":"product_tag-motivation","16":"product_tag-pierres-naturelles","17":"product_tag-protection","18":"product_tag-talisman","20":"first","21":"instock","22":"taxable","23":"shipping-taxable","24":"purchasable","25":"product-type-simple"},"jetpack_sharing_enabled":true,"_links":{"self":[{"href":"https:\/\/www.elleetstone.be\/index.php\/wp-json\/wp\/v2\/product\/2539","targetHints":{"allow":["GET"]}}],"collection":[{"href":"https:\/\/www.elleetstone.be\/index.php\/wp-json\/wp\/v2\/product"}],"about":[{"href":"https:\/\/www.elleetstone.be\/index.php\/wp-json\/wp\/v2\/types\/product"}],"replies":[{"embeddable":true,"href":"https:\/\/www.elleetstone.be\/index.php\/wp-json\/wp\/v2\/comments?post=2539"}],"version-history":[{"count":2,"href":"https:\/\/www.elleetstone.be\/index.php\/wp-json\/wp\/v2\/product\/2539\/revisions"}],"predecessor-version":[{"id":2541,"href":"https:\/\/www.elleetstone.be\/index.php\/wp-json\/wp\/v2\/product\/2539\/revisions\/2541"}],"wp:featuredmedia":[{"embeddable":true,"href":"https:\/\/www.elleetstone.be\/index.php\/wp-json\/wp\/v2\/media\/2497"}],"wp:attachment":[{"href":"https:\/\/www.elleetstone.be\/index.php\/wp-json\/wp\/v2\/media?parent=2539"}],"wp:term":[{"taxonomy":"product_brand","embeddable":true,"href":"https:\/\/www.elleetstone.be\/index.php\/wp-json\/wp\/v2\/product_brand?post=2539"},{"taxonomy":"product_cat","embeddable":true,"href":"https:\/\/www.elleetstone.be\/index.php\/wp-json\/wp\/v2\/product_cat?post=2539"},{"taxonomy":"product_tag","embeddable":true,"href":"https:\/\/www.elleetstone.be\/index.php\/wp-json\/wp\/v2\/product_tag?post=2539"}],"curies":[{"name":"wp","href":"https:\/\/api.w.org\/{rel}","templated":true}]}}