{"id":2416,"date":"2025-11-21T13:36:55","date_gmt":"2025-11-21T13:36:55","guid":{"rendered":"https:\/\/www.elleetstone.be\/?post_type=product&#038;p=2416"},"modified":"2025-11-27T09:24:42","modified_gmt":"2025-11-27T09:24:42","slug":"boucles-doreilles-carre-damethyste","status":"publish","type":"product","link":"https:\/\/www.elleetstone.be\/index.php\/produit\/boucles-doreilles-carre-damethyste\/","title":{"rendered":"Boucles d&rsquo;oreilles Carr\u00e9 d&rsquo;Am\u00e9thyste"},"content":{"rendered":"<p data-start=\"575\" data-end=\"896\">Les boucles d\u2019oreilles <strong data-start=\"598\" data-end=\"619\">Carr\u00e9 d\u2019Am\u00e9thyste<\/strong> marient la finesse de la <strong data-start=\"645\" data-end=\"671\">maille for\u00e7at allong\u00e9e<\/strong> \u00e0 la puissance mystique de l\u2019<strong data-start=\"701\" data-end=\"732\">am\u00e9thyste facett\u00e9e en carr\u00e9<\/strong>.<\/p>\n<p data-start=\"575\" data-end=\"896\">Le <strong data-start=\"739\" data-end=\"756\">carr\u00e9 facett\u00e9<\/strong> capte la lumi\u00e8re et fait ressortir les nuances violettes profondes de la pierre, apportant <strong data-start=\"848\" data-end=\"880\">\u00e9l\u00e9gance, \u00e9clat et caract\u00e8re<\/strong> \u00e0 votre look.<\/p>\n<p data-start=\"898\" data-end=\"1171\">Gr\u00e2ce \u00e0 leur <strong data-start=\"911\" data-end=\"931\">longueur de 5 cm<\/strong>, ces boucles d\u2019oreilles sont parfaites pour <strong data-start=\"976\" data-end=\"1012\">un style raffin\u00e9 et contemporain<\/strong>, tout en restant l\u00e9g\u00e8res et confortables.<\/p>\n<p data-start=\"898\" data-end=\"1171\">Un bijou \u00e0 la fois <strong data-start=\"1076\" data-end=\"1105\">esth\u00e9tique et \u00e9nerg\u00e9tique<\/strong>, pouvant \u00eatre port\u00e9 au quotidien ou pour des occasions sp\u00e9ciales.<\/p>\n<p data-start=\"892\" data-end=\"1148\"><strong><a href=\"https:\/\/www.elleetstone.be\/index.php\/conseils-et-entretiens\/\">Conseils et Entretiens<\/a><\/strong><\/p>\n","protected":false},"excerpt":{"rendered":"<ul>\n<li>Boucles d\u2019oreilles en acier inoxydable de 5<strong data-start=\"327\" data-end=\"335\">\u00a0cm<\/strong>,<\/li>\n<li>Pierres naturelles d&rsquo;<strong data-start=\"344\" data-end=\"357\">am\u00e9thyste<\/strong> dor\u00e9 \u00e0 l&rsquo;or fin<\/li>\n<li><strong>Apaisement, intuition et \u00e9nergie du c\u0153ur<\/strong><\/li>\n<li>Assembl\u00e9 dans mon atelier li\u00e9geois, en Belgique<\/li>\n<\/ul>\n","protected":false},"featured_media":2417,"comment_status":"open","ping_status":"closed","template":"","meta":[],"product_brand":[],"product_cat":[27],"product_tag":[],"class_list":{"0":"post-2416","1":"product","2":"type-product","3":"status-publish","4":"has-post-thumbnail","6":"product_cat-boucles-doreilles","8":"first","9":"instock","10":"taxable","11":"shipping-taxable","12":"purchasable","13":"product-type-simple"},"jetpack_sharing_enabled":true,"_links":{"self":[{"href":"https:\/\/www.elleetstone.be\/index.php\/wp-json\/wp\/v2\/product\/2416","targetHints":{"allow":["GET"]}}],"collection":[{"href":"https:\/\/www.elleetstone.be\/index.php\/wp-json\/wp\/v2\/product"}],"about":[{"href":"https:\/\/www.elleetstone.be\/index.php\/wp-json\/wp\/v2\/types\/product"}],"replies":[{"embeddable":true,"href":"https:\/\/www.elleetstone.be\/index.php\/wp-json\/wp\/v2\/comments?post=2416"}],"version-history":[{"count":2,"href":"https:\/\/www.elleetstone.be\/index.php\/wp-json\/wp\/v2\/product\/2416\/revisions"}],"predecessor-version":[{"id":2425,"href":"https:\/\/www.elleetstone.be\/index.php\/wp-json\/wp\/v2\/product\/2416\/revisions\/2425"}],"wp:featuredmedia":[{"embeddable":true,"href":"https:\/\/www.elleetstone.be\/index.php\/wp-json\/wp\/v2\/media\/2417"}],"wp:attachment":[{"href":"https:\/\/www.elleetstone.be\/index.php\/wp-json\/wp\/v2\/media?parent=2416"}],"wp:term":[{"taxonomy":"product_brand","embeddable":true,"href":"https:\/\/www.elleetstone.be\/index.php\/wp-json\/wp\/v2\/product_brand?post=2416"},{"taxonomy":"product_cat","embeddable":true,"href":"https:\/\/www.elleetstone.be\/index.php\/wp-json\/wp\/v2\/product_cat?post=2416"},{"taxonomy":"product_tag","embeddable":true,"href":"https:\/\/www.elleetstone.be\/index.php\/wp-json\/wp\/v2\/product_tag?post=2416"}],"curies":[{"name":"wp","href":"https:\/\/api.w.org\/{rel}","templated":true}]}}