{"id":2407,"date":"2025-11-21T13:17:15","date_gmt":"2025-11-21T13:17:15","guid":{"rendered":"https:\/\/www.elleetstone.be\/?post_type=product&#038;p=2407"},"modified":"2025-11-21T13:35:49","modified_gmt":"2025-11-21T13:35:49","slug":"chaine-trinity","status":"publish","type":"product","link":"https:\/\/www.elleetstone.be\/index.php\/produit\/chaine-trinity\/","title":{"rendered":"Chaine Trinity &#8211; Protection, Ancrage &#038; Intuition"},"content":{"rendered":"<p data-start=\"581\" data-end=\"678\">Le collier <strong data-start=\"592\" data-end=\"608\">Trinity<\/strong>\u00a0associe <strong data-start=\"617\" data-end=\"674\">trois pierres naturelles aux \u00e9nergies compl\u00e9mentaires<\/strong> :<\/p>\n<ul>\n<li data-start=\"581\" data-end=\"678\"><strong data-start=\"682\" data-end=\"697\">Quartz fum\u00e9<\/strong> \u2013 protection et ancrage<\/li>\n<li><strong data-start=\"726\" data-end=\"739\">Am\u00e9thyste<\/strong> \u2013 intuition et clart\u00e9 int\u00e9rieure<\/li>\n<li><strong data-start=\"777\" data-end=\"797\">Cristal de roche<\/strong> \u2013 purification et amplification \u00e9nerg\u00e9tiqueLes pierres sont serties et mises en valeur par une <strong data-start=\"897\" data-end=\"918\">dorure \u00e0 l\u2019or fin<\/strong>, cr\u00e9ant un contraste \u00e9l\u00e9gant avec la <strong data-start=\"956\" data-end=\"983\">maille for\u00e7at fine 3 mm<\/strong>.<\/li>\n<\/ul>\n<p>La <strong data-start=\"991\" data-end=\"1022\">cha\u00eene r\u00e9glable (45 + 5 cm)<\/strong> permet de porter le collier <strong data-start=\"1051\" data-end=\"1090\">pr\u00e8s du cou ou l\u00e9g\u00e8rement plus long<\/strong>, offrant une grande flexibilit\u00e9 de style.\u00a0 Un bijou raffin\u00e9 et minimaliste, \u00e0 la fois <strong data-start=\"1178\" data-end=\"1221\">talisman \u00e9nerg\u00e9tique et accessoire chic<\/strong>, id\u00e9al pour compl\u00e9ter une tenue ou cr\u00e9er un effet layering avec d\u2019autres colliers.<\/p>\n<p data-start=\"906\" data-end=\"1085\">Un v\u00e9ritable <strong data-start=\"1033\" data-end=\"1058\">talisman du quotidien<\/strong>, alliant style et \u00e9nergie.<\/p>\n<p data-start=\"906\" data-end=\"1085\"><a href=\"https:\/\/www.elleetstone.be\/index.php\/conseils-et-entretiens\/\">Conseils et Entretiens<\/a><\/p>\n","protected":false},"excerpt":{"rendered":"<ul>\n<li data-start=\"1281\" data-end=\"1317\">\n<p data-start=\"1283\" data-end=\"1317\">Collier d\u00e9licat compos\u00e9 d\u2019une <strong data-start=\"297\" data-end=\"325\">cha\u00eene maille for\u00e7at <\/strong>de 3 mm en acier inoxydable,<\/p>\n<\/li>\n<li data-start=\"1318\" data-end=\"1353\">\n<p data-start=\"1320\" data-end=\"1353\">Pendentifs<b>: <\/b>3 pierres facett\u00e9es et dor\u00e9es \u00e0 l&rsquo;or fin (<strong>am\u00e9thyste<\/strong> ovale, <strong>quartz fum\u00e9<\/strong> goutte, <strong>cristal de roche<\/strong> ronde)<\/p>\n<\/li>\n<li data-start=\"1318\" data-end=\"1353\">\n<p data-start=\"1320\" data-end=\"1353\">Fermoir et appr\u00eats en acier inoxydable<\/p>\n<\/li>\n<li data-start=\"1318\" data-end=\"1353\">Protection, Intuition, Purification<\/li>\n<li data-start=\"1448\" data-end=\"1494\">\n<p data-start=\"1450\" data-end=\"1494\">Taille: de 45 \u00e0 50 cm (gr\u00e2ce \u00e0 sa chainette d&rsquo;extension)<\/p>\n<\/li>\n<li data-start=\"1545\" data-end=\"1603\">\n<p data-start=\"1547\" data-end=\"1603\">Fait main dans mon atelier li\u00e9geois, en Belgique<\/p>\n<\/li>\n<\/ul>\n","protected":false},"featured_media":2411,"comment_status":"open","ping_status":"closed","template":"","meta":[],"product_brand":[],"product_cat":[30,26],"product_tag":[103,94,106,115,70,43,113,114],"class_list":{"0":"post-2407","1":"product","2":"type-product","3":"status-publish","4":"has-post-thumbnail","6":"product_cat-chaines","7":"product_cat-colliers","8":"product_tag-amethyste","9":"product_tag-bijou-artisanal","10":"product_tag-boheme-chic","11":"product_tag-cristal-de-roche","12":"product_tag-intuition","13":"product_tag-protection","14":"product_tag-purification","15":"product_tag-quartz-fume","17":"first","18":"instock","19":"taxable","20":"shipping-taxable","21":"purchasable","22":"product-type-simple"},"jetpack_sharing_enabled":true,"_links":{"self":[{"href":"https:\/\/www.elleetstone.be\/index.php\/wp-json\/wp\/v2\/product\/2407","targetHints":{"allow":["GET"]}}],"collection":[{"href":"https:\/\/www.elleetstone.be\/index.php\/wp-json\/wp\/v2\/product"}],"about":[{"href":"https:\/\/www.elleetstone.be\/index.php\/wp-json\/wp\/v2\/types\/product"}],"replies":[{"embeddable":true,"href":"https:\/\/www.elleetstone.be\/index.php\/wp-json\/wp\/v2\/comments?post=2407"}],"version-history":[{"count":6,"href":"https:\/\/www.elleetstone.be\/index.php\/wp-json\/wp\/v2\/product\/2407\/revisions"}],"predecessor-version":[{"id":2415,"href":"https:\/\/www.elleetstone.be\/index.php\/wp-json\/wp\/v2\/product\/2407\/revisions\/2415"}],"wp:featuredmedia":[{"embeddable":true,"href":"https:\/\/www.elleetstone.be\/index.php\/wp-json\/wp\/v2\/media\/2411"}],"wp:attachment":[{"href":"https:\/\/www.elleetstone.be\/index.php\/wp-json\/wp\/v2\/media?parent=2407"}],"wp:term":[{"taxonomy":"product_brand","embeddable":true,"href":"https:\/\/www.elleetstone.be\/index.php\/wp-json\/wp\/v2\/product_brand?post=2407"},{"taxonomy":"product_cat","embeddable":true,"href":"https:\/\/www.elleetstone.be\/index.php\/wp-json\/wp\/v2\/product_cat?post=2407"},{"taxonomy":"product_tag","embeddable":true,"href":"https:\/\/www.elleetstone.be\/index.php\/wp-json\/wp\/v2\/product_tag?post=2407"}],"curies":[{"name":"wp","href":"https:\/\/api.w.org\/{rel}","templated":true}]}}