{"id":2404,"date":"2025-11-21T12:59:19","date_gmt":"2025-11-21T12:59:19","guid":{"rendered":"https:\/\/www.elleetstone.be\/?post_type=product&#038;p=2404"},"modified":"2025-11-21T13:11:28","modified_gmt":"2025-11-21T13:11:28","slug":"sautoir-gigi-amethyste-sagesse-harmonie","status":"publish","type":"product","link":"https:\/\/www.elleetstone.be\/index.php\/produit\/sautoir-gigi-amethyste-sagesse-harmonie\/","title":{"rendered":"Sautoir Gigi &#8211; Amethyste &#8211; Sagesse &#038; Harmonie"},"content":{"rendered":"<p data-start=\"548\" data-end=\"769\">Le sautoir <strong data-start=\"559\" data-end=\"570\">Gigi<\/strong> met en sc\u00e8ne de d\u00e9licates <strong data-start=\"597\" data-end=\"624\">mini perles d\u2019am\u00e9thyste<\/strong>, entrelac\u00e9es pour former une ligne fluide et harmonieuse.<\/p>\n<p data-start=\"548\" data-end=\"769\">Chaque perle est choisie pour sa couleur violette et son \u00e9nergie apaisante.<\/p>\n<p data-start=\"771\" data-end=\"953\">Le pendentif <strong data-start=\"784\" data-end=\"808\">m\u00e9daille lune-soleil<\/strong>, de <strong data-start=\"813\" data-end=\"834\">20 mm de diam\u00e8tre<\/strong>, symbolise le <strong data-start=\"849\" data-end=\"950\">cycle \u00e9ternel de la vie, l\u2019\u00e9quilibre entre lumi\u00e8re et ombre, et la connexion aux rythmes naturels<\/strong>.<\/p>\n<p data-start=\"955\" data-end=\"1206\">Ce sautoir long peut se porter <strong data-start=\"986\" data-end=\"1031\">tel quel pour un effet \u00e9l\u00e9gant et allong\u00e9<\/strong>, ou <strong data-start=\"1036\" data-end=\"1100\">en double tour pour cr\u00e9er un collier plus court et superpos\u00e9<\/strong>.<\/p>\n<p data-start=\"955\" data-end=\"1206\">Il constitue un v\u00e9ritable <strong data-start=\"1128\" data-end=\"1153\">talisman au quotidien<\/strong>, m\u00ealant <strong data-start=\"1162\" data-end=\"1205\">beaut\u00e9, mystique et \u00e9nergie protectrice<\/strong>.<\/p>\n<p data-start=\"1198\" data-end=\"1298\"><strong><a href=\"https:\/\/www.elleetstone.be\/index.php\/conseils-et-entretiens\/\">Conseils et Entretiens<\/a><\/strong><\/p>\n","protected":false},"excerpt":{"rendered":"<ul>\n<li>Collier <b>Long <\/b>en <strong data-start=\"318\" data-end=\"354\">mini perles d&rsquo;am\u00e9thyste (0,2 mm)<\/strong><\/li>\n<li>Fermoir et Appr\u00eats en acier inoxydable<\/li>\n<li>Taille : 85 cm\u00a0 (peut se porter en double tour)<\/li>\n<li>Apaise l&rsquo;esprit, renforce l&rsquo;intuition, prot\u00e8ge des \u00e9nergies n\u00e9gatives<\/li>\n<li>Fabriqu\u00e9 \u00e0 la main dans mon atelier li\u00e9geois<\/li>\n<\/ul>\n","protected":false},"featured_media":2380,"comment_status":"open","ping_status":"closed","template":"","meta":[],"product_brand":[],"product_cat":[26,31],"product_tag":[107,94,44,98,70,92,43,93],"class_list":{"0":"post-2404","1":"product","2":"type-product","3":"status-publish","4":"has-post-thumbnail","6":"product_cat-colliers","7":"product_cat-pierres","8":"product_tag-apaisement","9":"product_tag-bijou-artisanal","10":"product_tag-boheme","11":"product_tag-elegance","12":"product_tag-intuition","13":"product_tag-pierres-naturelles","14":"product_tag-protection","15":"product_tag-talisman","17":"first","18":"instock","19":"taxable","20":"shipping-taxable","21":"purchasable","22":"product-type-simple"},"jetpack_sharing_enabled":true,"_links":{"self":[{"href":"https:\/\/www.elleetstone.be\/index.php\/wp-json\/wp\/v2\/product\/2404","targetHints":{"allow":["GET"]}}],"collection":[{"href":"https:\/\/www.elleetstone.be\/index.php\/wp-json\/wp\/v2\/product"}],"about":[{"href":"https:\/\/www.elleetstone.be\/index.php\/wp-json\/wp\/v2\/types\/product"}],"replies":[{"embeddable":true,"href":"https:\/\/www.elleetstone.be\/index.php\/wp-json\/wp\/v2\/comments?post=2404"}],"version-history":[{"count":2,"href":"https:\/\/www.elleetstone.be\/index.php\/wp-json\/wp\/v2\/product\/2404\/revisions"}],"predecessor-version":[{"id":2406,"href":"https:\/\/www.elleetstone.be\/index.php\/wp-json\/wp\/v2\/product\/2404\/revisions\/2406"}],"wp:featuredmedia":[{"embeddable":true,"href":"https:\/\/www.elleetstone.be\/index.php\/wp-json\/wp\/v2\/media\/2380"}],"wp:attachment":[{"href":"https:\/\/www.elleetstone.be\/index.php\/wp-json\/wp\/v2\/media?parent=2404"}],"wp:term":[{"taxonomy":"product_brand","embeddable":true,"href":"https:\/\/www.elleetstone.be\/index.php\/wp-json\/wp\/v2\/product_brand?post=2404"},{"taxonomy":"product_cat","embeddable":true,"href":"https:\/\/www.elleetstone.be\/index.php\/wp-json\/wp\/v2\/product_cat?post=2404"},{"taxonomy":"product_tag","embeddable":true,"href":"https:\/\/www.elleetstone.be\/index.php\/wp-json\/wp\/v2\/product_tag?post=2404"}],"curies":[{"name":"wp","href":"https:\/\/api.w.org\/{rel}","templated":true}]}}