{"id":2398,"date":"2025-11-21T12:27:12","date_gmt":"2025-11-21T12:27:12","guid":{"rendered":"https:\/\/www.elleetstone.be\/?post_type=product&#038;p=2398"},"modified":"2025-11-21T12:41:11","modified_gmt":"2025-11-21T12:41:11","slug":"collier-jumbo-amethyste-sagesse-harmonie","status":"publish","type":"product","link":"https:\/\/www.elleetstone.be\/index.php\/produit\/collier-jumbo-amethyste-sagesse-harmonie\/","title":{"rendered":"Collier Jumbo &#8211; Amethyste &#8211; Sagesse &#038; Harmonie"},"content":{"rendered":"<p data-start=\"523\" data-end=\"767\">Le collier <strong data-start=\"534\" data-end=\"543\">Jumbo<\/strong> c\u00e9l\u00e8bre la puissance et la beaut\u00e9 de l\u2019<strong data-start=\"583\" data-end=\"596\">am\u00e9thyste<\/strong>, pierre de clart\u00e9, d\u2019intuition et de protection.<\/p>\n<p data-start=\"523\" data-end=\"767\">Les <strong data-start=\"650\" data-end=\"663\">perles XL<\/strong>, aux reflets violets profonds, captent la lumi\u00e8re et apportent une pr\u00e9sence remarquable.<\/p>\n<p data-start=\"769\" data-end=\"927\">Au centre, un <strong data-start=\"783\" data-end=\"812\">pendentif rayon de soleil<\/strong>, d\u00e9licatement serti d\u2019une pierre d\u2019am\u00e9thyste, symbolise la <strong data-start=\"872\" data-end=\"924\">lumi\u00e8re int\u00e9rieure, la vitalit\u00e9 et la protection<\/strong>.<\/p>\n<p data-start=\"929\" data-end=\"1219\">Un collier \u00e9l\u00e9gant, parfait <strong data-start=\"968\" data-end=\"995\">seul pour un look \u00e9pur\u00e9<\/strong>, ou <strong data-start=\"1000\" data-end=\"1036\">superpos\u00e9 avec d\u2019autres colliers<\/strong> pour cr\u00e9er une accumulation boh\u00e8me chic.<\/p>\n<p data-start=\"929\" data-end=\"1219\">Un v\u00e9ritable <strong data-start=\"1093\" data-end=\"1118\">talisman du quotidien<\/strong>, alliant <strong data-start=\"1128\" data-end=\"1148\">style et \u00e9nergie<\/strong>, pour accompagner vos moments de m\u00e9ditation ou illuminer vos journ\u00e9es.<\/p>\n<p data-start=\"1198\" data-end=\"1298\"><strong><a href=\"https:\/\/www.elleetstone.be\/index.php\/conseils-et-entretiens\/\">Conseils et Entretiens<\/a><\/strong><\/p>\n","protected":false},"excerpt":{"rendered":"<ul>\n<li>Collier <b>court <\/b>en <strong data-start=\"318\" data-end=\"354\">perles naturelles XL d&rsquo;am\u00e9thyste (0,8 mm)<\/strong><\/li>\n<li>Attache bou\u00e9e et appr\u00eats en acier inoxydable<\/li>\n<li>Taille : 47 cm\u00a0 (pendentif inclus)<\/li>\n<li>Apaise l&rsquo;esprit, renforce l&rsquo;intuition, prot\u00e8ge des \u00e9nergies n\u00e9gatives<\/li>\n<li>Fabriqu\u00e9 \u00e0 la main dans mon atelier li\u00e9geois<\/li>\n<\/ul>\n","protected":false},"featured_media":2384,"comment_status":"open","ping_status":"closed","template":"","meta":[],"product_brand":[],"product_cat":[26,31],"product_tag":[107,94,44,98,70,92,43,93],"class_list":{"0":"post-2398","1":"product","2":"type-product","3":"status-publish","4":"has-post-thumbnail","6":"product_cat-colliers","7":"product_cat-pierres","8":"product_tag-apaisement","9":"product_tag-bijou-artisanal","10":"product_tag-boheme","11":"product_tag-elegance","12":"product_tag-intuition","13":"product_tag-pierres-naturelles","14":"product_tag-protection","15":"product_tag-talisman","17":"first","18":"instock","19":"taxable","20":"shipping-taxable","21":"purchasable","22":"product-type-simple"},"jetpack_sharing_enabled":true,"_links":{"self":[{"href":"https:\/\/www.elleetstone.be\/index.php\/wp-json\/wp\/v2\/product\/2398","targetHints":{"allow":["GET"]}}],"collection":[{"href":"https:\/\/www.elleetstone.be\/index.php\/wp-json\/wp\/v2\/product"}],"about":[{"href":"https:\/\/www.elleetstone.be\/index.php\/wp-json\/wp\/v2\/types\/product"}],"replies":[{"embeddable":true,"href":"https:\/\/www.elleetstone.be\/index.php\/wp-json\/wp\/v2\/comments?post=2398"}],"version-history":[{"count":2,"href":"https:\/\/www.elleetstone.be\/index.php\/wp-json\/wp\/v2\/product\/2398\/revisions"}],"predecessor-version":[{"id":2403,"href":"https:\/\/www.elleetstone.be\/index.php\/wp-json\/wp\/v2\/product\/2398\/revisions\/2403"}],"wp:featuredmedia":[{"embeddable":true,"href":"https:\/\/www.elleetstone.be\/index.php\/wp-json\/wp\/v2\/media\/2384"}],"wp:attachment":[{"href":"https:\/\/www.elleetstone.be\/index.php\/wp-json\/wp\/v2\/media?parent=2398"}],"wp:term":[{"taxonomy":"product_brand","embeddable":true,"href":"https:\/\/www.elleetstone.be\/index.php\/wp-json\/wp\/v2\/product_brand?post=2398"},{"taxonomy":"product_cat","embeddable":true,"href":"https:\/\/www.elleetstone.be\/index.php\/wp-json\/wp\/v2\/product_cat?post=2398"},{"taxonomy":"product_tag","embeddable":true,"href":"https:\/\/www.elleetstone.be\/index.php\/wp-json\/wp\/v2\/product_tag?post=2398"}],"curies":[{"name":"wp","href":"https:\/\/api.w.org\/{rel}","templated":true}]}}