{"id":2395,"date":"2025-11-21T12:18:54","date_gmt":"2025-11-21T12:18:54","guid":{"rendered":"https:\/\/www.elleetstone.be\/?post_type=product&#038;p=2395"},"modified":"2025-11-21T12:26:05","modified_gmt":"2025-11-21T12:26:05","slug":"collier-soleya-amethyste-sagesse-harmonie","status":"publish","type":"product","link":"https:\/\/www.elleetstone.be\/index.php\/produit\/collier-soleya-amethyste-sagesse-harmonie\/","title":{"rendered":"Collier Soleya &#8211; Amethyste &#8211; Sagesse &#038; Harmonie"},"content":{"rendered":"<p data-start=\"540\" data-end=\"850\">Le collier <strong data-start=\"300\" data-end=\"311\">Soleya<\/strong> associe la puissance intuitive de l\u2019<strong data-start=\"348\" data-end=\"361\">am\u00e9thyste<\/strong> \u00e0 la s\u00e9r\u00e9nit\u00e9 lumineuse de l\u2019<strong data-start=\"391\" data-end=\"410\">howlite blanche<\/strong>.<\/p>\n<p data-start=\"540\" data-end=\"850\">Un duo \u00e9quilibrant, pens\u00e9 pour apaiser l\u2019esprit tout en r\u00e9veillant votre lumi\u00e8re int\u00e9rieure.<br data-start=\"504\" data-end=\"507\" \/>Au centre, un <strong data-start=\"521\" data-end=\"551\">pendentif rayons de soleil<\/strong> orn\u00e9 d\u2019une pierre d\u2019am\u00e9thyste met en valeur le d\u00e9collet\u00e9 et diffuse une \u00e9nergie chaleureuse et protectrice.Un bijou solaire et mystique, parfait pour illuminer chaque journ\u00e9e.<\/p>\n<p data-start=\"540\" data-end=\"850\">Un collier \u00e9l\u00e9gant et discret, parfait seul pour un look \u00e9pur\u00e9, ou en accumulation pour une touche boh\u00e8me chic.<br data-start=\"1017\" data-end=\"1020\" \/>Un v\u00e9ritable <strong data-start=\"1033\" data-end=\"1058\">talisman du quotidien<\/strong>, alliant style et \u00e9nergie.<\/p>\n<p data-start=\"1198\" data-end=\"1298\"><strong><a href=\"https:\/\/www.elleetstone.be\/index.php\/conseils-et-entretiens\/\">Conseils et Entretiens<\/a><\/strong><\/p>\n","protected":false},"excerpt":{"rendered":"<ul>\n<li>Collier <b>court <\/b>en <strong data-start=\"318\" data-end=\"354\">perles naturelles d&rsquo;am\u00e9thyste et d&rsquo;howlite blanche<\/strong><\/li>\n<li>Fermoir et appr\u00eats en acier inoxydable<\/li>\n<li>Taille de 42 \u00e0 47 cm\u00a0 (gr\u00e2ce \u00e0 sa chainette d&rsquo;extension)<\/li>\n<li>Apaise l&rsquo;esprit, renforce l&rsquo;intuition, prot\u00e8ge des \u00e9nergies n\u00e9gatives<\/li>\n<li>Fabriqu\u00e9 \u00e0 la main dans mon atelier li\u00e9geois<\/li>\n<\/ul>\n","protected":false},"featured_media":2390,"comment_status":"open","ping_status":"closed","template":"","meta":[],"product_brand":[],"product_cat":[26,31],"product_tag":[107,94,44,98,112,70,92,43,93],"class_list":{"0":"post-2395","1":"product","2":"type-product","3":"status-publish","4":"has-post-thumbnail","6":"product_cat-colliers","7":"product_cat-pierres","8":"product_tag-apaisement","9":"product_tag-bijou-artisanal","10":"product_tag-boheme","11":"product_tag-elegance","12":"product_tag-howlite","13":"product_tag-intuition","14":"product_tag-pierres-naturelles","15":"product_tag-protection","16":"product_tag-talisman","18":"first","19":"instock","20":"taxable","21":"shipping-taxable","22":"purchasable","23":"product-type-simple"},"jetpack_sharing_enabled":true,"_links":{"self":[{"href":"https:\/\/www.elleetstone.be\/index.php\/wp-json\/wp\/v2\/product\/2395","targetHints":{"allow":["GET"]}}],"collection":[{"href":"https:\/\/www.elleetstone.be\/index.php\/wp-json\/wp\/v2\/product"}],"about":[{"href":"https:\/\/www.elleetstone.be\/index.php\/wp-json\/wp\/v2\/types\/product"}],"replies":[{"embeddable":true,"href":"https:\/\/www.elleetstone.be\/index.php\/wp-json\/wp\/v2\/comments?post=2395"}],"version-history":[{"count":2,"href":"https:\/\/www.elleetstone.be\/index.php\/wp-json\/wp\/v2\/product\/2395\/revisions"}],"predecessor-version":[{"id":2397,"href":"https:\/\/www.elleetstone.be\/index.php\/wp-json\/wp\/v2\/product\/2395\/revisions\/2397"}],"wp:featuredmedia":[{"embeddable":true,"href":"https:\/\/www.elleetstone.be\/index.php\/wp-json\/wp\/v2\/media\/2390"}],"wp:attachment":[{"href":"https:\/\/www.elleetstone.be\/index.php\/wp-json\/wp\/v2\/media?parent=2395"}],"wp:term":[{"taxonomy":"product_brand","embeddable":true,"href":"https:\/\/www.elleetstone.be\/index.php\/wp-json\/wp\/v2\/product_brand?post=2395"},{"taxonomy":"product_cat","embeddable":true,"href":"https:\/\/www.elleetstone.be\/index.php\/wp-json\/wp\/v2\/product_cat?post=2395"},{"taxonomy":"product_tag","embeddable":true,"href":"https:\/\/www.elleetstone.be\/index.php\/wp-json\/wp\/v2\/product_tag?post=2395"}],"curies":[{"name":"wp","href":"https:\/\/api.w.org\/{rel}","templated":true}]}}