{"id":2379,"date":"2025-11-21T12:06:39","date_gmt":"2025-11-21T12:06:39","guid":{"rendered":"https:\/\/www.elleetstone.be\/?post_type=product&#038;p=2379"},"modified":"2025-11-21T12:18:44","modified_gmt":"2025-11-21T12:18:44","slug":"collier-sophia-amethyste-sagesse-harmonie","status":"publish","type":"product","link":"https:\/\/www.elleetstone.be\/index.php\/produit\/collier-sophia-amethyste-sagesse-harmonie\/","title":{"rendered":"Collier Sophia &#8211; Amethyste &#8211; Sagesse &#038; Harmonie"},"content":{"rendered":"<p data-start=\"540\" data-end=\"850\">Laissez-vous envo\u00fbter par la douceur protectrice de l\u2019am\u00e9thyste avec ce collier ras-de-cou (37 \u00e0 42 cm) con\u00e7u pour sublimer le port du cou.<\/p>\n<p data-start=\"540\" data-end=\"850\">Chaque perle d\u2019am\u00e9thyste est soigneusement s\u00e9lectionn\u00e9e pour sa couleur profonde et ses reflets violets uniques, symbole d\u2019\u00e9quilibre, de s\u00e9r\u00e9nit\u00e9 et de clart\u00e9 int\u00e9rieure.<\/p>\n<p data-start=\"852\" data-end=\"1030\">Mont\u00e9 sur fil c\u00e2bl\u00e9 solide avec des appr\u00eats en <strong data-start=\"862\" data-end=\"887\">acier inoxydable dor\u00e9<\/strong>, un mat\u00e9riau durable et hypo-allerg\u00e9nique, ce collier allie \u00e9l\u00e9gance et r\u00e9sistance, pour un bijou qui vous accompagne au quotidien sans ternir.<\/p>\n<p data-start=\"1032\" data-end=\"1238\">Son format <strong data-start=\"1043\" data-end=\"1067\">ras-de-cou ajustable<\/strong> met subtilement en valeur le d\u00e9collet\u00e9 tout en apportant une intention \u00e9nerg\u00e9tique puissante : apaiser l\u2019esprit, renforcer l\u2019intuition et prot\u00e9ger des \u00e9nergies n\u00e9gatives.<\/p>\n<p data-start=\"1240\" data-end=\"1437\">\u2728 <strong data-start=\"1242\" data-end=\"1258\">Id\u00e9al pour :<\/strong><br data-start=\"1258\" data-end=\"1261\" \/>\u2014 Harmoniser les \u00e9motions<br data-start=\"1286\" data-end=\"1289\" \/>\u2014 Porter une \u00e9nergie calme et spirituelle<br data-start=\"1330\" data-end=\"1333\" \/>\u2014 Associer aux autres colliers pour un look superpos\u00e9 moderne<br data-start=\"1394\" data-end=\"1397\" \/>\u2014 Offrir un cadeau symbolique et \u00e9l\u00e9gant<\/p>\n<p data-start=\"1198\" data-end=\"1298\"><strong><a href=\"https:\/\/www.elleetstone.be\/index.php\/conseils-et-entretiens\/\">Conseils et Entretiens<\/a><\/strong><\/p>\n","protected":false},"excerpt":{"rendered":"<ul>\n<li>Collier <strong data-start=\"300\" data-end=\"314\">ras-de-cou<\/strong> en <strong data-start=\"318\" data-end=\"354\">perles naturelles d&rsquo;am\u00e9thyste<\/strong><\/li>\n<li>Fermoir et appr\u00eats en acier inoxydable<\/li>\n<li>Taille de 37 \u00e0 42 cm\u00a0 (gr\u00e2ce \u00e0 sa chainette d&rsquo;extension)<\/li>\n<li>Apaise l&rsquo;esprit, renforce l&rsquo;intuition, prot\u00e8ge des \u00e9nergies n\u00e9gatives<\/li>\n<li>Fabriqu\u00e9 \u00e0 la main dans mon atelier li\u00e9geois<\/li>\n<\/ul>\n","protected":false},"featured_media":2388,"comment_status":"open","ping_status":"closed","template":"","meta":[],"product_brand":[],"product_cat":[26,31],"product_tag":[107,94,44,91,70,92,43,93],"class_list":{"0":"post-2379","1":"product","2":"type-product","3":"status-publish","4":"has-post-thumbnail","6":"product_cat-colliers","7":"product_cat-pierres","8":"product_tag-apaisement","9":"product_tag-bijou-artisanal","10":"product_tag-boheme","11":"product_tag-collier-ras-de-cou","12":"product_tag-intuition","13":"product_tag-pierres-naturelles","14":"product_tag-protection","15":"product_tag-talisman","17":"first","18":"instock","19":"taxable","20":"shipping-taxable","21":"purchasable","22":"product-type-simple"},"jetpack_sharing_enabled":true,"_links":{"self":[{"href":"https:\/\/www.elleetstone.be\/index.php\/wp-json\/wp\/v2\/product\/2379","targetHints":{"allow":["GET"]}}],"collection":[{"href":"https:\/\/www.elleetstone.be\/index.php\/wp-json\/wp\/v2\/product"}],"about":[{"href":"https:\/\/www.elleetstone.be\/index.php\/wp-json\/wp\/v2\/types\/product"}],"replies":[{"embeddable":true,"href":"https:\/\/www.elleetstone.be\/index.php\/wp-json\/wp\/v2\/comments?post=2379"}],"version-history":[{"count":2,"href":"https:\/\/www.elleetstone.be\/index.php\/wp-json\/wp\/v2\/product\/2379\/revisions"}],"predecessor-version":[{"id":2394,"href":"https:\/\/www.elleetstone.be\/index.php\/wp-json\/wp\/v2\/product\/2379\/revisions\/2394"}],"wp:featuredmedia":[{"embeddable":true,"href":"https:\/\/www.elleetstone.be\/index.php\/wp-json\/wp\/v2\/media\/2388"}],"wp:attachment":[{"href":"https:\/\/www.elleetstone.be\/index.php\/wp-json\/wp\/v2\/media?parent=2379"}],"wp:term":[{"taxonomy":"product_brand","embeddable":true,"href":"https:\/\/www.elleetstone.be\/index.php\/wp-json\/wp\/v2\/product_brand?post=2379"},{"taxonomy":"product_cat","embeddable":true,"href":"https:\/\/www.elleetstone.be\/index.php\/wp-json\/wp\/v2\/product_cat?post=2379"},{"taxonomy":"product_tag","embeddable":true,"href":"https:\/\/www.elleetstone.be\/index.php\/wp-json\/wp\/v2\/product_tag?post=2379"}],"curies":[{"name":"wp","href":"https:\/\/api.w.org\/{rel}","templated":true}]}}