{"id":2298,"date":"2025-11-19T11:25:36","date_gmt":"2025-11-19T11:25:36","guid":{"rendered":"https:\/\/www.elleetstone.be\/?post_type=product&#038;p=2298"},"modified":"2025-12-09T10:54:18","modified_gmt":"2025-12-09T10:54:18","slug":"sautoir-dualia-2-oeil-de-tigre-protection-pouvoir","status":"publish","type":"product","link":"https:\/\/www.elleetstone.be\/index.php\/produit\/sautoir-dualia-2-oeil-de-tigre-protection-pouvoir\/","title":{"rendered":"Sautoir Dualia 2 &#8211; Oeil de Tigre &#8211; Protection &#8211; Pouvoir"},"content":{"rendered":"<p data-start=\"607\" data-end=\"888\">D\u00e9couvrez notre sautoir <strong data-start=\"631\" data-end=\"641\">Dualia<\/strong>, un bijou unique qui combine <strong data-start=\"671\" data-end=\"732\">\u00e9nergie des pierres fines et \u00e9l\u00e9gance d\u2019une cha\u00eene boh\u00e8me<\/strong>.<\/p>\n<p data-start=\"607\" data-end=\"888\">Les perles d\u2019<strong data-start=\"747\" data-end=\"763\">\u0153il de tigre<\/strong>, aux reflets dor\u00e9s et bruns, sont associ\u00e9es \u00e0 des <strong data-start=\"814\" data-end=\"846\">fines mailles <\/strong>en acier inoxydable orn\u00e9es de petites perles oeil de tigre 1mm, cr\u00e9ant un contraste subtil et raffin\u00e9.<\/p>\n<p data-start=\"607\" data-end=\"888\">Chaque perle est mont\u00e9e \u00e0 la main pour cr\u00e9er un collier harmonieux, lumineux et confortable \u00e0 porter.<\/p>\n<p data-start=\"607\" data-end=\"888\">Parfait seul ou en superposition, il apporte une touche <strong data-start=\"956\" data-end=\"981\">boh\u00e8me et chaleureuse<\/strong> \u00e0 toutes vos tenues.<\/p>\n<p data-start=\"1076\" data-end=\"1103\">Ce sautoir apporte :<\/p>\n<ul>\n<li data-start=\"1041\" data-end=\"1108\"><strong data-start=\"1041\" data-end=\"1106\">Protection \u00e9nerg\u00e9tique et bouclier contre le stress ext\u00e9rieur<\/strong><\/li>\n<li data-start=\"1041\" data-end=\"1108\"><strong data-start=\"1111\" data-end=\"1152\">Confiance en soi et force personnelle<\/strong><\/li>\n<li data-start=\"1041\" data-end=\"1108\"><strong data-start=\"1157\" data-end=\"1194\">Ancrage et stabilit\u00e9 \u00e9motionnelle<\/strong><\/li>\n<\/ul>\n<p>Une pi\u00e8ce \u00e9l\u00e9gante et mystique, id\u00e9ale pour rayonner chaque jour ou offrir un cadeau charg\u00e9 de sens.<\/p>\n<p data-start=\"1198\" data-end=\"1298\"><strong><a href=\"https:\/\/www.elleetstone.be\/index.php\/conseils-et-entretiens\/\">Conseils et Entretiens<\/a><\/strong><\/p>\n","protected":false},"excerpt":{"rendered":"<ul>\n<li>Sautoir en <strong data-start=\"318\" data-end=\"354\">perles naturelles d\u2019\u0153il de tigre <\/strong>8, 4 &amp; 3 mm<strong data-start=\"318\" data-end=\"354\"> et fines mailles <\/strong>avec mini pierres oeil de tigre<\/li>\n<li>Accessoires en acier inoxydable<\/li>\n<li>Taille de 75 cm<\/li>\n<li>Un talisman protecteur qui apporte <strong data-start=\"408\" data-end=\"439\">force, confiance et renaissance<\/strong>.<\/li>\n<li>Fabriqu\u00e9 \u00e0 la main dans mon atelier li\u00e9geois<\/li>\n<\/ul>\n","protected":false},"featured_media":2301,"comment_status":"open","ping_status":"closed","template":"","meta":[],"product_brand":[],"product_cat":[26,31],"product_tag":[74,94,44,90,89,92,43,95,93],"class_list":{"0":"post-2298","1":"product","2":"type-product","3":"status-publish","4":"has-post-thumbnail","6":"product_cat-colliers","7":"product_cat-pierres","8":"product_tag-ancrage","9":"product_tag-bijou-artisanal","10":"product_tag-boheme","11":"product_tag-confiance","12":"product_tag-oeil-de-tigre","13":"product_tag-pierres-naturelles","14":"product_tag-protection","15":"product_tag-sautoir","16":"product_tag-talisman","18":"first","19":"instock","20":"taxable","21":"shipping-taxable","22":"purchasable","23":"product-type-simple"},"jetpack_sharing_enabled":true,"_links":{"self":[{"href":"https:\/\/www.elleetstone.be\/index.php\/wp-json\/wp\/v2\/product\/2298","targetHints":{"allow":["GET"]}}],"collection":[{"href":"https:\/\/www.elleetstone.be\/index.php\/wp-json\/wp\/v2\/product"}],"about":[{"href":"https:\/\/www.elleetstone.be\/index.php\/wp-json\/wp\/v2\/types\/product"}],"replies":[{"embeddable":true,"href":"https:\/\/www.elleetstone.be\/index.php\/wp-json\/wp\/v2\/comments?post=2298"}],"version-history":[{"count":3,"href":"https:\/\/www.elleetstone.be\/index.php\/wp-json\/wp\/v2\/product\/2298\/revisions"}],"predecessor-version":[{"id":2303,"href":"https:\/\/www.elleetstone.be\/index.php\/wp-json\/wp\/v2\/product\/2298\/revisions\/2303"}],"wp:featuredmedia":[{"embeddable":true,"href":"https:\/\/www.elleetstone.be\/index.php\/wp-json\/wp\/v2\/media\/2301"}],"wp:attachment":[{"href":"https:\/\/www.elleetstone.be\/index.php\/wp-json\/wp\/v2\/media?parent=2298"}],"wp:term":[{"taxonomy":"product_brand","embeddable":true,"href":"https:\/\/www.elleetstone.be\/index.php\/wp-json\/wp\/v2\/product_brand?post=2298"},{"taxonomy":"product_cat","embeddable":true,"href":"https:\/\/www.elleetstone.be\/index.php\/wp-json\/wp\/v2\/product_cat?post=2298"},{"taxonomy":"product_tag","embeddable":true,"href":"https:\/\/www.elleetstone.be\/index.php\/wp-json\/wp\/v2\/product_tag?post=2298"}],"curies":[{"name":"wp","href":"https:\/\/api.w.org\/{rel}","templated":true}]}}