{"id":2292,"date":"2025-11-19T10:59:10","date_gmt":"2025-11-19T10:59:10","guid":{"rendered":"https:\/\/www.elleetstone.be\/?post_type=product&#038;p=2292"},"modified":"2025-12-09T10:57:24","modified_gmt":"2025-12-09T10:57:24","slug":"sautoir-dualia-oeil-de-tigre-protection-pouvoir","status":"publish","type":"product","link":"https:\/\/www.elleetstone.be\/index.php\/produit\/sautoir-dualia-oeil-de-tigre-protection-pouvoir\/","title":{"rendered":"Sautoir Dualia &#8211; Oeil de Tigre &#8211; Protection &#8211; Pouvoir"},"content":{"rendered":"<p data-start=\"607\" data-end=\"888\">D\u00e9couvrez notre sautoir <strong data-start=\"631\" data-end=\"641\">Dualia<\/strong>, un bijou unique qui combine <strong data-start=\"671\" data-end=\"732\">\u00e9nergie des pierres fines et \u00e9l\u00e9gance d\u2019une cha\u00eene boh\u00e8me<\/strong>.<\/p>\n<p data-start=\"607\" data-end=\"888\">Les perles d\u2019<strong data-start=\"747\" data-end=\"763\">\u0153il de tigre<\/strong>, aux reflets dor\u00e9s et bruns, sont associ\u00e9es \u00e0 des <strong data-start=\"814\" data-end=\"846\">maillons en acier inoxydable<\/strong>, cr\u00e9ant un contraste subtil et raffin\u00e9.<\/p>\n<p data-start=\"890\" data-end=\"1074\">La <strong data-start=\"893\" data-end=\"920\">breloque Aile de Ph\u00e9nix<\/strong>, sculpt\u00e9e dans l\u2019\u0153il de tigre, symbolise <strong data-start=\"962\" data-end=\"995\">renaissance, force et courage<\/strong>, pour vous accompagner au quotidien et vous prot\u00e9ger des \u00e9nergies n\u00e9gatives.<\/p>\n<p data-start=\"1076\" data-end=\"1103\">Ce collier long apporte :<\/p>\n<ul data-start=\"1104\" data-end=\"1258\">\n<li data-start=\"1104\" data-end=\"1156\">\n<p data-start=\"1106\" data-end=\"1156\"><strong data-start=\"1106\" data-end=\"1131\">Protection et ancrage<\/strong> gr\u00e2ce \u00e0 l\u2019\u0153il de tigre<\/p>\n<\/li>\n<li data-start=\"1157\" data-end=\"1215\">\n<p data-start=\"1159\" data-end=\"1215\"><strong data-start=\"1159\" data-end=\"1192\">Force, courage et renaissance<\/strong> via l\u2019Aile de Ph\u00e9nix<\/p>\n<\/li>\n<li data-start=\"1216\" data-end=\"1258\">\n<p data-start=\"1218\" data-end=\"1258\"><strong data-start=\"1218\" data-end=\"1256\">\u00c9l\u00e9gance boh\u00e8me et esprit talisman<\/strong><\/p>\n<\/li>\n<\/ul>\n<p data-start=\"1260\" data-end=\"1341\">Parfait port\u00e9 seul ou superpos\u00e9, il habille le cou avec l\u00e9g\u00e8ret\u00e9 et mysticisme.<\/p>\n<p data-start=\"1198\" data-end=\"1298\"><strong><a href=\"https:\/\/www.elleetstone.be\/index.php\/conseils-et-entretiens\/\">Conseils et Entretiens<\/a><\/strong><\/p>\n","protected":false},"excerpt":{"rendered":"<ul>\n<li>Sautoir en <strong data-start=\"318\" data-end=\"354\">perles naturelles d\u2019\u0153il de tigre 5 mm et mailles for\u00e7at textur\u00e9 0,8 mm <\/strong><\/li>\n<li>Pendentif Aile sculpt\u00e9e dans l\u2019\u0153il de tigre &#8211; 35 mm<\/li>\n<li>Fermoir et accessoires en acier inoxydable<\/li>\n<li>Taille de 60 \u00e0 65 cm\u00a0 (gr\u00e2ce \u00e0 sa chainette d&rsquo;extension)<\/li>\n<li>Un talisman protecteur qui apporte <strong data-start=\"408\" data-end=\"439\">force, confiance et renaissance<\/strong>.<\/li>\n<li>Fabriqu\u00e9 \u00e0 la main dans mon atelier li\u00e9geois<\/li>\n<\/ul>\n","protected":false},"featured_media":2297,"comment_status":"open","ping_status":"closed","template":"","meta":[],"product_brand":[],"product_cat":[26,31],"product_tag":[74,94,44,90,89,92,43,95,93],"class_list":{"0":"post-2292","1":"product","2":"type-product","3":"status-publish","4":"has-post-thumbnail","6":"product_cat-colliers","7":"product_cat-pierres","8":"product_tag-ancrage","9":"product_tag-bijou-artisanal","10":"product_tag-boheme","11":"product_tag-confiance","12":"product_tag-oeil-de-tigre","13":"product_tag-pierres-naturelles","14":"product_tag-protection","15":"product_tag-sautoir","16":"product_tag-talisman","18":"first","19":"instock","20":"taxable","21":"shipping-taxable","22":"purchasable","23":"product-type-simple"},"jetpack_sharing_enabled":true,"_links":{"self":[{"href":"https:\/\/www.elleetstone.be\/index.php\/wp-json\/wp\/v2\/product\/2292","targetHints":{"allow":["GET"]}}],"collection":[{"href":"https:\/\/www.elleetstone.be\/index.php\/wp-json\/wp\/v2\/product"}],"about":[{"href":"https:\/\/www.elleetstone.be\/index.php\/wp-json\/wp\/v2\/types\/product"}],"replies":[{"embeddable":true,"href":"https:\/\/www.elleetstone.be\/index.php\/wp-json\/wp\/v2\/comments?post=2292"}],"version-history":[{"count":2,"href":"https:\/\/www.elleetstone.be\/index.php\/wp-json\/wp\/v2\/product\/2292\/revisions"}],"predecessor-version":[{"id":2296,"href":"https:\/\/www.elleetstone.be\/index.php\/wp-json\/wp\/v2\/product\/2292\/revisions\/2296"}],"wp:featuredmedia":[{"embeddable":true,"href":"https:\/\/www.elleetstone.be\/index.php\/wp-json\/wp\/v2\/media\/2297"}],"wp:attachment":[{"href":"https:\/\/www.elleetstone.be\/index.php\/wp-json\/wp\/v2\/media?parent=2292"}],"wp:term":[{"taxonomy":"product_brand","embeddable":true,"href":"https:\/\/www.elleetstone.be\/index.php\/wp-json\/wp\/v2\/product_brand?post=2292"},{"taxonomy":"product_cat","embeddable":true,"href":"https:\/\/www.elleetstone.be\/index.php\/wp-json\/wp\/v2\/product_cat?post=2292"},{"taxonomy":"product_tag","embeddable":true,"href":"https:\/\/www.elleetstone.be\/index.php\/wp-json\/wp\/v2\/product_tag?post=2292"}],"curies":[{"name":"wp","href":"https:\/\/api.w.org\/{rel}","templated":true}]}}