{"id":2215,"date":"2025-11-17T16:06:43","date_gmt":"2025-11-17T16:06:43","guid":{"rendered":"https:\/\/www.elleetstone.be\/?post_type=product&#038;p=2215"},"modified":"2025-12-09T10:58:27","modified_gmt":"2025-12-09T10:58:27","slug":"bague-soleara-scarabee-en-pierre-de-soleil","status":"publish","type":"product","link":"https:\/\/www.elleetstone.be\/index.php\/produit\/bague-soleara-scarabee-en-pierre-de-soleil\/","title":{"rendered":"Bague Soleara &#8211; Scarab\u00e9e en Pierre de Soleil"},"content":{"rendered":"<p data-start=\"538\" data-end=\"793\">D\u00e9couvrez notre bague <strong data-start=\"560\" data-end=\"571\">Soleara<\/strong>, pi\u00e8ce unique assembl\u00e9e \u00e0 la main, mettant en valeur un <strong data-start=\"628\" data-end=\"686\">scarab\u00e9e sculpt\u00e9 dans de la pierre de soleil naturelle<\/strong>.<\/p>\n<p data-start=\"538\" data-end=\"793\">La pierre de soleil, lumineuse et chatoyante, symbolise la <strong data-start=\"747\" data-end=\"790\">joie, la vitalit\u00e9 et l\u2019\u00e9nergie positive<\/strong>.<\/p>\n<p data-start=\"795\" data-end=\"960\">Le scarab\u00e9e, symbole de <strong data-start=\"819\" data-end=\"851\">protection et de renaissance<\/strong>, est d\u00e9licatement mont\u00e9 sur une bague boh\u00e8me en <strong data-start=\"900\" data-end=\"925\">acier inoxydable dor\u00e9<\/strong>, offrant robustesse et \u00e9l\u00e9gance.<\/p>\n<p data-start=\"962\" data-end=\"992\">Ce bijou artisanal apporte :<\/p>\n<ul data-start=\"993\" data-end=\"1098\">\n<li data-start=\"993\" data-end=\"1029\">\n<p data-start=\"995\" data-end=\"1029\"><strong data-start=\"995\" data-end=\"1027\">\u00c9nergie solaire et dynamisme<\/strong><\/p>\n<\/li>\n<li data-start=\"1030\" data-end=\"1059\">\n<p data-start=\"1032\" data-end=\"1059\"><strong data-start=\"1032\" data-end=\"1057\">Protection et courage<\/strong><\/p>\n<\/li>\n<li data-start=\"1060\" data-end=\"1098\">\n<p data-start=\"1062\" data-end=\"1098\"><strong data-start=\"1062\" data-end=\"1096\">Confiance en soi et positivit\u00e9<\/strong><\/p>\n<\/li>\n<\/ul>\n<p data-start=\"1100\" data-end=\"1281\">La taille <strong data-start=\"1110\" data-end=\"1122\">r\u00e9glable<\/strong> assure un confort optimal pour tous les doigts.<\/p>\n<p data-start=\"1100\" data-end=\"1281\">Une pi\u00e8ce unique, mystique et raffin\u00e9e, parfaite pour illuminer vos journ\u00e9es ou offrir un cadeau symbolique.<\/p>\n<p><strong><a href=\"https:\/\/www.elleetstone.be\/index.php\/conseils-et-entretiens\/\">Conseils et Entretiens<\/a>\u00a0<\/strong><\/p>\n","protected":false},"excerpt":{"rendered":"<ul>\n<li>Bague r\u00e9glable en acier inoxydable dor\u00e9<strong>\u00a0&#8211; <\/strong>format ovale<\/li>\n<li>Pierre naturelle Pierre de Soleil &#8211; dimens. scarab\u00e9e : 18 x 14 mm (pi\u00e8ce unique)<\/li>\n<li>Origine: Inde<\/li>\n<li>Dynamisme &#8211; Protection &#8211; Positivit\u00e9<\/li>\n<\/ul>\n","protected":false},"featured_media":2217,"comment_status":"open","ping_status":"closed","template":"","meta":[],"product_brand":[],"product_cat":[29],"product_tag":[58,44,87,82,86,85,88,43],"class_list":{"0":"post-2215","1":"product","2":"type-product","3":"status-publish","4":"has-post-thumbnail","6":"product_cat-bagues","7":"product_tag-bague","8":"product_tag-boheme","9":"product_tag-dynamisme","10":"product_tag-energie-positive","11":"product_tag-energie-solaire","12":"product_tag-pierre-de-soleil","13":"product_tag-positivite","14":"product_tag-protection","16":"first","17":"instock","18":"taxable","19":"shipping-taxable","20":"purchasable","21":"product-type-simple"},"jetpack_sharing_enabled":true,"_links":{"self":[{"href":"https:\/\/www.elleetstone.be\/index.php\/wp-json\/wp\/v2\/product\/2215","targetHints":{"allow":["GET"]}}],"collection":[{"href":"https:\/\/www.elleetstone.be\/index.php\/wp-json\/wp\/v2\/product"}],"about":[{"href":"https:\/\/www.elleetstone.be\/index.php\/wp-json\/wp\/v2\/types\/product"}],"replies":[{"embeddable":true,"href":"https:\/\/www.elleetstone.be\/index.php\/wp-json\/wp\/v2\/comments?post=2215"}],"version-history":[{"count":3,"href":"https:\/\/www.elleetstone.be\/index.php\/wp-json\/wp\/v2\/product\/2215\/revisions"}],"predecessor-version":[{"id":2219,"href":"https:\/\/www.elleetstone.be\/index.php\/wp-json\/wp\/v2\/product\/2215\/revisions\/2219"}],"wp:featuredmedia":[{"embeddable":true,"href":"https:\/\/www.elleetstone.be\/index.php\/wp-json\/wp\/v2\/media\/2217"}],"wp:attachment":[{"href":"https:\/\/www.elleetstone.be\/index.php\/wp-json\/wp\/v2\/media?parent=2215"}],"wp:term":[{"taxonomy":"product_brand","embeddable":true,"href":"https:\/\/www.elleetstone.be\/index.php\/wp-json\/wp\/v2\/product_brand?post=2215"},{"taxonomy":"product_cat","embeddable":true,"href":"https:\/\/www.elleetstone.be\/index.php\/wp-json\/wp\/v2\/product_cat?post=2215"},{"taxonomy":"product_tag","embeddable":true,"href":"https:\/\/www.elleetstone.be\/index.php\/wp-json\/wp\/v2\/product_tag?post=2215"}],"curies":[{"name":"wp","href":"https:\/\/api.w.org\/{rel}","templated":true}]}}