{"id":2187,"date":"2025-11-17T14:58:38","date_gmt":"2025-11-17T14:58:38","guid":{"rendered":"https:\/\/www.elleetstone.be\/?post_type=product&#038;p=2187"},"modified":"2025-11-17T15:00:27","modified_gmt":"2025-11-17T15:00:27","slug":"bague-onyra-agate-botswana-ovale-38-mm","status":"publish","type":"product","link":"https:\/\/www.elleetstone.be\/index.php\/produit\/bague-onyra-agate-botswana-ovale-38-mm\/","title":{"rendered":"Bague Onyra &#8211; Agate Botswana &#8211; ovale 38 mm"},"content":{"rendered":"<p>D\u00e9couvrez notre bague en <strong data-start=\"475\" data-end=\"496\">argent massif 925<\/strong>, orn\u00e9e d\u2019une <strong data-start=\"510\" data-end=\"552\">pierre d&rsquo;Agate du Botswana<\/strong><strong data-start=\"559\" data-end=\"604\">\u00a0sertie \u00e0 la main par des artisans indiens<\/strong> au savoir-faire ancestral.<br data-start=\"631\" data-end=\"634\" \/>Un bijou authentique, \u00e9l\u00e9gant et rempli d\u2019\u00e9nergie.<\/p>\n<p>Chaque pierre est unique, avec ses fines striures et nuances grises, brunes et blanches, symboles d\u2019harmonie et de stabilit\u00e9.<\/p>\n<p>La taille <strong data-start=\"882\" data-end=\"894\">r\u00e9glable<\/strong> assure un confort optimal pour tous les doigts.<\/p>\n<p>Une pi\u00e8ce \u00e9l\u00e9gante et mystique, parfaite pour illuminer vos journ\u00e9es ou offrir un cadeau charg\u00e9 de sens.<\/p>\n<p class=\"p1\">Id\u00e9al pour accompagner votre quotidien avec intention.<\/p>\n<p><strong><a href=\"https:\/\/www.elleetstone.be\/index.php\/conseils-et-entretiens\/\">Conseils et Entretiens<\/a>\u00a0<\/strong><\/p>\n","protected":false},"excerpt":{"rendered":"<ul>\n<li>Bague r\u00e9glable en <strong>argent 925 &#8211; <\/strong>format ovale<\/li>\n<li>Pierre naturelle Agate du Botswana &#8211; dimens. pierre : 38 x 20 mm (pi\u00e8ce unique)<\/li>\n<li>Origine: Botswana<\/li>\n<li>Ancrage, Clart\u00e9 mentale, Protection<\/li>\n<\/ul>\n","protected":false},"featured_media":2188,"comment_status":"open","ping_status":"closed","template":"","meta":[],"product_brand":[],"product_cat":[29],"product_tag":[77,74,46,58,44,78,43,75],"class_list":{"0":"post-2187","1":"product","2":"type-product","3":"status-publish","4":"has-post-thumbnail","6":"product_cat-bagues","7":"product_tag-agate-du-botswana","8":"product_tag-ancrage","9":"product_tag-argent-925","10":"product_tag-bague","11":"product_tag-boheme","12":"product_tag-clarte-mentale","13":"product_tag-protection","14":"product_tag-stabilite-emotionnelle","16":"first","17":"instock","18":"taxable","19":"shipping-taxable","20":"purchasable","21":"product-type-simple"},"jetpack_sharing_enabled":true,"_links":{"self":[{"href":"https:\/\/www.elleetstone.be\/index.php\/wp-json\/wp\/v2\/product\/2187","targetHints":{"allow":["GET"]}}],"collection":[{"href":"https:\/\/www.elleetstone.be\/index.php\/wp-json\/wp\/v2\/product"}],"about":[{"href":"https:\/\/www.elleetstone.be\/index.php\/wp-json\/wp\/v2\/types\/product"}],"replies":[{"embeddable":true,"href":"https:\/\/www.elleetstone.be\/index.php\/wp-json\/wp\/v2\/comments?post=2187"}],"version-history":[{"count":1,"href":"https:\/\/www.elleetstone.be\/index.php\/wp-json\/wp\/v2\/product\/2187\/revisions"}],"predecessor-version":[{"id":2189,"href":"https:\/\/www.elleetstone.be\/index.php\/wp-json\/wp\/v2\/product\/2187\/revisions\/2189"}],"wp:featuredmedia":[{"embeddable":true,"href":"https:\/\/www.elleetstone.be\/index.php\/wp-json\/wp\/v2\/media\/2188"}],"wp:attachment":[{"href":"https:\/\/www.elleetstone.be\/index.php\/wp-json\/wp\/v2\/media?parent=2187"}],"wp:term":[{"taxonomy":"product_brand","embeddable":true,"href":"https:\/\/www.elleetstone.be\/index.php\/wp-json\/wp\/v2\/product_brand?post=2187"},{"taxonomy":"product_cat","embeddable":true,"href":"https:\/\/www.elleetstone.be\/index.php\/wp-json\/wp\/v2\/product_cat?post=2187"},{"taxonomy":"product_tag","embeddable":true,"href":"https:\/\/www.elleetstone.be\/index.php\/wp-json\/wp\/v2\/product_tag?post=2187"}],"curies":[{"name":"wp","href":"https:\/\/api.w.org\/{rel}","templated":true}]}}