{"id":2151,"date":"2025-11-17T14:18:14","date_gmt":"2025-11-17T14:18:14","guid":{"rendered":"https:\/\/www.elleetstone.be\/?post_type=product&#038;p=2151"},"modified":"2025-11-17T14:20:13","modified_gmt":"2025-11-17T14:20:13","slug":"bague-aurea-dolomite-cuivree-ovale-33-mm","status":"publish","type":"product","link":"https:\/\/www.elleetstone.be\/index.php\/produit\/bague-aurea-dolomite-cuivree-ovale-33-mm\/","title":{"rendered":"Bague Aurea -Dolomite cuivr\u00e9e &#8211; ovale 33 mm"},"content":{"rendered":"<p>D\u00e9couvrez notre bague en <strong data-start=\"475\" data-end=\"496\">argent massif 925<\/strong>, orn\u00e9e d\u2019une <strong data-start=\"510\" data-end=\"552\">pierre de Dolomite cuivr\u00e9e<\/strong><strong data-start=\"559\" data-end=\"604\">\u00a0sertie \u00e0 la main par des artisans indiens<\/strong> au savoir-faire ancestral.<br data-start=\"631\" data-end=\"634\" \/>Un bijou authentique, \u00e9l\u00e9gant et rempli d\u2019\u00e9nergie.<\/p>\n<p>Chaque pierre est unique, aux tons chauds et lumineux rappelant la <strong data-start=\"692\" data-end=\"713\">lumi\u00e8re du cuivre<\/strong>.<\/p>\n<p>La taille <strong data-start=\"882\" data-end=\"894\">r\u00e9glable<\/strong> assure un confort optimal pour tous les doigts.<\/p>\n<p>Une pi\u00e8ce \u00e9l\u00e9gante et mystique, parfaite pour illuminer vos journ\u00e9es ou offrir un cadeau charg\u00e9 de sens.<\/p>\n<p class=\"p1\">Id\u00e9al pour accompagner votre quotidien avec intention.<\/p>\n<p><strong><a href=\"https:\/\/www.elleetstone.be\/index.php\/conseils-et-entretiens\/\">Conseils et Entretiens<\/a>\u00a0<\/strong><\/p>\n","protected":false},"excerpt":{"rendered":"<ul>\n<li>Bague r\u00e9glable en <strong>argent 925 &#8211; <\/strong>format ovale<\/li>\n<li>Pierre naturelle <b>Dolomite cuivr\u00e9e<\/b>\u00a0 &#8211; dimens. pierre : 33 x 20 mm (pi\u00e8ce unique)<\/li>\n<li>Origine: USA, Alabama<\/li>\n<li>Ancrage, Stabilit\u00e9 \u00e9motionnelle, Energie cr\u00e9ative<\/li>\n<\/ul>\n","protected":false},"featured_media":2133,"comment_status":"open","ping_status":"closed","template":"","meta":[],"product_brand":[],"product_cat":[29],"product_tag":[74,46,58,44,73,76,75],"class_list":{"0":"post-2151","1":"product","2":"type-product","3":"status-publish","4":"has-post-thumbnail","6":"product_cat-bagues","7":"product_tag-ancrage","8":"product_tag-argent-925","9":"product_tag-bague","10":"product_tag-boheme","11":"product_tag-dolomite-cuivree","12":"product_tag-energie-creative","13":"product_tag-stabilite-emotionnelle","15":"first","16":"instock","17":"taxable","18":"shipping-taxable","19":"purchasable","20":"product-type-simple"},"jetpack_sharing_enabled":true,"_links":{"self":[{"href":"https:\/\/www.elleetstone.be\/index.php\/wp-json\/wp\/v2\/product\/2151","targetHints":{"allow":["GET"]}}],"collection":[{"href":"https:\/\/www.elleetstone.be\/index.php\/wp-json\/wp\/v2\/product"}],"about":[{"href":"https:\/\/www.elleetstone.be\/index.php\/wp-json\/wp\/v2\/types\/product"}],"replies":[{"embeddable":true,"href":"https:\/\/www.elleetstone.be\/index.php\/wp-json\/wp\/v2\/comments?post=2151"}],"version-history":[{"count":1,"href":"https:\/\/www.elleetstone.be\/index.php\/wp-json\/wp\/v2\/product\/2151\/revisions"}],"predecessor-version":[{"id":2161,"href":"https:\/\/www.elleetstone.be\/index.php\/wp-json\/wp\/v2\/product\/2151\/revisions\/2161"}],"wp:featuredmedia":[{"embeddable":true,"href":"https:\/\/www.elleetstone.be\/index.php\/wp-json\/wp\/v2\/media\/2133"}],"wp:attachment":[{"href":"https:\/\/www.elleetstone.be\/index.php\/wp-json\/wp\/v2\/media?parent=2151"}],"wp:term":[{"taxonomy":"product_brand","embeddable":true,"href":"https:\/\/www.elleetstone.be\/index.php\/wp-json\/wp\/v2\/product_brand?post=2151"},{"taxonomy":"product_cat","embeddable":true,"href":"https:\/\/www.elleetstone.be\/index.php\/wp-json\/wp\/v2\/product_cat?post=2151"},{"taxonomy":"product_tag","embeddable":true,"href":"https:\/\/www.elleetstone.be\/index.php\/wp-json\/wp\/v2\/product_tag?post=2151"}],"curies":[{"name":"wp","href":"https:\/\/api.w.org\/{rel}","templated":true}]}}