{"id":2126,"date":"2025-11-17T14:01:40","date_gmt":"2025-11-17T14:01:40","guid":{"rendered":"https:\/\/www.elleetstone.be\/?post_type=product&#038;p=2126"},"modified":"2025-11-20T14:51:53","modified_gmt":"2025-11-20T14:51:53","slug":"bague-aurea-dolomite-cuivree-33-mm","status":"publish","type":"product","link":"https:\/\/www.elleetstone.be\/index.php\/produit\/bague-aurea-dolomite-cuivree-33-mm\/","title":{"rendered":"Bague Aurea -Dolomite cuivr\u00e9e &#8211; 18 mm"},"content":{"rendered":"<p>D\u00e9couvrez notre bague en argent massif 925, orn\u00e9e d\u2019une pierre de Dolomite cuivr\u00e9e\u00a0sertie \u00e0 la main par des artisans indiens au savoir-faire ancestral.<br \/>\nUn bijou authentique, \u00e9l\u00e9gant et rempli d\u2019\u00e9nergie. Chaque pierre est unique, aux tons chauds et lumineux rappelant la lumi\u00e8re du cuivre. Une pi\u00e8ce \u00e9l\u00e9gante et mystique, parfaite pour illuminer vos journ\u00e9es ou offrir un cadeau charg\u00e9 de sens. Id\u00e9al pour accompagner votre quotidien avec intention.<\/p>\n<p><a href=\"https:\/\/www.elleetstone.be\/index.php\/conseils-et-entretiens\/\">Conseils et Entretiens\u00a0<\/a><\/p>\n","protected":false},"excerpt":{"rendered":"<ul>\n<li>Bague T.58 en <strong>argent 925 &#8211; <\/strong>format rectangle<\/li>\n<li>Pierre naturelle <b>Dolomite cuivr\u00e9e<\/b>\u00a0 &#8211; dimens. pierre : 18 x 13 mm (pi\u00e8ce unique)<\/li>\n<li>Origine: USA, Alabama<\/li>\n<li>Ancrage, Stabilit\u00e9 \u00e9motionnelle, Energie cr\u00e9ative<\/li>\n<\/ul>\n","protected":false},"featured_media":2146,"comment_status":"open","ping_status":"closed","template":"","meta":[],"product_brand":[],"product_cat":[29],"product_tag":[74,46,58,44,73,76,75],"class_list":{"0":"post-2126","1":"product","2":"type-product","3":"status-publish","4":"has-post-thumbnail","6":"product_cat-bagues","7":"product_tag-ancrage","8":"product_tag-argent-925","9":"product_tag-bague","10":"product_tag-boheme","11":"product_tag-dolomite-cuivree","12":"product_tag-energie-creative","13":"product_tag-stabilite-emotionnelle","15":"first","16":"instock","17":"taxable","18":"shipping-taxable","19":"purchasable","20":"product-type-simple"},"jetpack_sharing_enabled":true,"_links":{"self":[{"href":"https:\/\/www.elleetstone.be\/index.php\/wp-json\/wp\/v2\/product\/2126","targetHints":{"allow":["GET"]}}],"collection":[{"href":"https:\/\/www.elleetstone.be\/index.php\/wp-json\/wp\/v2\/product"}],"about":[{"href":"https:\/\/www.elleetstone.be\/index.php\/wp-json\/wp\/v2\/types\/product"}],"replies":[{"embeddable":true,"href":"https:\/\/www.elleetstone.be\/index.php\/wp-json\/wp\/v2\/comments?post=2126"}],"version-history":[{"count":9,"href":"https:\/\/www.elleetstone.be\/index.php\/wp-json\/wp\/v2\/product\/2126\/revisions"}],"predecessor-version":[{"id":2344,"href":"https:\/\/www.elleetstone.be\/index.php\/wp-json\/wp\/v2\/product\/2126\/revisions\/2344"}],"wp:featuredmedia":[{"embeddable":true,"href":"https:\/\/www.elleetstone.be\/index.php\/wp-json\/wp\/v2\/media\/2146"}],"wp:attachment":[{"href":"https:\/\/www.elleetstone.be\/index.php\/wp-json\/wp\/v2\/media?parent=2126"}],"wp:term":[{"taxonomy":"product_brand","embeddable":true,"href":"https:\/\/www.elleetstone.be\/index.php\/wp-json\/wp\/v2\/product_brand?post=2126"},{"taxonomy":"product_cat","embeddable":true,"href":"https:\/\/www.elleetstone.be\/index.php\/wp-json\/wp\/v2\/product_cat?post=2126"},{"taxonomy":"product_tag","embeddable":true,"href":"https:\/\/www.elleetstone.be\/index.php\/wp-json\/wp\/v2\/product_tag?post=2126"}],"curies":[{"name":"wp","href":"https:\/\/api.w.org\/{rel}","templated":true}]}}