{"id":2104,"date":"2025-11-17T13:26:13","date_gmt":"2025-11-17T13:26:13","guid":{"rendered":"https:\/\/www.elleetstone.be\/?post_type=product&#038;p=2104"},"modified":"2025-11-17T13:34:39","modified_gmt":"2025-11-17T13:34:39","slug":"bague-selena-selenite","status":"publish","type":"product","link":"https:\/\/www.elleetstone.be\/index.php\/produit\/bague-selena-selenite\/","title":{"rendered":"Bague Selena- S\u00e9l\u00e9nite"},"content":{"rendered":"<p>D\u00e9couvrez notre bague en <strong data-start=\"475\" data-end=\"496\">argent massif 925<\/strong>, orn\u00e9e d\u2019une <strong data-start=\"510\" data-end=\"552\">pierre de S\u00e9l\u00e9nite<\/strong><strong data-start=\"559\" data-end=\"604\">\u00a0sertie \u00e0 la main par des artisans indiens<\/strong> au savoir-faire ancestral.<br data-start=\"631\" data-end=\"634\" \/>Un bijou authentique, \u00e9l\u00e9gant et rempli d\u2019\u00e9nergie.<\/p>\n<p>La\u00a0<strong>s\u00e9l\u00e9nite<\/strong>\u00a0apporte le calme et la paix. Pierre de vibration tr\u00e8s fine, elle conf\u00e8re clart\u00e9 d&rsquo;esprit et s\u00e9r\u00e9nit\u00e9.<\/p>\n<p>Stimule l&rsquo;intuition et et ancre dans le moment pr\u00e9sent.<\/p>\n<p>On peut former une barri\u00e8re de protection en pla\u00e7ant des cristaux de s\u00e9l\u00e9nite aux 4 coins d&rsquo;une pi\u00e8ce.<\/p>\n<p>Elle prot\u00e8ge alors des influences ext\u00e9rieures sur le mental.<\/p>\n<p>La\u00a0<strong>s\u00e9l\u00e9nite<\/strong>\u00a0du Mexique est la plus blanche des vari\u00e9t\u00e9s de gypse.<\/p>\n<p>La\u00a0<strong>s\u00e9l\u00e9nite<\/strong>\u00a0est une roche tr\u00e8s tendre, et se raye \u00e0 l&rsquo;ongle ! Soyez tr\u00e8s pr\u00e9cautionneux lors de vos manipulations.<\/p>\n<p class=\"p1\">Id\u00e9al pour accompagner votre quotidien avec intention.<\/p>\n<p><strong><a href=\"https:\/\/www.elleetstone.be\/index.php\/conseils-et-entretiens\/\">Conseils et Entretiens<\/a>\u00a0<\/strong><\/p>\n","protected":false},"excerpt":{"rendered":"<ul>\n<li>Bague r\u00e9glable en <strong>argent 925 &#8211; <\/strong>format ovale<\/li>\n<li>Pierre naturelle <strong>S\u00e9l\u00e9nite<\/strong>\u00a0 &#8211; dimens. pierre : 36 x 20 mm (pi\u00e8ce unique)<\/li>\n<li>Origine: Mexique<\/li>\n<li>Calme, S\u00e9r\u00e9nit\u00e9, apaise l&rsquo;Esprit<\/li>\n<\/ul>\n","protected":false},"featured_media":2105,"comment_status":"open","ping_status":"closed","template":"","meta":[],"product_brand":[],"product_cat":[29],"product_tag":[68,46,58,44,55,50],"class_list":{"0":"post-2104","1":"product","2":"type-product","3":"status-publish","4":"has-post-thumbnail","6":"product_cat-bagues","7":"product_tag-apaisante","8":"product_tag-argent-925","9":"product_tag-bague","10":"product_tag-boheme","11":"product_tag-calme","12":"product_tag-serenite","14":"first","15":"instock","16":"taxable","17":"shipping-taxable","18":"purchasable","19":"product-type-simple"},"jetpack_sharing_enabled":true,"_links":{"self":[{"href":"https:\/\/www.elleetstone.be\/index.php\/wp-json\/wp\/v2\/product\/2104","targetHints":{"allow":["GET"]}}],"collection":[{"href":"https:\/\/www.elleetstone.be\/index.php\/wp-json\/wp\/v2\/product"}],"about":[{"href":"https:\/\/www.elleetstone.be\/index.php\/wp-json\/wp\/v2\/types\/product"}],"replies":[{"embeddable":true,"href":"https:\/\/www.elleetstone.be\/index.php\/wp-json\/wp\/v2\/comments?post=2104"}],"version-history":[{"count":2,"href":"https:\/\/www.elleetstone.be\/index.php\/wp-json\/wp\/v2\/product\/2104\/revisions"}],"predecessor-version":[{"id":2107,"href":"https:\/\/www.elleetstone.be\/index.php\/wp-json\/wp\/v2\/product\/2104\/revisions\/2107"}],"wp:featuredmedia":[{"embeddable":true,"href":"https:\/\/www.elleetstone.be\/index.php\/wp-json\/wp\/v2\/media\/2105"}],"wp:attachment":[{"href":"https:\/\/www.elleetstone.be\/index.php\/wp-json\/wp\/v2\/media?parent=2104"}],"wp:term":[{"taxonomy":"product_brand","embeddable":true,"href":"https:\/\/www.elleetstone.be\/index.php\/wp-json\/wp\/v2\/product_brand?post=2104"},{"taxonomy":"product_cat","embeddable":true,"href":"https:\/\/www.elleetstone.be\/index.php\/wp-json\/wp\/v2\/product_cat?post=2104"},{"taxonomy":"product_tag","embeddable":true,"href":"https:\/\/www.elleetstone.be\/index.php\/wp-json\/wp\/v2\/product_tag?post=2104"}],"curies":[{"name":"wp","href":"https:\/\/api.w.org\/{rel}","templated":true}]}}