{"id":2099,"date":"2025-11-17T13:18:07","date_gmt":"2025-11-17T13:18:07","guid":{"rendered":"https:\/\/www.elleetstone.be\/?post_type=product&#038;p=2099"},"modified":"2025-11-17T13:20:09","modified_gmt":"2025-11-17T13:20:09","slug":"bague-rosalia-cobaltocalcite-rectangulaire-19-mm","status":"publish","type":"product","link":"https:\/\/www.elleetstone.be\/index.php\/produit\/bague-rosalia-cobaltocalcite-rectangulaire-19-mm\/","title":{"rendered":"Bague Rosalia &#8211; Cobaltocalcite &#8211; rectangulaire &#8211; 19 mm"},"content":{"rendered":"<p>D\u00e9couvrez notre bague en <strong data-start=\"475\" data-end=\"496\">argent massif 925<\/strong>, orn\u00e9e d\u2019une <strong data-start=\"510\" data-end=\"552\">pierre de Cobaltocalcite<\/strong><strong data-start=\"559\" data-end=\"604\"> polie sertie \u00e0 la main par des artisans indiens<\/strong> au savoir-faire ancestral.<br data-start=\"631\" data-end=\"634\" \/>Un bijou authentique, \u00e9l\u00e9gant et rempli d\u2019\u00e9nergie.<\/p>\n<p>Symbole de l&rsquo;amour pur et authentique, la\u00a0<strong>cobaltocalite<\/strong>\u00a0ouvre \u00e0 une\u00a0d\u00e9couverte de soi profonde en connectant le c\u0153ur au mental. Si on h\u00e9site quant \u00e0 la direction spirituelle \u00e0 emprunter, cette pierre rose aide \u00e0 trouver ses talents inn\u00e9s et\u00a0sa mission\u00a0de vie.<\/p>\n<p>La\u00a0<strong>cobaltocalcite<\/strong>\u00a0aide \u00e0 traduire les id\u00e9es en action, mais sans forcer.<\/p>\n<p>Elle \u00e9quilibre et remet en harmonie le mental\u00a0et les \u00e9motions de mani\u00e8re \u00e0 induire un l\u00e2cher prise en douceur.\u00a0Pierre tr\u00e8s efficace en cas d&rsquo;amour perdu ou bris\u00e9,\u00a0la\u00a0<strong>cobaltocalcite<\/strong>\u00a0incite \u00e0 plus de compassion et d&rsquo;acceptation.<\/p>\n<p>Cette\u00a0pierre est particuli\u00e8rement recommand\u00e9e pour la\u00a0gu\u00e9rison \u00e9motionnelle, en r\u00e9mission de blessures sentimentales ou pour surmonter les blocages affectifs, la solitude, le chagrin ou la tristesse.<\/p>\n<p>La\u00a0<strong>cobaltocalcite<\/strong>\u00a0calme les sentiments vifs,\u00a0invite\u00a0\u00e0 l&rsquo;amour de soi et des autres et au sentiment de bien-\u00eatre g\u00e9n\u00e9ral.<\/p>\n<p>Encourageant la croissance \u00e9motionnel,\u00a0la\u00a0<strong>cobaltocalcite<\/strong>\u00a0diffuse une \u00e9nergie tr\u00e8s\u00a0r\u00e9confortante\u00a0permettant de se materner soi-m\u00eame. Elle est d&rsquo;un grand soutien pour les personnes\u00a0qui ont choisi de porter la douleur des autres.<\/p>\n<p>Elle nous lib\u00e8re des attaches\u00a0\u00e9motionnelles si le pardon n&rsquo;est pas possible.<\/p>\n<p>Id\u00e9al pour accompagner votre quotidien avec intention.<\/p>\n<p><strong><a href=\"https:\/\/www.elleetstone.be\/index.php\/conseils-et-entretiens\/\">Conseils et Entretiens<\/a>\u00a0<\/strong><\/p>\n","protected":false},"excerpt":{"rendered":"<ul>\n<li>Bague T. 54 en <strong>argent 925 &#8211; <\/strong>rectangulaire<\/li>\n<li>Pierre naturelle <b>Cobaltocalcite polie<\/b> &#8211; dimens. pierre : 19x 16 mm (pi\u00e8ce unique)<\/li>\n<li>Origine: Congo<\/li>\n<li>Amour, Compassion, Ouverture des \u00e9motions<\/li>\n<\/ul>\n","protected":false},"featured_media":2100,"comment_status":"open","ping_status":"closed","template":"","meta":[],"product_brand":[],"product_cat":[29],"product_tag":[67,64,46,58,44,63,65],"class_list":{"0":"post-2099","1":"product","2":"type-product","3":"status-publish","4":"has-post-thumbnail","6":"product_cat-bagues","7":"product_tag-acceptation","8":"product_tag-amour-profond","9":"product_tag-argent-925","10":"product_tag-bague","11":"product_tag-boheme","12":"product_tag-cobaltocalcite","13":"product_tag-compassion","15":"first","16":"instock","17":"taxable","18":"shipping-taxable","19":"purchasable","20":"product-type-simple"},"jetpack_sharing_enabled":true,"_links":{"self":[{"href":"https:\/\/www.elleetstone.be\/index.php\/wp-json\/wp\/v2\/product\/2099","targetHints":{"allow":["GET"]}}],"collection":[{"href":"https:\/\/www.elleetstone.be\/index.php\/wp-json\/wp\/v2\/product"}],"about":[{"href":"https:\/\/www.elleetstone.be\/index.php\/wp-json\/wp\/v2\/types\/product"}],"replies":[{"embeddable":true,"href":"https:\/\/www.elleetstone.be\/index.php\/wp-json\/wp\/v2\/comments?post=2099"}],"version-history":[{"count":2,"href":"https:\/\/www.elleetstone.be\/index.php\/wp-json\/wp\/v2\/product\/2099\/revisions"}],"predecessor-version":[{"id":2102,"href":"https:\/\/www.elleetstone.be\/index.php\/wp-json\/wp\/v2\/product\/2099\/revisions\/2102"}],"wp:featuredmedia":[{"embeddable":true,"href":"https:\/\/www.elleetstone.be\/index.php\/wp-json\/wp\/v2\/media\/2100"}],"wp:attachment":[{"href":"https:\/\/www.elleetstone.be\/index.php\/wp-json\/wp\/v2\/media?parent=2099"}],"wp:term":[{"taxonomy":"product_brand","embeddable":true,"href":"https:\/\/www.elleetstone.be\/index.php\/wp-json\/wp\/v2\/product_brand?post=2099"},{"taxonomy":"product_cat","embeddable":true,"href":"https:\/\/www.elleetstone.be\/index.php\/wp-json\/wp\/v2\/product_cat?post=2099"},{"taxonomy":"product_tag","embeddable":true,"href":"https:\/\/www.elleetstone.be\/index.php\/wp-json\/wp\/v2\/product_tag?post=2099"}],"curies":[{"name":"wp","href":"https:\/\/api.w.org\/{rel}","templated":true}]}}