{"id":2017,"date":"2025-11-17T11:49:59","date_gmt":"2025-11-17T11:49:59","guid":{"rendered":"https:\/\/www.elleetstone.be\/?post_type=product&#038;p=2017"},"modified":"2025-11-17T16:24:48","modified_gmt":"2025-11-17T16:24:48","slug":"bague-saphia-ovale-40-mm","status":"publish","type":"product","link":"https:\/\/www.elleetstone.be\/index.php\/produit\/bague-saphia-ovale-40-mm\/","title":{"rendered":"Bague Saphia- Amethyste &#8211; ovale 40 mm"},"content":{"rendered":"<p>D\u00e9couvrez notre bague en <strong data-start=\"475\" data-end=\"496\">argent massif 925<\/strong>, orn\u00e9e d\u2019une <strong data-start=\"510\" data-end=\"552\">pierre d&rsquo;Am\u00e9thyste ruban\u00e9e<\/strong><strong data-start=\"559\" data-end=\"604\">\u00a0sertie \u00e0 la main par des artisans indiens<\/strong> au savoir-faire ancestral.<br data-start=\"631\" data-end=\"634\" \/>Un bijou authentique, \u00e9l\u00e9gant et rempli d\u2019\u00e9nergie.<\/p>\n<p class=\"p1\"><strong>L\u2019am\u00e9thyste ruban\u00e9e<\/strong>\u00a0est une pierre de protection et de purification tr\u00e8s puissante, dot\u00e9e d&rsquo;une haute vibration spirituelle. Alternance unique de cristal de roche et d&rsquo;am\u00e9thyste,\u00a0l<strong>&lsquo;am\u00e9thyste ruban\u00e9e<\/strong>\u00a0dissipe\u00a0distractions et addictions pour soulager votre charge mentale. Ainsi purifi\u00e9, votre esprit peut ainsi s&rsquo;ouvrir \u00e0 de nouvelles opportunit\u00e9s et\u00a0\u00e9veiller votre spiritualit\u00e9.<\/p>\n<p class=\"p1\">Si vous vous sentez anxieux, que vous avez des insomnies, des maux de t\u00eates, ou que vous vous sentez distrait(e) ou dispers\u00e9(e),\u00a0<strong>l&rsquo;am\u00e9thyste ruban\u00e9e<\/strong>\u00a0sera particuli\u00e8rement utile.<\/p>\n<p class=\"p1\"><strong>L&rsquo;am\u00e9thyste<\/strong>\u00a0<strong>ruban\u00e9e<\/strong>\u00a0nous prot\u00e8ge des \u00e9nergies n\u00e9gatives que l&rsquo;on s&rsquo;inflige.\u00a0Elle fortifie le mental pour \u00e9liminer anxi\u00e9t\u00e9, inqu\u00e9tude, addiction, peurs irraisonn\u00e9s mais aussi procrastination, flemme ou manque de volont\u00e9.<\/p>\n<p class=\"p1\">Pierre \u00e0\u00a0tr\u00e8s haute vibration spirituelle, elle d\u00e9veloppe transmute les \u00e9nergies basse en \u00e9nergie \u00e0 haute fr\u00e9quence et pr\u00e9pare \u00e0 l&rsquo;\u00e9veil spirituel.<\/p>\n<p>Id\u00e9al pour accompagner votre quotidien avec intention.<\/p>\n<p><strong><a href=\"https:\/\/www.elleetstone.be\/index.php\/conseils-et-entretiens\/\">Conseils et Entretiens<\/a>\u00a0<\/strong><\/p>\n","protected":false},"excerpt":{"rendered":"<ul>\n<li>Bague r\u00e9glable en <strong>argent 925 &#8211; <\/strong>format ovale<\/li>\n<li>Pierre naturelle <strong>Amethyste ruban\u00e9e<\/strong>\u00a0 &#8211; dimens. pierre : 40 x 19 mm (pi\u00e8ce unique)<\/li>\n<li>Origine: Zambie<\/li>\n<li>Eveil spirituel, R\u00e9duit le stress, Concentration<\/li>\n<\/ul>\n","protected":false},"featured_media":2018,"comment_status":"open","ping_status":"closed","template":"","meta":[],"product_brand":[],"product_cat":[29],"product_tag":[57,46,58,62,59,53],"class_list":{"0":"post-2017","1":"product","2":"type-product","3":"status-publish","4":"has-post-thumbnail","6":"product_cat-bagues","7":"product_tag-amethyste-rubanee","8":"product_tag-argent-925","9":"product_tag-bague","10":"product_tag-concentration","11":"product_tag-eveil-spirituel","12":"product_tag-liberation","14":"first","15":"instock","16":"taxable","17":"shipping-taxable","18":"purchasable","19":"product-type-simple"},"jetpack_sharing_enabled":true,"_links":{"self":[{"href":"https:\/\/www.elleetstone.be\/index.php\/wp-json\/wp\/v2\/product\/2017","targetHints":{"allow":["GET"]}}],"collection":[{"href":"https:\/\/www.elleetstone.be\/index.php\/wp-json\/wp\/v2\/product"}],"about":[{"href":"https:\/\/www.elleetstone.be\/index.php\/wp-json\/wp\/v2\/types\/product"}],"replies":[{"embeddable":true,"href":"https:\/\/www.elleetstone.be\/index.php\/wp-json\/wp\/v2\/comments?post=2017"}],"version-history":[{"count":3,"href":"https:\/\/www.elleetstone.be\/index.php\/wp-json\/wp\/v2\/product\/2017\/revisions"}],"predecessor-version":[{"id":2223,"href":"https:\/\/www.elleetstone.be\/index.php\/wp-json\/wp\/v2\/product\/2017\/revisions\/2223"}],"wp:featuredmedia":[{"embeddable":true,"href":"https:\/\/www.elleetstone.be\/index.php\/wp-json\/wp\/v2\/media\/2018"}],"wp:attachment":[{"href":"https:\/\/www.elleetstone.be\/index.php\/wp-json\/wp\/v2\/media?parent=2017"}],"wp:term":[{"taxonomy":"product_brand","embeddable":true,"href":"https:\/\/www.elleetstone.be\/index.php\/wp-json\/wp\/v2\/product_brand?post=2017"},{"taxonomy":"product_cat","embeddable":true,"href":"https:\/\/www.elleetstone.be\/index.php\/wp-json\/wp\/v2\/product_cat?post=2017"},{"taxonomy":"product_tag","embeddable":true,"href":"https:\/\/www.elleetstone.be\/index.php\/wp-json\/wp\/v2\/product_tag?post=2017"}],"curies":[{"name":"wp","href":"https:\/\/api.w.org\/{rel}","templated":true}]}}