{"id":1638,"date":"2025-11-14T12:06:25","date_gmt":"2025-11-14T12:06:25","guid":{"rendered":"https:\/\/www.elleetstone.be\/?post_type=product&#038;p=1638"},"modified":"2025-11-17T16:23:11","modified_gmt":"2025-11-17T16:23:11","slug":"modele-bague-1","status":"publish","type":"product","link":"https:\/\/www.elleetstone.be\/index.php\/produit\/modele-bague-1\/","title":{"rendered":"Bague India &#8211; Rhodonite &#8211; ovale 25 mm"},"content":{"rendered":"<p>\u2666 Bague en Rhodonite \u2013 Pierre naturelle d\u2019<strong>apaisement<\/strong> et d\u2019<strong>harmonie \u00e9motionnelle<\/strong><\/p>\n<p data-start=\"377\" data-end=\"717\">\u2666 Cette bague en rhodonite est un bijou en pierre naturelle reconnu pour ses propri\u00e9t\u00e9s apaisantes. Rose \u00e0 brun avec un\u00a0aspect nacr\u00e9<\/p>\n<p data-start=\"377\" data-end=\"717\">\u2666 En lithoth\u00e9rapie, la rhodonite aide \u00e0 calmer le stress, \u00e0<strong> \u00e9quilibrer les \u00e9motions<\/strong> et \u00e0 favoriser la <strong>gu\u00e9rison du c\u0153ur<\/strong>.<!--more--><\/p>\n<p data-start=\"377\" data-end=\"717\">Port\u00e9e au quotidien, elle soutient la confiance en soi, encourage la compassion et apporte une <strong>\u00e9nergie douce et protectrice<\/strong>.<\/p>\n<p data-start=\"719\" data-end=\"875\">Id\u00e9ale pour celles qui recherchent un bijou \u00e9l\u00e9gant avec une intention forte, cette bague en rhodonite combine beaut\u00e9, symbolique et bienfaits \u00e9nerg\u00e9tiques.<\/p>\n<p data-start=\"877\" data-end=\"1088\"><strong data-start=\"877\" data-end=\"908\">Bienfaits de la rhodonite :<\/strong><br data-start=\"908\" data-end=\"911\" \/>\u2022 Apaise les \u00e9motions et r\u00e9duit le stress<br data-start=\"952\" data-end=\"955\" \/>\u2022 Favorise la gu\u00e9rison \u00e9motionnelle<br data-start=\"990\" data-end=\"993\" \/>\u2022 Encourage le pardon et la compassion<br data-start=\"1031\" data-end=\"1034\" \/>\u2022 Renforce l\u2019estime de soi<br data-start=\"1060\" data-end=\"1063\" \/>\u2022 Harmonise les relations<\/p>\n<p data-start=\"1090\" data-end=\"1176\">Un bijou talisman \u00e0 offrir ou \u00e0 s\u2019offrir pour cultiver douceur et \u00e9quilibre int\u00e9rieur.<\/p>\n","protected":false},"excerpt":{"rendered":"<ul>\n<li style=\"text-align: left;\">Bague r\u00e9glable en Argent 925 sertie de Rhodonite<\/li>\n<li style=\"text-align: left;\">Cabochon ovale et lisse 25&#215;18 mm<\/li>\n<li style=\"text-align: left;\">Origine: Madagascar<\/li>\n<li>Calmante &#8211; Protectrice &#8211; Amiti\u00e9<\/li>\n<\/ul>\n<h5><\/h5>\n<p>&nbsp;<\/p>\n<p>&nbsp;<\/p>\n","protected":false},"featured_media":1749,"comment_status":"open","ping_status":"closed","template":"","meta":[],"product_brand":[],"product_cat":[29],"product_tag":[48,46,44,49,47,50],"class_list":{"0":"post-1638","1":"product","2":"type-product","3":"status-publish","4":"has-post-thumbnail","6":"product_cat-bagues","7":"product_tag-amour","8":"product_tag-argent-925","9":"product_tag-boheme","10":"product_tag-calme-emotionnel","11":"product_tag-rhodonite","12":"product_tag-serenite","14":"first","15":"instock","16":"taxable","17":"shipping-taxable","18":"purchasable","19":"product-type-simple"},"jetpack_sharing_enabled":true,"_links":{"self":[{"href":"https:\/\/www.elleetstone.be\/index.php\/wp-json\/wp\/v2\/product\/1638","targetHints":{"allow":["GET"]}}],"collection":[{"href":"https:\/\/www.elleetstone.be\/index.php\/wp-json\/wp\/v2\/product"}],"about":[{"href":"https:\/\/www.elleetstone.be\/index.php\/wp-json\/wp\/v2\/types\/product"}],"replies":[{"embeddable":true,"href":"https:\/\/www.elleetstone.be\/index.php\/wp-json\/wp\/v2\/comments?post=1638"}],"version-history":[{"count":12,"href":"https:\/\/www.elleetstone.be\/index.php\/wp-json\/wp\/v2\/product\/1638\/revisions"}],"predecessor-version":[{"id":1768,"href":"https:\/\/www.elleetstone.be\/index.php\/wp-json\/wp\/v2\/product\/1638\/revisions\/1768"}],"wp:featuredmedia":[{"embeddable":true,"href":"https:\/\/www.elleetstone.be\/index.php\/wp-json\/wp\/v2\/media\/1749"}],"wp:attachment":[{"href":"https:\/\/www.elleetstone.be\/index.php\/wp-json\/wp\/v2\/media?parent=1638"}],"wp:term":[{"taxonomy":"product_brand","embeddable":true,"href":"https:\/\/www.elleetstone.be\/index.php\/wp-json\/wp\/v2\/product_brand?post=1638"},{"taxonomy":"product_cat","embeddable":true,"href":"https:\/\/www.elleetstone.be\/index.php\/wp-json\/wp\/v2\/product_cat?post=1638"},{"taxonomy":"product_tag","embeddable":true,"href":"https:\/\/www.elleetstone.be\/index.php\/wp-json\/wp\/v2\/product_tag?post=1638"}],"curies":[{"name":"wp","href":"https:\/\/api.w.org\/{rel}","templated":true}]}}