{"id":1626,"date":"2025-11-14T11:55:05","date_gmt":"2025-11-14T11:55:05","guid":{"rendered":"https:\/\/www.elleetstone.be\/?post_type=product&#038;p=1626"},"modified":"2025-11-20T13:40:59","modified_gmt":"2025-11-20T13:40:59","slug":"modele-collier-chaines","status":"publish","type":"product","link":"https:\/\/www.elleetstone.be\/index.php\/produit\/modele-collier-chaines\/","title":{"rendered":"Chaine Odea"},"content":{"rendered":"<p data-start=\"507\" data-end=\"680\">Le collier <strong data-start=\"518\" data-end=\"535\">Odea<\/strong> est un bijou minimaliste et lumineux, pens\u00e9 pour sublimer la beaut\u00e9 naturelle de l\u2019<strong data-start=\"619\" data-end=\"632\">am\u00e9thyste<\/strong>, pierre phare de la s\u00e9r\u00e9nit\u00e9 et de l\u2019intuition.<\/p>\n<p data-start=\"682\" data-end=\"904\">Sa cha\u00eene ultra-fine en <strong data-start=\"706\" data-end=\"738\">acier inoxydable dor\u00e9 (1 mm)<\/strong> apporte une touche de d\u00e9licatesse et de finesse.<\/p>\n<p data-start=\"682\" data-end=\"904\">Au centre, une <strong data-start=\"803\" data-end=\"825\">goutte d\u2019am\u00e9thyste<\/strong> entoure\u0301e d\u2019un contour dor\u00e9 met en avant les nuances violettes de la pierre.<\/p>\n<p data-start=\"906\" data-end=\"1085\">Un collier \u00e9l\u00e9gant et discret, parfait seul pour un look \u00e9pur\u00e9, ou en accumulation pour une touche boh\u00e8me chic.<\/p>\n<p data-start=\"906\" data-end=\"1085\">Un v\u00e9ritable <strong data-start=\"1033\" data-end=\"1058\">talisman du quotidien<\/strong>, alliant style et \u00e9nergie.<\/p>\n<p data-start=\"906\" data-end=\"1085\"><a href=\"https:\/\/www.elleetstone.be\/index.php\/conseils-et-entretiens\/\">Conseils et Entretiens<\/a><\/p>\n","protected":false},"excerpt":{"rendered":"<ul>\n<li data-start=\"1281\" data-end=\"1317\">\n<p data-start=\"1283\" data-end=\"1317\">Collier d\u00e9licat compos\u00e9 d\u2019une <strong data-start=\"297\" data-end=\"325\">cha\u00eene fine dor\u00e9e (1 mm)<\/strong> en acier inoxydable<\/p>\n<\/li>\n<li data-start=\"1318\" data-end=\"1353\">\n<p data-start=\"1320\" data-end=\"1353\">Pendentif <b>: <\/b>pierre d&rsquo;<b>am\u00e9thyste <\/b>facett\u00e9e de forme ovale, <b>dor\u00e9e \u00e0 l&rsquo;or fin<\/b><\/p>\n<\/li>\n<li data-start=\"1448\" data-end=\"1494\">\n<p data-start=\"1450\" data-end=\"1494\">Taille: 42 cm<\/p>\n<\/li>\n<li data-start=\"1545\" data-end=\"1603\">\n<p data-start=\"1547\" data-end=\"1603\">Fait main dans mon atelier li\u00e9geois, en Belgique<\/p>\n<\/li>\n<\/ul>\n","protected":false},"featured_media":2326,"comment_status":"open","ping_status":"closed","template":"","meta":[],"product_brand":[],"product_cat":[30,26],"product_tag":[103,107,94,106,104,70,105],"class_list":{"0":"post-1626","1":"product","2":"type-product","3":"status-publish","4":"has-post-thumbnail","6":"product_cat-chaines","7":"product_cat-colliers","8":"product_tag-amethyste","9":"product_tag-apaisement","10":"product_tag-bijou-artisanal","11":"product_tag-boheme-chic","12":"product_tag-collier-fin","13":"product_tag-intuition","14":"product_tag-minimaliste","16":"first","17":"instock","18":"taxable","19":"shipping-taxable","20":"purchasable","21":"product-type-simple"},"jetpack_sharing_enabled":true,"_links":{"self":[{"href":"https:\/\/www.elleetstone.be\/index.php\/wp-json\/wp\/v2\/product\/1626","targetHints":{"allow":["GET"]}}],"collection":[{"href":"https:\/\/www.elleetstone.be\/index.php\/wp-json\/wp\/v2\/product"}],"about":[{"href":"https:\/\/www.elleetstone.be\/index.php\/wp-json\/wp\/v2\/types\/product"}],"replies":[{"embeddable":true,"href":"https:\/\/www.elleetstone.be\/index.php\/wp-json\/wp\/v2\/comments?post=1626"}],"version-history":[{"count":3,"href":"https:\/\/www.elleetstone.be\/index.php\/wp-json\/wp\/v2\/product\/1626\/revisions"}],"predecessor-version":[{"id":2324,"href":"https:\/\/www.elleetstone.be\/index.php\/wp-json\/wp\/v2\/product\/1626\/revisions\/2324"}],"wp:featuredmedia":[{"embeddable":true,"href":"https:\/\/www.elleetstone.be\/index.php\/wp-json\/wp\/v2\/media\/2326"}],"wp:attachment":[{"href":"https:\/\/www.elleetstone.be\/index.php\/wp-json\/wp\/v2\/media?parent=1626"}],"wp:term":[{"taxonomy":"product_brand","embeddable":true,"href":"https:\/\/www.elleetstone.be\/index.php\/wp-json\/wp\/v2\/product_brand?post=1626"},{"taxonomy":"product_cat","embeddable":true,"href":"https:\/\/www.elleetstone.be\/index.php\/wp-json\/wp\/v2\/product_cat?post=1626"},{"taxonomy":"product_tag","embeddable":true,"href":"https:\/\/www.elleetstone.be\/index.php\/wp-json\/wp\/v2\/product_tag?post=1626"}],"curies":[{"name":"wp","href":"https:\/\/api.w.org\/{rel}","templated":true}]}}