{"id":1607,"date":"2025-11-14T11:38:11","date_gmt":"2025-11-14T11:38:11","guid":{"rendered":"https:\/\/www.elleetstone.be\/?post_type=product&#038;p=1607"},"modified":"2025-11-17T10:44:51","modified_gmt":"2025-11-17T10:44:51","slug":"modele-bague","status":"publish","type":"product","link":"https:\/\/www.elleetstone.be\/index.php\/produit\/modele-bague\/","title":{"rendered":"Bague Kyra"},"content":{"rendered":"<p>D\u00e9couvrez notre bague en <strong data-start=\"475\" data-end=\"496\">argent massif 925<\/strong>, orn\u00e9e d\u2019une <strong data-start=\"510\" data-end=\"552\">pierre de Chrysocolle<\/strong>\u00a0<strong data-start=\"559\" data-end=\"604\">sertie \u00e0 la main par des artisans indiens<\/strong> au savoir-faire ancestral.<br data-start=\"631\" data-end=\"634\" \/>Un bijou authentique, \u00e9l\u00e9gant et rempli d\u2019\u00e9nergie.<\/p>\n<p>Id\u00e9al pour accompagner votre quotidien avec intention.<\/p>\n<p><strong><a href=\"https:\/\/www.elleetstone.be\/index.php\/conseils-et-entretiens\/\">Conseils et Entretiens<\/a>\u00a0<\/strong><\/p>\n","protected":false},"excerpt":{"rendered":"<ul>\n<li>Bague r\u00e9glable en <strong>argent 925 &#8211; <\/strong>format rectangle<\/li>\n<li>Pierre naturelle <strong>Chrysocolle<\/strong>\u00a0 &#8211; dimens. pierre : 31 x 17mm (pi\u00e8ce unique)<\/li>\n<li>Expression des \u00e9motions &#8211; L\u00e2cher-prise &#8211; Lib\u00e9ration<\/li>\n<\/ul>\n","protected":false},"featured_media":1708,"comment_status":"open","ping_status":"closed","template":"","meta":[],"product_brand":[],"product_cat":[29],"product_tag":[46,55,51,52,54,53],"class_list":{"0":"post-1607","1":"product","2":"type-product","3":"status-publish","4":"has-post-thumbnail","6":"product_cat-bagues","7":"product_tag-argent-925","8":"product_tag-calme","9":"product_tag-chrysocolle","10":"product_tag-communication","11":"product_tag-lacher-prise","12":"product_tag-liberation","14":"first","15":"instock","16":"taxable","17":"shipping-taxable","18":"purchasable","19":"product-type-simple"},"jetpack_sharing_enabled":true,"_links":{"self":[{"href":"https:\/\/www.elleetstone.be\/index.php\/wp-json\/wp\/v2\/product\/1607","targetHints":{"allow":["GET"]}}],"collection":[{"href":"https:\/\/www.elleetstone.be\/index.php\/wp-json\/wp\/v2\/product"}],"about":[{"href":"https:\/\/www.elleetstone.be\/index.php\/wp-json\/wp\/v2\/types\/product"}],"replies":[{"embeddable":true,"href":"https:\/\/www.elleetstone.be\/index.php\/wp-json\/wp\/v2\/comments?post=1607"}],"version-history":[{"count":3,"href":"https:\/\/www.elleetstone.be\/index.php\/wp-json\/wp\/v2\/product\/1607\/revisions"}],"predecessor-version":[{"id":1945,"href":"https:\/\/www.elleetstone.be\/index.php\/wp-json\/wp\/v2\/product\/1607\/revisions\/1945"}],"wp:featuredmedia":[{"embeddable":true,"href":"https:\/\/www.elleetstone.be\/index.php\/wp-json\/wp\/v2\/media\/1708"}],"wp:attachment":[{"href":"https:\/\/www.elleetstone.be\/index.php\/wp-json\/wp\/v2\/media?parent=1607"}],"wp:term":[{"taxonomy":"product_brand","embeddable":true,"href":"https:\/\/www.elleetstone.be\/index.php\/wp-json\/wp\/v2\/product_brand?post=1607"},{"taxonomy":"product_cat","embeddable":true,"href":"https:\/\/www.elleetstone.be\/index.php\/wp-json\/wp\/v2\/product_cat?post=1607"},{"taxonomy":"product_tag","embeddable":true,"href":"https:\/\/www.elleetstone.be\/index.php\/wp-json\/wp\/v2\/product_tag?post=1607"}],"curies":[{"name":"wp","href":"https:\/\/api.w.org\/{rel}","templated":true}]}}