{"id":68,"date":"2025-09-11T14:09:21","date_gmt":"2025-09-11T14:09:21","guid":{"rendered":"https:\/\/www.shop.elleetstone.be\/index.php\/politique-de-confidentialite\/"},"modified":"2025-10-25T10:04:33","modified_gmt":"2025-10-25T10:04:33","slug":"politique-de-confidentialite","status":"publish","type":"page","link":"https:\/\/www.elleetstone.be\/index.php\/politique-de-confidentialite\/","title":{"rendered":"Politique de Confidentialit\u00e9"},"content":{"rendered":"\t\t<div data-elementor-type=\"wp-page\" data-elementor-id=\"68\" class=\"elementor elementor-68\" data-elementor-post-type=\"page\">\n\t\t\t\t\t\t<section class=\"elementor-section elementor-top-section elementor-element elementor-element-703a5476 elementor-section-full_width elementor-section-height-default elementor-section-height-default\" data-id=\"703a5476\" data-element_type=\"section\">\n\t\t\t\t\t\t<div class=\"elementor-container elementor-column-gap-no\">\n\t\t\t\t\t<div class=\"elementor-column elementor-col-100 elementor-top-column elementor-element elementor-element-318edd4d\" data-id=\"318edd4d\" data-element_type=\"column\">\n\t\t\t<div class=\"elementor-widget-wrap elementor-element-populated\">\n\t\t\t\t\t\t<div class=\"elementor-element elementor-element-7b23ca0c elementor-widget elementor-widget-heading\" data-id=\"7b23ca0c\" data-element_type=\"widget\" data-widget_type=\"heading.default\">\n\t\t\t\t\t<h2 class=\"elementor-heading-title elementor-size-default\">.<\/h2>\t\t\t\t<\/div>\n\t\t\t\t<div class=\"elementor-element elementor-element-6e09c73 elementor-widget elementor-widget-heading\" data-id=\"6e09c73\" data-element_type=\"widget\" data-widget_type=\"heading.default\">\n\t\t\t\t\t<h2 class=\"elementor-heading-title elementor-size-default\">Politique de confidentialit\u00e9<\/h2>\t\t\t\t<\/div>\n\t\t\t\t\t<\/div>\n\t\t<\/div>\n\t\t\t\t\t<\/div>\n\t\t<\/section>\n\t\t\t\t<section class=\"elementor-section elementor-top-section elementor-element elementor-element-3f0376b1 elementor-section-boxed elementor-section-height-default elementor-section-height-default\" data-id=\"3f0376b1\" data-element_type=\"section\">\n\t\t\t\t\t\t<div class=\"elementor-container elementor-column-gap-default\">\n\t\t\t\t\t<div class=\"elementor-column elementor-col-100 elementor-top-column elementor-element elementor-element-3aa8cc2a\" data-id=\"3aa8cc2a\" data-element_type=\"column\">\n\t\t\t<div class=\"elementor-widget-wrap elementor-element-populated\">\n\t\t\t\t\t\t<div class=\"elementor-element elementor-element-1c1274 elementor-widget elementor-widget-text-editor\" data-id=\"1c1274\" data-element_type=\"widget\" data-widget_type=\"text-editor.default\">\n\t\t\t\t\t\t\t\t\t<p>Afin de garantir le meilleur service possible aux clients et d&rsquo;assurer la gestion de la relation client, Elle&amp;Stone collecte des informations personnelles tels que nom, pr\u00e9nom, adresse postale, adresse e-mail et date de naissance.\u00a0<\/p><p>Ces informations sont strictement confidentielles et sont destin\u00e9es uniquement \u00e0 Elle&amp;Stone. Les donn\u00e9es personnelles collect\u00e9es par les clients peuvent faire l&rsquo;objet d&rsquo;un traitement statistique et informatique, les principaux objectifs de qui doivent faciliter le processus de commande et, sous r\u00e9serve du consentement pr\u00e9alable des clients, pour leur fournir des informations sur les bijoux de Elle&amp;Stone, pour leur envoyer des informations et des offres commerciales.\u00a0<\/p><p>Les donn\u00e9es collect\u00e9es sont destin\u00e9es aux services internes de Elle&amp;Stone.\u00a0<\/p><p>La collecte et le traitement des donn\u00e9es personnelles des clients sont effectu\u00e9s sous la responsabilit\u00e9 de Elle&amp;Stone.\u00a0<\/p><p>Le traitement des donn\u00e9es \u00e0 caract\u00e8re personnel collect\u00e9es sur la plateforme fait l&rsquo;objet d&rsquo;une d\u00e9claration \u00e0 la Commission pour la protection de la vie priv\u00e9e. Donn\u00e9es personnelles seront utilis\u00e9es par Elle&amp;Stone \u00e0 des fins de marketing et statistiques internes. Elle&amp;Stone veillera \u00e0 ce que les garanties l\u00e9gales li\u00e9es \u00e0 la protection de vos droits soient donn\u00e9es. Conform\u00e9ment aux termes et conditions des prestataires de services de paiement qui offrent leurs services sur notre plate-forme, les donn\u00e9es \u00e0 caract\u00e8re personnel qu&rsquo;ils collectent peuvent \u00eatre transf\u00e9r\u00e9es en dehors de l&rsquo;Union europ\u00e9enne. Apr\u00e8s la fermeture de votre compte, vos donn\u00e9es personnelles sont conserv\u00e9es pendant un an maximum.\u00a0<\/p><p>Conform\u00e9ment \u00e0 la loi du 30 juillet 2018 relative \u00e0 la protection des personnes physiques \u00e0 l&rsquo;\u00e9gard des traitements de donn\u00e9es \u00e0 caract\u00e8re personnel, le client dispose d&rsquo;un droit de acc\u00e8s, rectification et d&rsquo;opposition aux donn\u00e9es personnelles par \u00e9crit, par courrier et preuve d&rsquo;identit\u00e9 \u00e0 sophie@elleetstone.be.<\/p><p>Afin de permettre \u00e0 notre plateforme de vous reconna\u00eetre, nous utilisons des cookies qui, par d\u00e9faut, ont une dur\u00e9e de vie de 24 heures.\u00a0<\/p><p>Les cookies que nous utilisons ne vous suivent pas sur des sites tiers.\u00a0<\/p><p>\u00a0<\/p>\t\t\t\t\t\t\t\t<\/div>\n\t\t\t\t\t<\/div>\n\t\t<\/div>\n\t\t\t\t\t<\/div>\n\t\t<\/section>\n\t\t\t\t<section class=\"elementor-section elementor-top-section elementor-element elementor-element-7bc900cd elementor-section-full_width elementor-section-height-default elementor-section-height-default\" data-id=\"7bc900cd\" data-element_type=\"section\">\n\t\t\t\t\t\t<div class=\"elementor-container elementor-column-gap-no\">\n\t\t\t\t\t<div class=\"elementor-column elementor-col-100 elementor-top-column elementor-element elementor-element-294f35b6\" data-id=\"294f35b6\" data-element_type=\"column\">\n\t\t\t<div class=\"elementor-widget-wrap\">\n\t\t\t\t\t\t\t<\/div>\n\t\t<\/div>\n\t\t\t\t\t<\/div>\n\t\t<\/section>\n\t\t\t\t<\/div>\n\t\t","protected":false},"excerpt":{"rendered":"<p>. Politique de confidentialit\u00e9 Afin de garantir le meilleur service possible aux clients et d&rsquo;assurer la gestion de la relation client, Elle&amp;Stone collecte des informations personnelles tels que nom, pr\u00e9nom, adresse postale, adresse e-mail et date de naissance.\u00a0 Ces informations sont strictement confidentielles et sont destin\u00e9es uniquement \u00e0 Elle&amp;Stone. Les donn\u00e9es personnelles collect\u00e9es par les [&hellip;]<\/p>\n","protected":false},"author":1,"featured_media":0,"parent":0,"menu_order":0,"comment_status":"closed","ping_status":"closed","template":"","meta":{"footnotes":""},"class_list":["post-68","page","type-page","status-publish","hentry"],"jetpack_sharing_enabled":true,"_links":{"self":[{"href":"https:\/\/www.elleetstone.be\/index.php\/wp-json\/wp\/v2\/pages\/68","targetHints":{"allow":["GET"]}}],"collection":[{"href":"https:\/\/www.elleetstone.be\/index.php\/wp-json\/wp\/v2\/pages"}],"about":[{"href":"https:\/\/www.elleetstone.be\/index.php\/wp-json\/wp\/v2\/types\/page"}],"author":[{"embeddable":true,"href":"https:\/\/www.elleetstone.be\/index.php\/wp-json\/wp\/v2\/users\/1"}],"replies":[{"embeddable":true,"href":"https:\/\/www.elleetstone.be\/index.php\/wp-json\/wp\/v2\/comments?post=68"}],"version-history":[{"count":16,"href":"https:\/\/www.elleetstone.be\/index.php\/wp-json\/wp\/v2\/pages\/68\/revisions"}],"predecessor-version":[{"id":880,"href":"https:\/\/www.elleetstone.be\/index.php\/wp-json\/wp\/v2\/pages\/68\/revisions\/880"}],"wp:attachment":[{"href":"https:\/\/www.elleetstone.be\/index.php\/wp-json\/wp\/v2\/media?parent=68"}],"curies":[{"name":"wp","href":"https:\/\/api.w.org\/{rel}","templated":true}]}}