{"id":664,"date":"2025-10-20T05:34:15","date_gmt":"2025-10-20T05:34:15","guid":{"rendered":"https:\/\/www.shop.elleetstone.be\/?page_id=664"},"modified":"2025-11-21T10:05:40","modified_gmt":"2025-11-21T10:05:40","slug":"la-marque","status":"publish","type":"page","link":"https:\/\/www.elleetstone.be\/index.php\/la-marque\/","title":{"rendered":"La marque"},"content":{"rendered":"\t\t<div data-elementor-type=\"wp-page\" data-elementor-id=\"664\" class=\"elementor elementor-664\" data-elementor-post-type=\"page\">\n\t\t\t\t<div class=\"elementor-element elementor-element-0247557 e-flex e-con-boxed e-con e-parent\" data-id=\"0247557\" data-element_type=\"container\">\n\t\t\t\t\t<div class=\"e-con-inner\">\n\t\t\t\t<div class=\"elementor-element elementor-element-96115c8 elementor-widget elementor-widget-heading\" data-id=\"96115c8\" data-element_type=\"widget\" data-widget_type=\"heading.default\">\n\t\t\t\t\t<h2 class=\"elementor-heading-title elementor-size-default\">D\u00e9couvrez l\u2019univers d\u2019Elle&amp;Stone<\/h2>\t\t\t\t<\/div>\n\t\t\t\t\t<\/div>\n\t\t\t\t<\/div>\n\t\t<div class=\"elementor-element elementor-element-pRl2zUx e-flex e-con-boxed e-con e-parent\" data-id=\"pRl2zUx\" data-element_type=\"container\">\n\t\t\t\t\t<div class=\"e-con-inner\">\n\t\t<div class=\"elementor-element elementor-element-bZmkp4l e-flex e-con-boxed e-con e-child\" data-id=\"bZmkp4l\" data-element_type=\"container\">\n\t\t\t\t\t<div class=\"e-con-inner\">\n\t\t\t\t<div class=\"elementor-element elementor-element-2c2F4p0 e-transform elementor-widget elementor-widget-image\" data-id=\"2c2F4p0\" data-element_type=\"widget\" data-settings=\"{&quot;_transform_scale_effect&quot;:{&quot;unit&quot;:&quot;px&quot;,&quot;size&quot;:1.3,&quot;sizes&quot;:[]},&quot;_transform_scale_effect_tablet&quot;:{&quot;unit&quot;:&quot;px&quot;,&quot;size&quot;:&quot;&quot;,&quot;sizes&quot;:[]},&quot;_transform_scale_effect_mobile&quot;:{&quot;unit&quot;:&quot;px&quot;,&quot;size&quot;:&quot;&quot;,&quot;sizes&quot;:[]}}\" data-widget_type=\"image.default\">\n\t\t\t\t\t\t\t\t\t\t\t\t\t\t\t<img fetchpriority=\"high\" decoding=\"async\" width=\"768\" height=\"1024\" src=\"https:\/\/www.elleetstone.be\/wp-content\/uploads\/2025\/11\/9BC27224-9E9C-4E83-A4E6-B84E6BF5328B_1_105_c.jpeg\" class=\"attachment-full size-full wp-image-2355\" alt=\"\" srcset=\"https:\/\/www.elleetstone.be\/wp-content\/uploads\/2025\/11\/9BC27224-9E9C-4E83-A4E6-B84E6BF5328B_1_105_c.jpeg 768w, https:\/\/www.elleetstone.be\/wp-content\/uploads\/2025\/11\/9BC27224-9E9C-4E83-A4E6-B84E6BF5328B_1_105_c-225x300.jpeg 225w, https:\/\/www.elleetstone.be\/wp-content\/uploads\/2025\/11\/9BC27224-9E9C-4E83-A4E6-B84E6BF5328B_1_105_c-600x800.jpeg 600w\" sizes=\"(max-width: 768px) 100vw, 768px\" \/>\t\t\t\t\t\t\t\t\t\t\t\t\t\t\t<\/div>\n\t\t\t\t\t<\/div>\n\t\t\t\t<\/div>\n\t\t<div class=\"elementor-element elementor-element-JoDBKVe e-con-full e-flex e-con e-child\" data-id=\"JoDBKVe\" data-element_type=\"container\">\n\t\t\t\t<div class=\"elementor-element elementor-element-FGvErN4 elementor-widget elementor-widget-heading\" data-id=\"FGvErN4\" data-element_type=\"widget\" data-widget_type=\"heading.default\">\n\t\t\t\t\t<h5 class=\"elementor-heading-title elementor-size-default\">Histoire<\/h5>\t\t\t\t<\/div>\n\t\t\t\t<div class=\"elementor-element elementor-element-TUfpuj8 elementor-widget elementor-widget-heading\" data-id=\"TUfpuj8\" data-element_type=\"widget\" data-widget_type=\"heading.default\">\n\t\t\t\t\t<h2 class=\"elementor-heading-title elementor-size-default\">Naissance d'Elle&amp;Stone<\/h2>\t\t\t\t<\/div>\n\t\t\t\t<div class=\"elementor-element elementor-element-lAHqf6V elementor-widget elementor-widget-text-editor\" data-id=\"lAHqf6V\" data-element_type=\"widget\" data-widget_type=\"text-editor.default\">\n\t\t\t\t\t\t\t\t\t<p style=\"text-align: center;\">Elle &amp; Stone est n\u00e9e d\u2019un besoin de ralentir, de me reconnecter \u00e0 l\u2019essentiel\u2026 et \u00e0 moi-m\u00eame.<br \/>Un jour, j\u2019ai simplement pris le temps d\u2019\u00e9couter ce qui me faisait du bien:<br \/>cr\u00e9er avec mes mains, m\u2019entourer de beaut\u00e9 naturelle, ressentir l\u2019\u00e9nergie des pierres.<br \/>Petit \u00e0 petit, j\u2019ai commenc\u00e9 \u00e0 imaginer des bijoux, non pas comme de simples accessoires, mais comme des objets porteurs de sens.<br \/>Des bijoux qui apaisent, qui accompagnent, qui soutiennent.<br \/>Je ne suis pas joailli\u00e8re de formation. Je suis une femme curieuse, passionn\u00e9e, qui apprend, qui explore, et qui met tout son c\u0153ur dans chaque cr\u00e9ation.<br \/>C\u2019est dans mon cocon que je fa\u00e7onne, pierre apr\u00e8s pierre, des pi\u00e8ces uniques \u2014 pour celles qui, comme moi, croient en la force douce des \u00e9nergies.<\/p>\t\t\t\t\t\t\t\t<\/div>\n\t\t\t\t<\/div>\n\t\t\t\t\t<\/div>\n\t\t\t\t<\/div>\n\t\t<div class=\"elementor-element elementor-element-cae175c e-flex e-con-boxed e-con e-parent\" data-id=\"cae175c\" data-element_type=\"container\">\n\t\t\t\t\t<div class=\"e-con-inner\">\n\t\t<div class=\"elementor-element elementor-element-a21c9af e-flex e-con-boxed e-con e-child\" data-id=\"a21c9af\" data-element_type=\"container\">\n\t\t\t\t\t<div class=\"e-con-inner\">\n\t\t\t\t<div class=\"elementor-element elementor-element-1658c2f e-transform elementor-widget elementor-widget-image\" data-id=\"1658c2f\" data-element_type=\"widget\" data-settings=\"{&quot;_transform_scale_effect&quot;:{&quot;unit&quot;:&quot;px&quot;,&quot;size&quot;:0.8,&quot;sizes&quot;:[]},&quot;_transform_scale_effect_tablet&quot;:{&quot;unit&quot;:&quot;px&quot;,&quot;size&quot;:&quot;&quot;,&quot;sizes&quot;:[]},&quot;_transform_scale_effect_mobile&quot;:{&quot;unit&quot;:&quot;px&quot;,&quot;size&quot;:&quot;&quot;,&quot;sizes&quot;:[]}}\" data-widget_type=\"image.default\">\n\t\t\t\t\t\t\t\t\t\t\t\t\t\t\t<img decoding=\"async\" width=\"685\" height=\"1024\" src=\"https:\/\/www.elleetstone.be\/wp-content\/uploads\/2025\/11\/DSC_0550-685x1024.jpg\" class=\"attachment-large size-large wp-image-1760\" alt=\"\" srcset=\"https:\/\/www.elleetstone.be\/wp-content\/uploads\/2025\/11\/DSC_0550-685x1024.jpg 685w, https:\/\/www.elleetstone.be\/wp-content\/uploads\/2025\/11\/DSC_0550-scaled-600x896.jpg 600w, https:\/\/www.elleetstone.be\/wp-content\/uploads\/2025\/11\/DSC_0550-201x300.jpg 201w, https:\/\/www.elleetstone.be\/wp-content\/uploads\/2025\/11\/DSC_0550-768x1147.jpg 768w, https:\/\/www.elleetstone.be\/wp-content\/uploads\/2025\/11\/DSC_0550-1028x1536.jpg 1028w, https:\/\/www.elleetstone.be\/wp-content\/uploads\/2025\/11\/DSC_0550-1371x2048.jpg 1371w, https:\/\/www.elleetstone.be\/wp-content\/uploads\/2025\/11\/DSC_0550-1320x1972.jpg 1320w, https:\/\/www.elleetstone.be\/wp-content\/uploads\/2025\/11\/DSC_0550-scaled.jpg 1714w\" sizes=\"(max-width: 685px) 100vw, 685px\" \/>\t\t\t\t\t\t\t\t\t\t\t\t\t\t\t<\/div>\n\t\t\t\t\t<\/div>\n\t\t\t\t<\/div>\n\t\t<div class=\"elementor-element elementor-element-84b9e06 e-con-full e-flex e-con e-child\" data-id=\"84b9e06\" data-element_type=\"container\">\n\t\t\t\t<div class=\"elementor-element elementor-element-3848df5 elementor-widget elementor-widget-heading\" data-id=\"3848df5\" data-element_type=\"widget\" data-widget_type=\"heading.default\">\n\t\t\t\t\t<h5 class=\"elementor-heading-title elementor-size-default\">Intention<\/h5>\t\t\t\t<\/div>\n\t\t\t\t<div class=\"elementor-element elementor-element-c55afcf elementor-widget elementor-widget-heading\" data-id=\"c55afcf\" data-element_type=\"widget\" data-widget_type=\"heading.default\">\n\t\t\t\t\t<h2 class=\"elementor-heading-title elementor-size-default\">Une cr\u00e9atrice connect\u00e9e aux \u00e9nergies de l\u2019univers<\/h2>\t\t\t\t<\/div>\n\t\t\t\t<div class=\"elementor-element elementor-element-e6076c3 elementor-widget elementor-widget-text-editor\" data-id=\"e6076c3\" data-element_type=\"widget\" data-widget_type=\"text-editor.default\">\n\t\t\t\t\t\t\t\t\t<p>Mon atelier, c\u2019est mon cocon, un lieu o\u00f9 le temps ralentit, o\u00f9 l\u2019\u00e9nergie circule librement. C\u2019est ici, entour\u00e9e de pierres aux vibrations uniques, d\u2019encens aux senteurs douces et de carnets remplis d\u2019inspirations, que mes bijoux prennent vie. Chaque cr\u00e9ation na\u00eet d\u2019un instant de connexion, d\u2019un dialogue silencieux avec les pierres et l\u2019\u00e9nergie qu\u2019elles portent.\u00a0\u00bb<br \/>Les pierres sont, \u00e0 mes yeux, bien plus que de simples ornements : elles sont<br \/>des messag\u00e8res, des canaux d\u2019\u00e9nergie, des guides silencieux qui nous aident<br \/>\u00e0 nous aligner avec notre essence profonde.<br \/>\u00ab\u00a0Mon souhait ? Que mes cr\u00e9ations deviennent bien plus que des accessoires :<br \/>des compagnons de vie, des talismans de lumi\u00e8re.<br \/>Elle &amp; Stone, c\u2019est une marque n\u00e9e avec humilit\u00e9, et avec une profonde<br \/>envie de faire du bien.<br \/>Merci de faire partie de cette aventure!<\/p>\t\t\t\t\t\t\t\t<\/div>\n\t\t\t\t<\/div>\n\t\t\t\t\t<\/div>\n\t\t\t\t<\/div>\n\t\t<div class=\"elementor-element elementor-element-92a492d e-flex e-con-boxed e-con e-parent\" data-id=\"92a492d\" data-element_type=\"container\">\n\t\t\t\t\t<div class=\"e-con-inner\">\n\t\t<div class=\"elementor-element elementor-element-53e4a0d e-flex e-con-boxed e-con e-child\" data-id=\"53e4a0d\" data-element_type=\"container\">\n\t\t\t\t\t<div class=\"e-con-inner\">\n\t\t\t\t<div class=\"elementor-element elementor-element-2686ebc e-transform elementor-widget elementor-widget-image\" data-id=\"2686ebc\" data-element_type=\"widget\" data-settings=\"{&quot;_transform_scale_effect&quot;:{&quot;unit&quot;:&quot;px&quot;,&quot;size&quot;:0.8,&quot;sizes&quot;:[]},&quot;_transform_scale_effect_tablet&quot;:{&quot;unit&quot;:&quot;px&quot;,&quot;size&quot;:&quot;&quot;,&quot;sizes&quot;:[]},&quot;_transform_scale_effect_mobile&quot;:{&quot;unit&quot;:&quot;px&quot;,&quot;size&quot;:&quot;&quot;,&quot;sizes&quot;:[]}}\" data-widget_type=\"image.default\">\n\t\t\t\t\t\t\t\t\t\t\t\t\t\t\t<img decoding=\"async\" width=\"768\" height=\"1024\" src=\"https:\/\/www.elleetstone.be\/wp-content\/uploads\/2025\/09\/IMG_6251-768x1024.jpg\" class=\"attachment-large size-large wp-image-296\" alt=\"Sophie 2\" srcset=\"https:\/\/www.elleetstone.be\/wp-content\/uploads\/2025\/09\/IMG_6251-768x1024.jpg 768w, https:\/\/www.elleetstone.be\/wp-content\/uploads\/2025\/09\/IMG_6251-scaled-600x800.jpg 600w, https:\/\/www.elleetstone.be\/wp-content\/uploads\/2025\/09\/IMG_6251-225x300.jpg 225w, https:\/\/www.elleetstone.be\/wp-content\/uploads\/2025\/09\/IMG_6251-1152x1536.jpg 1152w, https:\/\/www.elleetstone.be\/wp-content\/uploads\/2025\/09\/IMG_6251-1536x2048.jpg 1536w, https:\/\/www.elleetstone.be\/wp-content\/uploads\/2025\/09\/IMG_6251-1320x1760.jpg 1320w, https:\/\/www.elleetstone.be\/wp-content\/uploads\/2025\/09\/IMG_6251-scaled.jpg 1920w\" sizes=\"(max-width: 768px) 100vw, 768px\" \/>\t\t\t\t\t\t\t\t\t\t\t\t\t\t\t<\/div>\n\t\t\t\t\t<\/div>\n\t\t\t\t<\/div>\n\t\t<div class=\"elementor-element elementor-element-bbb8adb e-con-full e-flex e-con e-child\" data-id=\"bbb8adb\" data-element_type=\"container\">\n\t\t\t\t<div class=\"elementor-element elementor-element-fe533ea elementor-widget elementor-widget-heading\" data-id=\"fe533ea\" data-element_type=\"widget\" data-widget_type=\"heading.default\">\n\t\t\t\t\t<h5 class=\"elementor-heading-title elementor-size-default\">Valeurs<\/h5>\t\t\t\t<\/div>\n\t\t\t\t<div class=\"elementor-element elementor-element-228ee1c elementor-widget elementor-widget-heading\" data-id=\"228ee1c\" data-element_type=\"widget\" data-widget_type=\"heading.default\">\n\t\t\t\t\t<h2 class=\"elementor-heading-title elementor-size-default\">Quand j'ai cr\u00e9\u00e9 Elle&amp;Stone, je voulais que chaque pi\u00e8ce refl\u00e8te mes valeurs.<\/h2>\t\t\t\t<\/div>\n\t\t\t\t<div class=\"elementor-element elementor-element-0f7cdca elementor-widget elementor-widget-text-editor\" data-id=\"0f7cdca\" data-element_type=\"widget\" data-widget_type=\"text-editor.default\">\n\t\t\t\t\t\t\t\t\t<p style=\"text-align: left;\"><strong><img decoding=\"async\" class=\"emoji\" role=\"img\" draggable=\"false\" src=\"https:\/\/s.w.org\/images\/core\/emoji\/16.0.1\/svg\/1f33f.svg\" alt=\"\ud83c\udf3f\" \/> l\u2019authenticit\u00e9<\/strong> \u2013 parce que je choisis uniquement des pierres naturelles<br \/><img decoding=\"async\" class=\"emoji\" role=\"img\" draggable=\"false\" src=\"https:\/\/s.w.org\/images\/core\/emoji\/16.0.1\/svg\/1f90d.svg\" alt=\"\ud83e\udd0d\" \/> le <strong>bien-\u00eatre<\/strong> \u2013 pour que tu te sentes align\u00e9e et apais\u00e9e<br \/><img decoding=\"async\" class=\"emoji\" role=\"img\" draggable=\"false\" src=\"https:\/\/s.w.org\/images\/core\/emoji\/16.0.1\/svg\/2600.svg\" alt=\"\u2600\ufe0f\" \/> le <strong>rayonnement<\/strong> \u2013 parce qu\u2019un bijou doit r\u00e9v\u00e9ler ce qu\u2019il y a d\u00e9j\u00e0 de beau en toi.<\/p><p><br \/>Les pierres naturelles (am\u00e9thyste, labradorite, quartz rose, amazonite, et tant d\u2019autres) rigoureusement sourc\u00e9es sont s\u00e9lectionn\u00e9es pour leur beaut\u00e9 et leurs propri\u00e9t\u00e9s, ce qui en fait des pi\u00e8ces uniques et charg\u00e9es de sens.<br \/>Des mati\u00e8res naturelles \u00e0 combiner avec la couleur lumineuse de l&rsquo;or pour r\u00e9v\u00e9ler leur \u00e9clat, gr\u00e2ce \u00e0 une s\u00e9lection d\u2019accessoires en acier inoxydable et plaqu\u00e9 or.<\/p>\t\t\t\t\t\t\t\t<\/div>\n\t\t\t\t<\/div>\n\t\t\t\t\t<\/div>\n\t\t\t\t<\/div>\n\t\t\t\t<\/div>\n\t\t","protected":false},"excerpt":{"rendered":"<p>D\u00e9couvrez l\u2019univers d\u2019Elle&amp;Stone Histoire Naissance d&rsquo;Elle&amp;Stone Elle &amp; Stone est n\u00e9e d\u2019un besoin de ralentir, de me reconnecter \u00e0 l\u2019essentiel\u2026 et \u00e0 moi-m\u00eame.Un jour, j\u2019ai simplement pris le temps d\u2019\u00e9couter ce qui me faisait du bien:cr\u00e9er avec mes mains, m\u2019entourer de beaut\u00e9 naturelle, ressentir l\u2019\u00e9nergie des pierres.Petit \u00e0 petit, j\u2019ai commenc\u00e9 \u00e0 imaginer des bijoux, [&hellip;]<\/p>\n","protected":false},"author":1,"featured_media":0,"parent":0,"menu_order":0,"comment_status":"closed","ping_status":"closed","template":"","meta":{"footnotes":""},"class_list":["post-664","page","type-page","status-publish","hentry"],"jetpack_sharing_enabled":true,"_links":{"self":[{"href":"https:\/\/www.elleetstone.be\/index.php\/wp-json\/wp\/v2\/pages\/664","targetHints":{"allow":["GET"]}}],"collection":[{"href":"https:\/\/www.elleetstone.be\/index.php\/wp-json\/wp\/v2\/pages"}],"about":[{"href":"https:\/\/www.elleetstone.be\/index.php\/wp-json\/wp\/v2\/types\/page"}],"author":[{"embeddable":true,"href":"https:\/\/www.elleetstone.be\/index.php\/wp-json\/wp\/v2\/users\/1"}],"replies":[{"embeddable":true,"href":"https:\/\/www.elleetstone.be\/index.php\/wp-json\/wp\/v2\/comments?post=664"}],"version-history":[{"count":95,"href":"https:\/\/www.elleetstone.be\/index.php\/wp-json\/wp\/v2\/pages\/664\/revisions"}],"predecessor-version":[{"id":2362,"href":"https:\/\/www.elleetstone.be\/index.php\/wp-json\/wp\/v2\/pages\/664\/revisions\/2362"}],"wp:attachment":[{"href":"https:\/\/www.elleetstone.be\/index.php\/wp-json\/wp\/v2\/media?parent=664"}],"curies":[{"name":"wp","href":"https:\/\/api.w.org\/{rel}","templated":true}]}}