{"id":2113,"date":"2025-11-17T13:45:41","date_gmt":"2025-11-17T13:45:41","guid":{"rendered":"https:\/\/www.elleetstone.be\/?page_id=2113"},"modified":"2025-11-17T15:20:30","modified_gmt":"2025-11-17T15:20:30","slug":"personnaliser-son-bijou","status":"publish","type":"page","link":"https:\/\/www.elleetstone.be\/index.php\/personnaliser-son-bijou\/","title":{"rendered":"Personnaliser son bijou"},"content":{"rendered":"\t\t<div data-elementor-type=\"wp-page\" data-elementor-id=\"2113\" class=\"elementor elementor-2113\" data-elementor-post-type=\"page\">\n\t\t\t\t<div class=\"elementor-element elementor-element-d6275ff e-flex e-con-boxed e-con e-parent\" data-id=\"d6275ff\" data-element_type=\"container\">\n\t\t\t\t\t<div class=\"e-con-inner\">\n\t\t\t\t<div class=\"elementor-element elementor-element-92d5ac0 elementor-widget elementor-widget-heading\" data-id=\"92d5ac0\" data-element_type=\"widget\" data-widget_type=\"heading.default\">\n\t\t\t\t\t<h2 class=\"elementor-heading-title elementor-size-default\">Personnaliser son bijou<\/h2>\t\t\t\t<\/div>\n\t\t\t\t\t<\/div>\n\t\t\t\t<\/div>\n\t\t<div class=\"elementor-element elementor-element-dfb6e5f e-flex e-con-boxed e-con e-parent\" data-id=\"dfb6e5f\" data-element_type=\"container\">\n\t\t\t\t\t<div class=\"e-con-inner\">\n\t\t\t\t<div class=\"elementor-element elementor-element-907fe9a elementor-widget elementor-widget-text-editor\" data-id=\"907fe9a\" data-element_type=\"widget\" data-widget_type=\"text-editor.default\">\n\t\t\t\t\t\t\t\t\t<p>Merci de remplir le formulaire afin que nous puissions vous recontacter rapidement.<\/p>\t\t\t\t\t\t\t\t<\/div>\n\t\t\t\t\t<\/div>\n\t\t\t\t<\/div>\n\t\t<div class=\"elementor-element elementor-element-fbcee19 e-con-full e-flex e-con e-parent\" data-id=\"fbcee19\" data-element_type=\"container\">\n\t\t\t\t<div class=\"elementor-element elementor-element-fb4f966 e-transform elementor-widget elementor-widget-image\" data-id=\"fb4f966\" data-element_type=\"widget\" data-settings=\"{&quot;_transform_scale_effect&quot;:{&quot;unit&quot;:&quot;px&quot;,&quot;size&quot;:0.8,&quot;sizes&quot;:[]},&quot;_transform_scale_effect_tablet&quot;:{&quot;unit&quot;:&quot;px&quot;,&quot;size&quot;:&quot;&quot;,&quot;sizes&quot;:[]},&quot;_transform_scale_effect_mobile&quot;:{&quot;unit&quot;:&quot;px&quot;,&quot;size&quot;:&quot;&quot;,&quot;sizes&quot;:[]}}\" data-widget_type=\"image.default\">\n\t\t\t\t\t\t\t\t\t\t\t\t\t\t\t<img fetchpriority=\"high\" decoding=\"async\" width=\"800\" height=\"535\" src=\"https:\/\/www.elleetstone.be\/wp-content\/uploads\/2025\/11\/DSC_0369-1024x685.jpg\" class=\"attachment-large size-large wp-image-1767\" alt=\"\" srcset=\"https:\/\/www.elleetstone.be\/wp-content\/uploads\/2025\/11\/DSC_0369-1024x685.jpg 1024w, https:\/\/www.elleetstone.be\/wp-content\/uploads\/2025\/11\/DSC_0369-scaled-600x402.jpg 600w, https:\/\/www.elleetstone.be\/wp-content\/uploads\/2025\/11\/DSC_0369-300x201.jpg 300w, https:\/\/www.elleetstone.be\/wp-content\/uploads\/2025\/11\/DSC_0369-768x514.jpg 768w, https:\/\/www.elleetstone.be\/wp-content\/uploads\/2025\/11\/DSC_0369-1536x1028.jpg 1536w, https:\/\/www.elleetstone.be\/wp-content\/uploads\/2025\/11\/DSC_0369-2048x1371.jpg 2048w, https:\/\/www.elleetstone.be\/wp-content\/uploads\/2025\/11\/DSC_0369-1320x884.jpg 1320w\" sizes=\"(max-width: 800px) 100vw, 800px\" \/>\t\t\t\t\t\t\t\t\t\t\t\t\t\t\t<\/div>\n\t\t\t\t<div class=\"elementor-element elementor-element-a6d70dd elementor-button-align-center elementor-widget__width-initial elementor-widget elementor-widget-form\" data-id=\"a6d70dd\" data-element_type=\"widget\" data-settings=\"{&quot;step_next_label&quot;:&quot;Suivant&quot;,&quot;step_previous_label&quot;:&quot;Pr\\u00e9c\\u00e9dent&quot;,&quot;button_width&quot;:&quot;100&quot;,&quot;step_type&quot;:&quot;number_text&quot;,&quot;step_icon_shape&quot;:&quot;circle&quot;}\" data-widget_type=\"form.default\">\n\t\t\t\t\t\t\t<form class=\"elementor-form\" method=\"post\" name=\"Nouveau formulaire\" aria-label=\"Nouveau formulaire\">\n\t\t\t<input type=\"hidden\" name=\"post_id\" value=\"2113\"\/>\n\t\t\t<input type=\"hidden\" name=\"form_id\" value=\"a6d70dd\"\/>\n\t\t\t<input type=\"hidden\" name=\"referer_title\" value=\"Personnaliser son bijou\" \/>\n\n\t\t\t\t\t\t\t<input type=\"hidden\" name=\"queried_id\" value=\"2113\"\/>\n\t\t\t\n\t\t\t<div class=\"elementor-form-fields-wrapper elementor-labels-above\">\n\t\t\t\t\t\t\t\t<div class=\"elementor-field-type-text elementor-field-group elementor-column elementor-field-group-name elementor-col-100 elementor-field-required\">\n\t\t\t\t\t\t\t\t\t\t\t\t<label for=\"form-field-name\" class=\"elementor-field-label\">\n\t\t\t\t\t\t\t\tNom\t\t\t\t\t\t\t<\/label>\n\t\t\t\t\t\t\t\t\t\t\t\t\t\t<input size=\"1\" type=\"text\" name=\"form_fields[name]\" id=\"form-field-name\" class=\"elementor-field elementor-size-sm  elementor-field-textual\" placeholder=\"Ins\u00e9rez votre nom\" required=\"required\">\n\t\t\t\t\t\t\t\t\t\t\t<\/div>\n\t\t\t\t\t\t\t\t<div class=\"elementor-field-type-text elementor-field-group elementor-column elementor-field-group-field_2689afc elementor-col-100 elementor-field-required\">\n\t\t\t\t\t\t\t\t\t\t\t\t<label for=\"form-field-field_2689afc\" class=\"elementor-field-label\">\n\t\t\t\t\t\t\t\tPr\u00e9nom\t\t\t\t\t\t\t<\/label>\n\t\t\t\t\t\t\t\t\t\t\t\t\t\t<input size=\"1\" type=\"text\" name=\"form_fields[field_2689afc]\" id=\"form-field-field_2689afc\" class=\"elementor-field elementor-size-sm  elementor-field-textual\" placeholder=\"Ins\u00e9rez votre pr\u00e9nom\" required=\"required\">\n\t\t\t\t\t\t\t\t\t\t\t<\/div>\n\t\t\t\t\t\t\t\t<div class=\"elementor-field-type-email elementor-field-group elementor-column elementor-field-group-email elementor-col-100 elementor-field-required\">\n\t\t\t\t\t\t\t\t\t\t\t\t<label for=\"form-field-email\" class=\"elementor-field-label\">\n\t\t\t\t\t\t\t\tE-mail\t\t\t\t\t\t\t<\/label>\n\t\t\t\t\t\t\t\t\t\t\t\t\t\t<input size=\"1\" type=\"email\" name=\"form_fields[email]\" id=\"form-field-email\" class=\"elementor-field elementor-size-sm  elementor-field-textual\" placeholder=\"Ins\u00e9rez votre  adresse e-mail\" required=\"required\">\n\t\t\t\t\t\t\t\t\t\t\t<\/div>\n\t\t\t\t\t\t\t\t<div class=\"elementor-field-type-tel elementor-field-group elementor-column elementor-field-group-field_b4f4d49 elementor-col-100 elementor-field-required\">\n\t\t\t\t\t\t\t\t\t\t\t\t<label for=\"form-field-field_b4f4d49\" class=\"elementor-field-label\">\n\t\t\t\t\t\t\t\tT\u00e9l\u00e9phone\t\t\t\t\t\t\t<\/label>\n\t\t\t\t\t\t\t\t<input size=\"1\" type=\"tel\" name=\"form_fields[field_b4f4d49]\" id=\"form-field-field_b4f4d49\" class=\"elementor-field elementor-size-sm  elementor-field-textual\" placeholder=\"Ins\u00e9rez votre num\u00e9ro de t\u00e9l\u00e9phone\" required=\"required\" pattern=\"[0-9()#&amp;+*-=.]+\" title=\"Seuls les caract\u00e8res de num\u00e9ros de t\u00e9l\u00e9phone (#, -, *, etc.) sont accept\u00e9s.\">\n\n\t\t\t\t\t\t<\/div>\n\t\t\t\t\t\t\t\t<div class=\"elementor-field-type-text elementor-field-group elementor-column elementor-field-group-field_b73db66 elementor-col-100 elementor-field-required\">\n\t\t\t\t\t\t\t\t\t\t\t\t<label for=\"form-field-field_b73db66\" class=\"elementor-field-label\">\n\t\t\t\t\t\t\t\tAdresse\t\t\t\t\t\t\t<\/label>\n\t\t\t\t\t\t\t\t\t\t\t\t\t\t<input size=\"1\" type=\"text\" name=\"form_fields[field_b73db66]\" id=\"form-field-field_b73db66\" class=\"elementor-field elementor-size-sm  elementor-field-textual\" placeholder=\"Ins\u00e9rez votre adresse compl\u00e8te\" required=\"required\">\n\t\t\t\t\t\t\t\t\t\t\t<\/div>\n\t\t\t\t\t\t\t\t<div class=\"elementor-field-type-select elementor-field-group elementor-column elementor-field-group-field_402b5cb elementor-col-100 elementor-field-required\">\n\t\t\t\t\t\t\t\t\t\t\t\t<label for=\"form-field-field_402b5cb\" class=\"elementor-field-label\">\n\t\t\t\t\t\t\t\tBijoux\t\t\t\t\t\t\t<\/label>\n\t\t\t\t\t\t\t\t<div class=\"elementor-field elementor-select-wrapper remove-before \">\n\t\t\t<div class=\"select-caret-down-wrapper\">\n\t\t\t\t<svg aria-hidden=\"true\" class=\"e-font-icon-svg e-eicon-caret-down\" viewBox=\"0 0 571.4 571.4\" xmlns=\"http:\/\/www.w3.org\/2000\/svg\"><path d=\"M571 393Q571 407 561 418L311 668Q300 679 286 679T261 668L11 418Q0 407 0 393T11 368 36 357H536Q550 357 561 368T571 393Z\"><\/path><\/svg>\t\t\t<\/div>\n\t\t\t<select name=\"form_fields[field_402b5cb]\" id=\"form-field-field_402b5cb\" class=\"elementor-field-textual elementor-size-sm\" required=\"required\">\n\t\t\t\t\t\t\t\t\t<option value=\"S\u00e9lectionnez le bijou \u00e0 personnaliser\">S\u00e9lectionnez le bijou \u00e0 personnaliser<\/option>\n\t\t\t\t\t\t\t\t\t<option value=\"Bracelet\">Bracelet<\/option>\n\t\t\t\t\t\t\t\t\t<option value=\"Boucles d&#039;oreilles\">Boucles d&#039;oreilles<\/option>\n\t\t\t\t\t\t\t\t\t<option value=\"Colliers\">Colliers<\/option>\n\t\t\t\t\t\t\t<\/select>\n\t\t<\/div>\n\t\t\t\t\t\t<\/div>\n\t\t\t\t\t\t\t\t<div class=\"elementor-field-type-select elementor-field-group elementor-column elementor-field-group-field_bd1a679 elementor-col-100 elementor-field-required\">\n\t\t\t\t\t\t\t\t\t\t\t\t<label for=\"form-field-field_bd1a679\" class=\"elementor-field-label\">\n\t\t\t\t\t\t\t\tPierres\t\t\t\t\t\t\t<\/label>\n\t\t\t\t\t\t\t\t<div class=\"elementor-field elementor-select-wrapper remove-before \">\n\t\t\t<div class=\"select-caret-down-wrapper\">\n\t\t\t\t<svg aria-hidden=\"true\" class=\"e-font-icon-svg e-eicon-caret-down\" viewBox=\"0 0 571.4 571.4\" xmlns=\"http:\/\/www.w3.org\/2000\/svg\"><path d=\"M571 393Q571 407 561 418L311 668Q300 679 286 679T261 668L11 418Q0 407 0 393T11 368 36 357H536Q550 357 561 368T571 393Z\"><\/path><\/svg>\t\t\t<\/div>\n\t\t\t<select name=\"form_fields[field_bd1a679]\" id=\"form-field-field_bd1a679\" class=\"elementor-field-textual elementor-size-sm\" required=\"required\">\n\t\t\t\t\t\t\t\t\t<option value=\"S\u00e9lectionner la pierre\">S\u00e9lectionner la pierre<\/option>\n\t\t\t\t\t\t\t\t\t<option value=\"Agate Mousse\">Agate Mousse<\/option>\n\t\t\t\t\t\t\t\t\t<option value=\"Agathe Botswana\">Agathe Botswana<\/option>\n\t\t\t\t\t\t\t\t\t<option value=\"Aigue-marine\">Aigue-marine<\/option>\n\t\t\t\t\t\t\t\t\t<option value=\"Amazonite\">Amazonite<\/option>\n\t\t\t\t\t\t\t\t\t<option value=\"Am\u00e9thyste\">Am\u00e9thyste<\/option>\n\t\t\t\t\t\t\t\t\t<option value=\"Apatite bleue\">Apatite bleue<\/option>\n\t\t\t\t\t\t\t\t\t<option value=\"Aventurine verte\">Aventurine verte<\/option>\n\t\t\t\t\t\t\t\t\t<option value=\"Calc\u00e9doine bleue\">Calc\u00e9doine bleue<\/option>\n\t\t\t\t\t\t\t\t\t<option value=\"Chrysocolle\">Chrysocolle<\/option>\n\t\t\t\t\t\t\t\t\t<option value=\"Citrine\">Citrine<\/option>\n\t\t\t\t\t\t\t\t\t<option value=\"Cornaline\">Cornaline<\/option>\n\t\t\t\t\t\t\t\t\t<option value=\"Cristal de roche\">Cristal de roche<\/option>\n\t\t\t\t\t\t\t\t\t<option value=\"Fluorite\">Fluorite<\/option>\n\t\t\t\t\t\t\t\t\t<option value=\"Grenat\">Grenat<\/option>\n\t\t\t\t\t\t\t\t\t<option value=\"H\u00e9matite\">H\u00e9matite<\/option>\n\t\t\t\t\t\t\t\t\t<option value=\"Howlite\">Howlite<\/option>\n\t\t\t\t\t\t\t\t\t<option value=\"Iolithe\">Iolithe<\/option>\n\t\t\t\t\t\t\t\t\t<option value=\"Jaspe Mokaite\">Jaspe Mokaite<\/option>\n\t\t\t\t\t\t\t\t\t<option value=\"Jaspe Paysage\">Jaspe Paysage<\/option>\n\t\t\t\t\t\t\t\t\t<option value=\"Jaspe rouge\">Jaspe rouge<\/option>\n\t\t\t\t\t\t\t\t\t<option value=\"Labradorite\">Labradorite<\/option>\n\t\t\t\t\t\t\t\t\t<option value=\"Lapis-lazuli\">Lapis-lazuli<\/option>\n\t\t\t\t\t\t\t\t\t<option value=\"Lepidolite\">Lepidolite<\/option>\n\t\t\t\t\t\t\t\t\t<option value=\"Malachite\">Malachite<\/option>\n\t\t\t\t\t\t\t\t\t<option value=\"Obsidienne\">Obsidienne<\/option>\n\t\t\t\t\t\t\t\t\t<option value=\"P\u00e9ridot\">P\u00e9ridot<\/option>\n\t\t\t\t\t\t\t\t\t<option value=\"Pierre de lave\">Pierre de lave<\/option>\n\t\t\t\t\t\t\t\t\t<option value=\"Pierre de lune\">Pierre de lune<\/option>\n\t\t\t\t\t\t\t\t\t<option value=\"Pierre de soleil\">Pierre de soleil<\/option>\n\t\t\t\t\t\t\t\t\t<option value=\"Pyrite\">Pyrite<\/option>\n\t\t\t\t\t\t\t\t\t<option value=\"Quartz fum\u00e9\">Quartz fum\u00e9<\/option>\n\t\t\t\t\t\t\t\t\t<option value=\"Quartz rose\">Quartz rose<\/option>\n\t\t\t\t\t\t\t\t\t<option value=\"Quartz Rutile\">Quartz Rutile<\/option>\n\t\t\t\t\t\t\t\t\t<option value=\"Rhodochrosite\">Rhodochrosite<\/option>\n\t\t\t\t\t\t\t\t\t<option value=\"Rhodonite\">Rhodonite<\/option>\n\t\t\t\t\t\t\t\t\t<option value=\"Rubis Zo\u00efsite\">Rubis Zo\u00efsite<\/option>\n\t\t\t\t\t\t\t\t\t<option value=\"S\u00e9l\u00e9nite\">S\u00e9l\u00e9nite<\/option>\n\t\t\t\t\t\t\t\t\t<option value=\"Shungite\">Shungite<\/option>\n\t\t\t\t\t\t\t\t\t<option value=\"Sodalite\">Sodalite<\/option>\n\t\t\t\t\t\t\t\t\t<option value=\"Tourmaline\">Tourmaline<\/option>\n\t\t\t\t\t\t\t\t\t<option value=\"Turquoise\">Turquoise<\/option>\n\t\t\t\t\t\t\t\t\t<option value=\"\"><\/option>\n\t\t\t\t\t\t\t<\/select>\n\t\t<\/div>\n\t\t\t\t\t\t<\/div>\n\t\t\t\t\t\t\t\t<div class=\"elementor-field-type-textarea elementor-field-group elementor-column elementor-field-group-message elementor-col-100\">\n\t\t\t\t\t\t\t\t\t\t\t\t<label for=\"form-field-message\" class=\"elementor-field-label\">\n\t\t\t\t\t\t\t\tMessage\t\t\t\t\t\t\t<\/label>\n\t\t\t\t\t\t<textarea class=\"elementor-field-textual elementor-field  elementor-size-sm\" name=\"form_fields[message]\" id=\"form-field-message\" rows=\"4\" placeholder=\"Partagez nous vos envies ! \"><\/textarea>\t\t\t\t<\/div>\n\t\t\t\t\t\t\t\t<div class=\"elementor-field-group elementor-column elementor-field-type-submit elementor-col-100 e-form__buttons\">\n\t\t\t\t\t<button class=\"elementor-button elementor-size-sm\" type=\"submit\">\n\t\t\t\t\t\t<span class=\"elementor-button-content-wrapper\">\n\t\t\t\t\t\t\t\t\t\t\t\t\t\t\t\t\t\t\t\t\t\t<span class=\"elementor-button-text\">Personnaliser<\/span>\n\t\t\t\t\t\t\t\t\t\t\t\t\t<\/span>\n\t\t\t\t\t<\/button>\n\t\t\t\t<\/div>\n\t\t\t<\/div>\n\t\t<\/form>\n\t\t\t\t\t\t<\/div>\n\t\t\t\t<\/div>\n\t\t<div class=\"elementor-element elementor-element-e72b876 e-flex e-con-boxed e-con e-parent\" data-id=\"e72b876\" data-element_type=\"container\">\n\t\t\t\t\t<div class=\"e-con-inner\">\n\t\t\t\t\t<\/div>\n\t\t\t\t<\/div>\n\t\t\t\t<\/div>\n\t\t","protected":false},"excerpt":{"rendered":"<p>Personnaliser son bijou Merci de remplir le formulaire afin que nous puissions vous recontacter rapidement.<\/p>\n","protected":false},"author":1,"featured_media":0,"parent":0,"menu_order":0,"comment_status":"closed","ping_status":"closed","template":"","meta":{"footnotes":""},"class_list":["post-2113","page","type-page","status-publish","hentry"],"jetpack_sharing_enabled":true,"_links":{"self":[{"href":"https:\/\/www.elleetstone.be\/index.php\/wp-json\/wp\/v2\/pages\/2113","targetHints":{"allow":["GET"]}}],"collection":[{"href":"https:\/\/www.elleetstone.be\/index.php\/wp-json\/wp\/v2\/pages"}],"about":[{"href":"https:\/\/www.elleetstone.be\/index.php\/wp-json\/wp\/v2\/types\/page"}],"author":[{"embeddable":true,"href":"https:\/\/www.elleetstone.be\/index.php\/wp-json\/wp\/v2\/users\/1"}],"replies":[{"embeddable":true,"href":"https:\/\/www.elleetstone.be\/index.php\/wp-json\/wp\/v2\/comments?post=2113"}],"version-history":[{"count":56,"href":"https:\/\/www.elleetstone.be\/index.php\/wp-json\/wp\/v2\/pages\/2113\/revisions"}],"predecessor-version":[{"id":2199,"href":"https:\/\/www.elleetstone.be\/index.php\/wp-json\/wp\/v2\/pages\/2113\/revisions\/2199"}],"wp:attachment":[{"href":"https:\/\/www.elleetstone.be\/index.php\/wp-json\/wp\/v2\/media?parent=2113"}],"curies":[{"name":"wp","href":"https:\/\/api.w.org\/{rel}","templated":true}]}}