{"id":1320,"date":"2025-11-03T12:29:00","date_gmt":"2025-11-03T12:29:00","guid":{"rendered":"https:\/\/www.elleetstone.be\/?page_id=1320"},"modified":"2025-11-17T12:28:11","modified_gmt":"2025-11-17T12:28:11","slug":"lunivers-des-pierres","status":"publish","type":"page","link":"https:\/\/www.elleetstone.be\/index.php\/lunivers-des-pierres\/","title":{"rendered":"Nos conseils"},"content":{"rendered":"\t\t<div data-elementor-type=\"wp-page\" data-elementor-id=\"1320\" class=\"elementor elementor-1320\" data-elementor-post-type=\"page\">\n\t\t\t\t<div class=\"elementor-element elementor-element-7b78a31 e-flex e-con-boxed e-con e-parent\" data-id=\"7b78a31\" data-element_type=\"container\">\n\t\t\t\t\t<div class=\"e-con-inner\">\n\t\t\t\t<div class=\"elementor-element elementor-element-d70e63d elementor-widget elementor-widget-heading\" data-id=\"d70e63d\" data-element_type=\"widget\" data-widget_type=\"heading.default\">\n\t\t\t\t\t<h2 class=\"elementor-heading-title elementor-size-default\">L'univers des pierres<\/h2>\t\t\t\t<\/div>\n\t\t\t\t\t<\/div>\n\t\t\t\t<\/div>\n\t\t<div class=\"elementor-element elementor-element-1f2a92f e-flex e-con-boxed e-con e-parent\" data-id=\"1f2a92f\" data-element_type=\"container\">\n\t\t\t\t\t<div class=\"e-con-inner\">\n\t\t\t\t<div class=\"elementor-element elementor-element-1eadf43 elementor-widget elementor-widget-text-editor\" data-id=\"1eadf43\" data-element_type=\"widget\" data-widget_type=\"text-editor.default\">\n\t\t\t\t\t\t\t\t\t<p>Parce qu\u2019un bijou est bien plus qu\u2019un simple accessoire, il m\u00e9rite toute votre attention.<br data-start=\"316\" data-end=\"319\" \/>Chez <strong data-start=\"324\" data-end=\"340\">Elle &amp; Stone<\/strong>, nous croyons qu\u2019un bijou doit \u00eatre choisi avec intention, port\u00e9 avec plaisir et entretenu avec soin. C\u2019est pourquoi nous avons r\u00e9uni ici <strong data-start=\"479\" data-end=\"505\">nos meilleurs conseils<\/strong> pour vous accompagner dans votre exp\u00e9rience.<\/p>\t\t\t\t\t\t\t\t<\/div>\n\t\t<div class=\"elementor-element elementor-element-d65ada4 e-grid e-con-full e-con e-child\" data-id=\"d65ada4\" data-element_type=\"container\">\n\t\t\t\t<div class=\"elementor-element elementor-element-d77eaf3 elementor-widget elementor-widget-image\" data-id=\"d77eaf3\" data-element_type=\"widget\" data-widget_type=\"image.default\">\n\t\t\t\t\t\t\t\t\t\t\t\t\t\t\t<img fetchpriority=\"high\" decoding=\"async\" width=\"800\" height=\"535\" src=\"https:\/\/www.elleetstone.be\/wp-content\/uploads\/2025\/10\/DSC_0004-1024x685.jpg\" class=\"attachment-large size-large wp-image-633\" alt=\"Pierres\" srcset=\"https:\/\/www.elleetstone.be\/wp-content\/uploads\/2025\/10\/DSC_0004-1024x685.jpg 1024w, https:\/\/www.elleetstone.be\/wp-content\/uploads\/2025\/10\/DSC_0004-scaled-600x402.jpg 600w, https:\/\/www.elleetstone.be\/wp-content\/uploads\/2025\/10\/DSC_0004-300x201.jpg 300w, https:\/\/www.elleetstone.be\/wp-content\/uploads\/2025\/10\/DSC_0004-768x514.jpg 768w, https:\/\/www.elleetstone.be\/wp-content\/uploads\/2025\/10\/DSC_0004-1536x1028.jpg 1536w, https:\/\/www.elleetstone.be\/wp-content\/uploads\/2025\/10\/DSC_0004-2048x1371.jpg 2048w, https:\/\/www.elleetstone.be\/wp-content\/uploads\/2025\/10\/DSC_0004-1320x884.jpg 1320w\" sizes=\"(max-width: 800px) 100vw, 800px\" \/>\t\t\t\t\t\t\t\t\t\t\t\t\t\t\t<\/div>\n\t\t<div class=\"elementor-element elementor-element-ff9657e e-grid e-con-full e-con e-child\" data-id=\"ff9657e\" data-element_type=\"container\">\n\t\t\t\t<div class=\"elementor-element elementor-element-0a5e010 elementor-widget elementor-widget-text-editor\" data-id=\"0a5e010\" data-element_type=\"widget\" data-widget_type=\"text-editor.default\">\n\t\t\t\t\t\t\t\t\t<h3>D\u00e9couvrez la symbolique et les vertus des pierres.<\/h3><p>Chaque pierre naturelle poss\u00e8de une \u00e9nergie, une couleur et une histoire uniques.Apprenez \u00e0 mieux comprendre leurs significations et leurs bienfaits afin de choisir le bijou qui vous correspond vraiment \u2014 celui qui refl\u00e8te votre personnalit\u00e9 et soutient vos \u00e9motions au quotidien.<\/p>\t\t\t\t\t\t\t\t<\/div>\n\t\t\t\t<div class=\"elementor-element elementor-element-a1407fd elementor-align-center elementor-widget elementor-widget-button\" data-id=\"a1407fd\" data-element_type=\"widget\" data-widget_type=\"button.default\">\n\t\t\t\t\t\t\t\t\t\t<a class=\"elementor-button elementor-button-link elementor-size-sm\" href=\"https:\/\/www.elleetstone.be\/index.php\/vertus-des-pierres\/\">\n\t\t\t\t\t\t<span class=\"elementor-button-content-wrapper\">\n\t\t\t\t\t\t\t\t\t<span class=\"elementor-button-text\">D\u00e9couvir les vertus des pierres<\/span>\n\t\t\t\t\t<\/span>\n\t\t\t\t\t<\/a>\n\t\t\t\t\t\t\t\t<\/div>\n\t\t\t\t<\/div>\n\t\t\t\t<\/div>\n\t\t<div class=\"elementor-element elementor-element-fb92046 e-grid e-con-full e-con e-child\" data-id=\"fb92046\" data-element_type=\"container\">\n\t\t<div class=\"elementor-element elementor-element-84c6f5b e-grid e-con-full e-con e-child\" data-id=\"84c6f5b\" data-element_type=\"container\">\n\t\t\t\t<div class=\"elementor-element elementor-element-713778a elementor-widget elementor-widget-text-editor\" data-id=\"713778a\" data-element_type=\"widget\" data-widget_type=\"text-editor.default\">\n\t\t\t\t\t\t\t\t\t<h3>Entretenir et pr\u00e9server vos bijoux.<\/h3><p>Un bijou en pierres v\u00e9ritables m\u00e9rite quelques gestes simples pour conserver tout son \u00e9clat.<br \/>Nous vous expliquons comment nettoyer, recharger et prot\u00e9ger vos cr\u00e9ations pour qu\u2019elles traversent le temps sans perdre leur beaut\u00e9 ni leur \u00e9nergie.<\/p>\t\t\t\t\t\t\t\t<\/div>\n\t\t\t\t<div class=\"elementor-element elementor-element-0d16e7f elementor-align-center elementor-widget elementor-widget-button\" data-id=\"0d16e7f\" data-element_type=\"widget\" data-widget_type=\"button.default\">\n\t\t\t\t\t\t\t\t\t\t<a class=\"elementor-button elementor-button-link elementor-size-sm\" href=\"https:\/\/www.elleetstone.be\/index.php\/conseils-et-entretiens\/\">\n\t\t\t\t\t\t<span class=\"elementor-button-content-wrapper\">\n\t\t\t\t\t\t\t\t\t<span class=\"elementor-button-text\">Consulter les conseils d'entretiens<\/span>\n\t\t\t\t\t<\/span>\n\t\t\t\t\t<\/a>\n\t\t\t\t\t\t\t\t<\/div>\n\t\t\t\t<\/div>\n\t\t\t\t<div class=\"elementor-element elementor-element-a63d553 elementor-widget elementor-widget-image\" data-id=\"a63d553\" data-element_type=\"widget\" data-widget_type=\"image.default\">\n\t\t\t\t\t\t\t\t\t\t\t\t\t\t\t<img decoding=\"async\" width=\"800\" height=\"535\" src=\"https:\/\/www.elleetstone.be\/wp-content\/uploads\/2025\/11\/DSC_0185-1024x685.jpg\" class=\"attachment-large size-large wp-image-1342\" alt=\"Livre bijoux\" srcset=\"https:\/\/www.elleetstone.be\/wp-content\/uploads\/2025\/11\/DSC_0185-1024x685.jpg 1024w, https:\/\/www.elleetstone.be\/wp-content\/uploads\/2025\/11\/DSC_0185-scaled-600x402.jpg 600w, https:\/\/www.elleetstone.be\/wp-content\/uploads\/2025\/11\/DSC_0185-300x201.jpg 300w, https:\/\/www.elleetstone.be\/wp-content\/uploads\/2025\/11\/DSC_0185-768x514.jpg 768w, https:\/\/www.elleetstone.be\/wp-content\/uploads\/2025\/11\/DSC_0185-1536x1028.jpg 1536w, https:\/\/www.elleetstone.be\/wp-content\/uploads\/2025\/11\/DSC_0185-2048x1371.jpg 2048w, https:\/\/www.elleetstone.be\/wp-content\/uploads\/2025\/11\/DSC_0185-1320x884.jpg 1320w\" sizes=\"(max-width: 800px) 100vw, 800px\" \/>\t\t\t\t\t\t\t\t\t\t\t\t\t\t\t<\/div>\n\t\t\t\t<\/div>\n\t\t\t\t\t<\/div>\n\t\t\t\t<\/div>\n\t\t\t\t<\/div>\n\t\t","protected":false},"excerpt":{"rendered":"<p>L&rsquo;univers des pierres Parce qu\u2019un bijou est bien plus qu\u2019un simple accessoire, il m\u00e9rite toute votre attention.Chez Elle &amp; Stone, nous croyons qu\u2019un bijou doit \u00eatre choisi avec intention, port\u00e9 avec plaisir et entretenu avec soin. C\u2019est pourquoi nous avons r\u00e9uni ici nos meilleurs conseils pour vous accompagner dans votre exp\u00e9rience. D\u00e9couvrez la symbolique et [&hellip;]<\/p>\n","protected":false},"author":1,"featured_media":0,"parent":0,"menu_order":0,"comment_status":"closed","ping_status":"closed","template":"","meta":{"footnotes":""},"class_list":["post-1320","page","type-page","status-publish","hentry"],"jetpack_sharing_enabled":true,"_links":{"self":[{"href":"https:\/\/www.elleetstone.be\/index.php\/wp-json\/wp\/v2\/pages\/1320","targetHints":{"allow":["GET"]}}],"collection":[{"href":"https:\/\/www.elleetstone.be\/index.php\/wp-json\/wp\/v2\/pages"}],"about":[{"href":"https:\/\/www.elleetstone.be\/index.php\/wp-json\/wp\/v2\/types\/page"}],"author":[{"embeddable":true,"href":"https:\/\/www.elleetstone.be\/index.php\/wp-json\/wp\/v2\/users\/1"}],"replies":[{"embeddable":true,"href":"https:\/\/www.elleetstone.be\/index.php\/wp-json\/wp\/v2\/comments?post=1320"}],"version-history":[{"count":71,"href":"https:\/\/www.elleetstone.be\/index.php\/wp-json\/wp\/v2\/pages\/1320\/revisions"}],"predecessor-version":[{"id":2056,"href":"https:\/\/www.elleetstone.be\/index.php\/wp-json\/wp\/v2\/pages\/1320\/revisions\/2056"}],"wp:attachment":[{"href":"https:\/\/www.elleetstone.be\/index.php\/wp-json\/wp\/v2\/media?parent=1320"}],"curies":[{"name":"wp","href":"https:\/\/api.w.org\/{rel}","templated":true}]}}