{"id":1286,"date":"2025-11-01T10:02:24","date_gmt":"2025-11-01T10:02:24","guid":{"rendered":"https:\/\/www.elleetstone.be\/?page_id=1286"},"modified":"2025-11-27T08:37:39","modified_gmt":"2025-11-27T08:37:39","slug":"conseils-et-entretiens","status":"publish","type":"page","link":"https:\/\/www.elleetstone.be\/index.php\/conseils-et-entretiens\/","title":{"rendered":"Conseils et entretiens"},"content":{"rendered":"\t\t<div data-elementor-type=\"wp-page\" data-elementor-id=\"1286\" class=\"elementor elementor-1286\" data-elementor-post-type=\"page\">\n\t\t\t\t<div class=\"elementor-element elementor-element-d87f55a e-flex e-con-boxed e-con e-parent\" data-id=\"d87f55a\" data-element_type=\"container\">\n\t\t\t\t\t<div class=\"e-con-inner\">\n\t\t\t\t<div class=\"elementor-element elementor-element-4e174c4 elementor-widget elementor-widget-heading\" data-id=\"4e174c4\" data-element_type=\"widget\" data-widget_type=\"heading.default\">\n\t\t\t\t\t<h2 class=\"elementor-heading-title elementor-size-default\">Conseils et entretien <\/h2>\t\t\t\t<\/div>\n\t\t\t\t\t<\/div>\n\t\t\t\t<\/div>\n\t\t<div class=\"elementor-element elementor-element-bbb1bdd e-grid e-con-boxed e-con e-parent\" data-id=\"bbb1bdd\" data-element_type=\"container\">\n\t\t\t\t\t<div class=\"e-con-inner\">\n\t\t\t\t<div class=\"elementor-element elementor-element-4455b3d elementor-widget elementor-widget-image\" data-id=\"4455b3d\" data-element_type=\"widget\" data-widget_type=\"image.default\">\n\t\t\t\t\t\t\t\t\t\t\t\t\t\t\t<img fetchpriority=\"high\" decoding=\"async\" width=\"800\" height=\"831\" src=\"https:\/\/www.elleetstone.be\/wp-content\/uploads\/2025\/11\/IMG_3286-986x1024.jpeg\" class=\"attachment-large size-large wp-image-2364\" alt=\"\" srcset=\"https:\/\/www.elleetstone.be\/wp-content\/uploads\/2025\/11\/IMG_3286-986x1024.jpeg 986w, https:\/\/www.elleetstone.be\/wp-content\/uploads\/2025\/11\/IMG_3286-289x300.jpeg 289w, https:\/\/www.elleetstone.be\/wp-content\/uploads\/2025\/11\/IMG_3286-768x798.jpeg 768w, https:\/\/www.elleetstone.be\/wp-content\/uploads\/2025\/11\/IMG_3286-1479x1536.jpeg 1479w, https:\/\/www.elleetstone.be\/wp-content\/uploads\/2025\/11\/IMG_3286-1972x2048.jpeg 1972w, https:\/\/www.elleetstone.be\/wp-content\/uploads\/2025\/11\/IMG_3286-1320x1371.jpeg 1320w, https:\/\/www.elleetstone.be\/wp-content\/uploads\/2025\/11\/IMG_3286-600x623.jpeg 600w\" sizes=\"(max-width: 800px) 100vw, 800px\" \/>\t\t\t\t\t\t\t\t\t\t\t\t\t\t\t<\/div>\n\t\t\t\t<div class=\"elementor-element elementor-element-398e154 elementor-widget elementor-widget-text-editor\" data-id=\"398e154\" data-element_type=\"widget\" data-widget_type=\"text-editor.default\">\n\t\t\t\t\t\t\t\t\t<p style=\"text-align: center;\"><strong>L&rsquo; acier inoxydable<\/strong><br \/>L&rsquo;acier inoxydable est r\u00e9put\u00e9 pour sa durabilit\u00e9 et sa r\u00e9sistance \u00e0 la corrosion, mais quelques pr\u00e9cautions permettent de le maintenir en parfait \u00e9tat :<\/p><ul><li style=\"text-align: left;\">Utilisez un chiffon doux et propre, l\u00e9g\u00e8rement humide avec de l&rsquo;eau ti\u00e8de et un peu de savon doux si n\u00e9cessaire. Rincez \u00e0 l&rsquo;eau claire et s\u00e9chez imm\u00e9diatement avec un chiffon sec pour \u00e9viter les traces d&rsquo;eau.<\/li><li>\u00c9viter les produits chimiques : L&rsquo;acier inoxydable est r\u00e9sistant, mais il est pr\u00e9f\u00e9rable d&rsquo;\u00e9viter le contact avec des produits chimiques agressifs (parfums, laques, d\u00e9tergents, chlore, eau de mer) qui pourraient alt\u00e9rer sa surface ou provoquer des d\u00e9colorations.<\/li><li>Rangement : Rangez vos bijoux en acier inoxydable s\u00e9par\u00e9ment pour \u00e9viter les rayures dues au contact avec d&rsquo;autres m\u00e9taux plus durs. Une pochette en tissu ou une bo\u00eete \u00e0 bijoux compartiment\u00e9e est id\u00e9ale.<\/li><\/ul>\t\t\t\t\t\t\t\t<\/div>\n\t\t\t\t\t<\/div>\n\t\t\t\t<\/div>\n\t\t<div class=\"elementor-element elementor-element-481fcfe e-grid e-con-boxed e-con e-parent\" data-id=\"481fcfe\" data-element_type=\"container\">\n\t\t\t\t\t<div class=\"e-con-inner\">\n\t\t\t\t<div class=\"elementor-element elementor-element-a818066 elementor-widget elementor-widget-image\" data-id=\"a818066\" data-element_type=\"widget\" data-widget_type=\"image.default\">\n\t\t\t\t\t\t\t\t\t\t\t\t\t\t\t<img decoding=\"async\" width=\"768\" height=\"1024\" src=\"https:\/\/www.elleetstone.be\/wp-content\/uploads\/2025\/11\/IMG_2955-768x1024.jpg\" class=\"attachment-large size-large wp-image-2367\" alt=\"\" srcset=\"https:\/\/www.elleetstone.be\/wp-content\/uploads\/2025\/11\/IMG_2955-768x1024.jpg 768w, https:\/\/www.elleetstone.be\/wp-content\/uploads\/2025\/11\/IMG_2955-225x300.jpg 225w, https:\/\/www.elleetstone.be\/wp-content\/uploads\/2025\/11\/IMG_2955-1152x1536.jpg 1152w, https:\/\/www.elleetstone.be\/wp-content\/uploads\/2025\/11\/IMG_2955-1536x2048.jpg 1536w, https:\/\/www.elleetstone.be\/wp-content\/uploads\/2025\/11\/IMG_2955-1320x1760.jpg 1320w, https:\/\/www.elleetstone.be\/wp-content\/uploads\/2025\/11\/IMG_2955-600x800.jpg 600w, https:\/\/www.elleetstone.be\/wp-content\/uploads\/2025\/11\/IMG_2955-scaled.jpg 1920w\" sizes=\"(max-width: 768px) 100vw, 768px\" \/>\t\t\t\t\t\t\t\t\t\t\t\t\t\t\t<\/div>\n\t\t\t\t<div class=\"elementor-element elementor-element-9d68d2e elementor-widget elementor-widget-text-editor\" data-id=\"9d68d2e\" data-element_type=\"widget\" data-widget_type=\"text-editor.default\">\n\t\t\t\t\t\t\t\t\t<p style=\"text-align: center;\"><strong>Bijoux en pierres fines<\/strong><br \/>Les pierres fines, par leur nature, n\u00e9cessitent un soin d\u00e9licat pour pr\u00e9server leur couleur et leur brillance :<\/p><ul><li>Nettoyage doux : La plupart des pierres fines peuvent \u00eatre nettoy\u00e9es avec un chiffon doux, de l&rsquo;eau ti\u00e8de et un savon doux. \u00c9vitez les brosses dures qui pourraient rayer la pierre. Certaines pierres (opale, turquoise, lapis-lazuli) sont poreuses et ne doivent pas \u00eatre immerg\u00e9es dans l&rsquo;eau pendant une longue p\u00e9riode. Pour ces pierres, un simple essuyage avec un chiffon humide suffit.<\/li><li>\u00c9viter les chocs et les rayures : Les pierres fines, m\u00eame les plus dures, peuvent se briser ou se rayer en cas de choc. Manipulez vos bijoux avec pr\u00e9caution et \u00e9vitez de les porter lors d&rsquo;activit\u00e9s physiques intenses.<\/li><li>Protection contre la chaleur et les produits chimiques : La chaleur excessive peut alt\u00e9rer la couleur de certaines pierres. Les produits chimiques (parfums, cosm\u00e9tiques, produits m\u00e9nagers) peuvent \u00e9galement endommager les pierres et leur monture. Il est conseill\u00e9 de mettre vos bijoux apr\u00e8s avoir appliqu\u00e9 vos produits de beaut\u00e9.<\/li><\/ul><p>\u00a0<\/p>\t\t\t\t\t\t\t\t<\/div>\n\t\t\t\t\t<\/div>\n\t\t\t\t<\/div>\n\t\t<div class=\"elementor-element elementor-element-f8a662c e-grid e-con-boxed e-con e-parent\" data-id=\"f8a662c\" data-element_type=\"container\">\n\t\t\t\t\t<div class=\"e-con-inner\">\n\t\t\t\t<div class=\"elementor-element elementor-element-7a48fa3 elementor-widget elementor-widget-image\" data-id=\"7a48fa3\" data-element_type=\"widget\" data-widget_type=\"image.default\">\n\t\t\t\t\t\t\t\t\t\t\t\t\t\t\t<img decoding=\"async\" width=\"685\" height=\"1024\" src=\"https:\/\/www.elleetstone.be\/wp-content\/uploads\/2025\/11\/DSC_0356-1-685x1024.jpg\" class=\"attachment-large size-large wp-image-2369\" alt=\"\" srcset=\"https:\/\/www.elleetstone.be\/wp-content\/uploads\/2025\/11\/DSC_0356-1-685x1024.jpg 685w, https:\/\/www.elleetstone.be\/wp-content\/uploads\/2025\/11\/DSC_0356-1-201x300.jpg 201w, https:\/\/www.elleetstone.be\/wp-content\/uploads\/2025\/11\/DSC_0356-1-768x1147.jpg 768w, https:\/\/www.elleetstone.be\/wp-content\/uploads\/2025\/11\/DSC_0356-1-1028x1536.jpg 1028w, https:\/\/www.elleetstone.be\/wp-content\/uploads\/2025\/11\/DSC_0356-1-1371x2048.jpg 1371w, https:\/\/www.elleetstone.be\/wp-content\/uploads\/2025\/11\/DSC_0356-1-1320x1972.jpg 1320w, https:\/\/www.elleetstone.be\/wp-content\/uploads\/2025\/11\/DSC_0356-1-600x896.jpg 600w, https:\/\/www.elleetstone.be\/wp-content\/uploads\/2025\/11\/DSC_0356-1-scaled.jpg 1714w\" sizes=\"(max-width: 685px) 100vw, 685px\" \/>\t\t\t\t\t\t\t\t\t\t\t\t\t\t\t<\/div>\n\t\t\t\t<div class=\"elementor-element elementor-element-070f2b8 elementor-widget elementor-widget-text-editor\" data-id=\"070f2b8\" data-element_type=\"widget\" data-widget_type=\"text-editor.default\">\n\t\t\t\t\t\t\t\t\t<p style=\"text-align: center;\"><strong>Comment PURIFIER votre bijou ?<\/strong><br \/>Les pierres emmagasinent vos \u00e9nergies et celles de votre entourage, pour les d\u00e9barrasser de ces \u00e9nergies, parfois lourdes, il est n\u00e9cessaire de les purifier r\u00e9guli\u00e8rement (1x\/semaine)<\/p><p>Pour ce faire, vous pouvez faire br\u00fbler un <strong>b\u00e2ton de sauge blanche<\/strong>* ou du <strong>bois de Palo Santo<\/strong>** puis passer vos bijoux dans la fum\u00e9e un instant. (Cela fonctionne aussi pour purifier votre int\u00e9rieur ainsi que vous-m\u00eame).<\/p><p>*La <strong>Sauge blanche<\/strong> est une plante sacr\u00e9e des traditions am\u00e9rindiennes. Br\u00fbl\u00e9e lentement, elle purifie l\u2019air, chasse les \u00e9nergies lourdes et r\u00e9tablit l\u2019\u00e9quilibre dans les lieux et autour de soi.<\/p><p>**<strong>Le Palo Santo<\/strong>, appel\u00e9 \u201cbois sacr\u00e9\u201d, est un bois d\u2019Am\u00e9rique du Sud utilis\u00e9 depuis des si\u00e8cles pour \u00e9loigner les \u00e9nergies n\u00e9gatives, attirer la s\u00e9r\u00e9nit\u00e9 et inviter la lumi\u00e8re.<\/p><p>Sa fum\u00e9e douce et bois\u00e9e cr\u00e9e une atmosph\u00e8re apaisante et protectrice.<\/p>\t\t\t\t\t\t\t\t<\/div>\n\t\t\t\t\t<\/div>\n\t\t\t\t<\/div>\n\t\t<div class=\"elementor-element elementor-element-a545fc2 e-grid e-con-boxed e-con e-parent\" data-id=\"a545fc2\" data-element_type=\"container\">\n\t\t\t\t\t<div class=\"e-con-inner\">\n\t\t\t\t<div class=\"elementor-element elementor-element-2431261 elementor-widget elementor-widget-image\" data-id=\"2431261\" data-element_type=\"widget\" data-widget_type=\"image.default\">\n\t\t\t\t\t\t\t\t\t\t\t\t\t\t\t<img loading=\"lazy\" decoding=\"async\" width=\"800\" height=\"703\" src=\"https:\/\/www.elleetstone.be\/wp-content\/uploads\/2025\/11\/Image-21-11-25-a-11.51.jpeg\" class=\"attachment-large size-large wp-image-2372\" alt=\"\" srcset=\"https:\/\/www.elleetstone.be\/wp-content\/uploads\/2025\/11\/Image-21-11-25-a-11.51.jpeg 944w, https:\/\/www.elleetstone.be\/wp-content\/uploads\/2025\/11\/Image-21-11-25-a-11.51-300x264.jpeg 300w, https:\/\/www.elleetstone.be\/wp-content\/uploads\/2025\/11\/Image-21-11-25-a-11.51-768x675.jpeg 768w, https:\/\/www.elleetstone.be\/wp-content\/uploads\/2025\/11\/Image-21-11-25-a-11.51-600x528.jpeg 600w\" sizes=\"(max-width: 800px) 100vw, 800px\" \/>\t\t\t\t\t\t\t\t\t\t\t\t\t\t\t<\/div>\n\t\t\t\t<div class=\"elementor-element elementor-element-cd6d307 elementor-widget elementor-widget-text-editor\" data-id=\"cd6d307\" data-element_type=\"widget\" data-widget_type=\"text-editor.default\">\n\t\t\t\t\t\t\t\t\t<p style=\"text-align: center;\"><strong>Comment RECHARGER \u00e9nerg\u00e9tiquement vos pierres ?<\/strong><br \/>Une fois purifi\u00e9es, il est n\u00e9cessaire de recharger vos bijoux et vos cristaux.<\/p><p><span style=\"word-spacing: var( --e-global-typography-text-word-spacing ); text-align: var(--text-align);\">Vous pouvez utiliser plusieurs m\u00e9thodes tr\u00e8s simples pour cela :<\/span><\/p><ul><li>Les d\u00e9poser, chaque fois que vous ne les utilisez pas, pr\u00e8s ou sur une <strong>g\u00e9ode de cristal de roche<\/strong> (le cristal de roche amplifie les \u00e9nergies des autres pierres et les recharge naturellement) ou <strong>g\u00e9ode d&rsquo;am\u00e9thyste<\/strong> .<\/li><li>Les d\u00e9poser sur une plaque, un bol ou une <strong>g\u00e9ode en s\u00e9l\u00e9nite<\/strong> (vertus autonettoyantes)<\/li><li>Les d\u00e9poser sur <strong>une fleur de vie<\/strong> (en bois ou en s\u00e9l\u00e9nite): La fleur de vie est une image g\u00e9om\u00e9triquement parfaite et souvent consid\u00e9r\u00e9e comme sacr\u00e9e, elle est capable de nombreux bienfaits gr\u00e2ce \u00e0 sa force vibratoire et \u00e9nerg\u00e9tique.<\/li><\/ul><p>Utiliser une fleur de vie vous permettra de recharger vos pierres, d\u2019harmoniser les \u00e9nergies, de purifier une pi\u00e8ce.<\/p>\t\t\t\t\t\t\t\t<\/div>\n\t\t\t\t\t<\/div>\n\t\t\t\t<\/div>\n\t\t\t\t<\/div>\n\t\t","protected":false},"excerpt":{"rendered":"<p>Conseils et entretien L&rsquo; acier inoxydableL&rsquo;acier inoxydable est r\u00e9put\u00e9 pour sa durabilit\u00e9 et sa r\u00e9sistance \u00e0 la corrosion, mais quelques pr\u00e9cautions permettent de le maintenir en parfait \u00e9tat : Utilisez un chiffon doux et propre, l\u00e9g\u00e8rement humide avec de l&rsquo;eau ti\u00e8de et un peu de savon doux si n\u00e9cessaire. Rincez \u00e0 l&rsquo;eau claire et s\u00e9chez [&hellip;]<\/p>\n","protected":false},"author":1,"featured_media":0,"parent":0,"menu_order":0,"comment_status":"closed","ping_status":"closed","template":"","meta":{"footnotes":""},"class_list":["post-1286","page","type-page","status-publish","hentry"],"jetpack_sharing_enabled":true,"_links":{"self":[{"href":"https:\/\/www.elleetstone.be\/index.php\/wp-json\/wp\/v2\/pages\/1286","targetHints":{"allow":["GET"]}}],"collection":[{"href":"https:\/\/www.elleetstone.be\/index.php\/wp-json\/wp\/v2\/pages"}],"about":[{"href":"https:\/\/www.elleetstone.be\/index.php\/wp-json\/wp\/v2\/types\/page"}],"author":[{"embeddable":true,"href":"https:\/\/www.elleetstone.be\/index.php\/wp-json\/wp\/v2\/users\/1"}],"replies":[{"embeddable":true,"href":"https:\/\/www.elleetstone.be\/index.php\/wp-json\/wp\/v2\/comments?post=1286"}],"version-history":[{"count":50,"href":"https:\/\/www.elleetstone.be\/index.php\/wp-json\/wp\/v2\/pages\/1286\/revisions"}],"predecessor-version":[{"id":2439,"href":"https:\/\/www.elleetstone.be\/index.php\/wp-json\/wp\/v2\/pages\/1286\/revisions\/2439"}],"wp:attachment":[{"href":"https:\/\/www.elleetstone.be\/index.php\/wp-json\/wp\/v2\/media?parent=1286"}],"curies":[{"name":"wp","href":"https:\/\/api.w.org\/{rel}","templated":true}]}}